{"id":1160,"date":"2020-06-16T18:53:48","date_gmt":"2020-06-16T21:53:48","guid":{"rendered":"https:\/\/biketur.cl\/shop\/?page_id=1160"},"modified":"2022-04-21T09:52:18","modified_gmt":"2022-04-21T12:52:18","slug":"contactanos","status":"publish","type":"page","link":"https:\/\/biketur.cl\/shop\/contactanos\/","title":{"rendered":""},"content":{"rendered":"\n<h3 class=\"wp-block-heading\">DATOS DE CONTACTO<\/h3>\n\n\n\n<p>Tel\u00e9fonos:<br><a href=\"tel:+56223718749\">+56 9 9789 9965<\/a>   <\/p>\n\n\n\n<p>E-Mail:<br><a href=\"mailto:ventas@bikecenter.cl\">ventas@biketur.cl<\/a><\/p>\n\n\n\n<p>Lo Barnechea, Santiago  &#8211; Chile<\/p>\n\n\n\n<h3 class=\"wp-block-heading\">HORARIO DE ATENCI\u00d3N<\/h3>\n\n\n\n<p>Lunes a Viernes de 10:00 a 20:00 hrs.<br>S\u00e1bados de 10:00 a 16:00 hrs.<\/p>\n\n\n\n<figure class=\"wp-block-image size-full is-style-default\"><a href=\"https:\/\/api.whatsapp.com\/send\/?phone=56997899965&amp;text=Consulta+desde+BiketurShop&amp;app_absent=0\"><img fetchpriority=\"high\" decoding=\"async\" width=\"377\" height=\"134\" src=\"https:\/\/biketur.cl\/shop\/wp-content\/uploads\/2022\/04\/descarga.png\" alt=\"\" class=\"wp-image-4674\" srcset=\"https:\/\/biketur.cl\/shop\/wp-content\/uploads\/2022\/04\/descarga.png 377w, https:\/\/biketur.cl\/shop\/wp-content\/uploads\/2022\/04\/descarga-300x107.png 300w\" sizes=\"(max-width: 377px) 100vw, 377px\" \/><\/a><\/figure>\n\n\n\n<p><a href=\"https:\/\/api.whatsapp.com\/send\/?phone=56997899965&amp;text=Consulta+desde+BiketurShop&amp;app_absent=0\" target=\"_blank\" rel=\"noreferrer noopener nofollow\">Consultas por WhatsApp: Todos los d\u00edas del a\u00f1o <\/a> <\/p>\n","protected":false},"excerpt":{"rendered":"<p>DATOS DE CONTACTO Tel\u00e9fonos:+56 9 9789 9965 E-Mail:ventas@biketur.cl Lo Barnechea, Santiago &#8211; Chile HORARIO DE ATENCI\u00d3N Lunes a Viernes de 10:00 a 20:00 hrs.S\u00e1bados de 10:00 a 16:00 hrs. Consultas por WhatsApp: Todos los d\u00edas del a\u00f1o<\/p>\n","protected":false},"author":1,"featured_media":0,"parent":0,"menu_order":0,"comment_status":"closed","ping_status":"closed","template":"","meta":{"footnotes":""},"class_list":["post-1160","page","type-page","status-publish","hentry"],"yoast_head":"<!-- This site is optimized with the Yoast SEO plugin v27.4 - https:\/\/yoast.com\/product\/yoast-seo-wordpress\/ -->\n<title>- Tienda de Bicicletas<\/title>\n<meta name=\"robots\" content=\"index, follow, max-snippet:-1, max-image-preview:large, max-video-preview:-1\" \/>\n<link rel=\"canonical\" href=\"https:\/\/biketur.cl\/shop\/contactanos\/\" \/>\n<meta property=\"og:locale\" content=\"es_ES\" \/>\n<meta property=\"og:type\" content=\"article\" \/>\n<meta property=\"og:title\" content=\"- Tienda de Bicicletas\" \/>\n<meta property=\"og:description\" content=\"DATOS DE CONTACTO Tel\u00e9fonos:+56 9 9789 9965 E-Mail:ventas@biketur.cl Lo Barnechea, Santiago &#8211; Chile HORARIO DE ATENCI\u00d3N Lunes a Viernes de 10:00 a 20:00 hrs.S\u00e1bados de 10:00 a 16:00 hrs. Consultas por WhatsApp: Todos los d\u00edas del a\u00f1o\" \/>\n<meta property=\"og:url\" content=\"https:\/\/biketur.cl\/shop\/contactanos\/\" \/>\n<meta property=\"og:site_name\" content=\"Tienda de Bicicletas\" \/>\n<meta property=\"article:modified_time\" content=\"2022-04-21T12:52:18+00:00\" \/>\n<meta property=\"og:image\" content=\"https:\/\/biketur.cl\/shop\/wp-content\/uploads\/2022\/04\/descarga.png\" \/>\n<meta name=\"twitter:card\" content=\"summary_large_image\" \/>\n<meta name=\"twitter:label1\" content=\"Tiempo de lectura\" \/>\n\t<meta name=\"twitter:data1\" content=\"1 minuto\" \/>\n<script type=\"application\/ld+json\" class=\"yoast-schema-graph\">{\"@context\":\"https:\\\/\\\/schema.org\",\"@graph\":[{\"@type\":\"WebPage\",\"@id\":\"https:\\\/\\\/biketur.cl\\\/shop\\\/contactanos\\\/\",\"url\":\"https:\\\/\\\/biketur.cl\\\/shop\\\/contactanos\\\/\",\"name\":\"- Tienda de Bicicletas\",\"isPartOf\":{\"@id\":\"https:\\\/\\\/biketur.cl\\\/shop\\\/#website\"},\"primaryImageOfPage\":{\"@id\":\"https:\\\/\\\/biketur.cl\\\/shop\\\/contactanos\\\/#primaryimage\"},\"image\":{\"@id\":\"https:\\\/\\\/biketur.cl\\\/shop\\\/contactanos\\\/#primaryimage\"},\"thumbnailUrl\":\"https:\\\/\\\/biketur.cl\\\/shop\\\/wp-content\\\/uploads\\\/2022\\\/04\\\/descarga.png\",\"datePublished\":\"2020-06-16T21:53:48+00:00\",\"dateModified\":\"2022-04-21T12:52:18+00:00\",\"inLanguage\":\"es\",\"potentialAction\":[{\"@type\":\"ReadAction\",\"target\":[\"https:\\\/\\\/biketur.cl\\\/shop\\\/contactanos\\\/\"]}]},{\"@type\":\"ImageObject\",\"inLanguage\":\"es\",\"@id\":\"https:\\\/\\\/biketur.cl\\\/shop\\\/contactanos\\\/#primaryimage\",\"url\":\"https:\\\/\\\/biketur.cl\\\/shop\\\/wp-content\\\/uploads\\\/2022\\\/04\\\/descarga.png\",\"contentUrl\":\"https:\\\/\\\/biketur.cl\\\/shop\\\/wp-content\\\/uploads\\\/2022\\\/04\\\/descarga.png\",\"width\":377,\"height\":134},{\"@type\":\"WebSite\",\"@id\":\"https:\\\/\\\/biketur.cl\\\/shop\\\/#website\",\"url\":\"https:\\\/\\\/biketur.cl\\\/shop\\\/\",\"name\":\"Tienda de Bicicletas\",\"description\":\"| Monta\u00f1a - Ruta - Urbanas |\",\"publisher\":{\"@id\":\"https:\\\/\\\/biketur.cl\\\/shop\\\/#organization\"},\"potentialAction\":[{\"@type\":\"SearchAction\",\"target\":{\"@type\":\"EntryPoint\",\"urlTemplate\":\"https:\\\/\\\/biketur.cl\\\/shop\\\/?s={search_term_string}\"},\"query-input\":{\"@type\":\"PropertyValueSpecification\",\"valueRequired\":true,\"valueName\":\"search_term_string\"}}],\"inLanguage\":\"es\"},{\"@type\":\"Organization\",\"@id\":\"https:\\\/\\\/biketur.cl\\\/shop\\\/#organization\",\"name\":\"Tienda de Bicicletas\",\"url\":\"https:\\\/\\\/biketur.cl\\\/shop\\\/\",\"logo\":{\"@type\":\"ImageObject\",\"inLanguage\":\"es\",\"@id\":\"https:\\\/\\\/biketur.cl\\\/shop\\\/#\\\/schema\\\/logo\\\/image\\\/\",\"url\":\"https:\\\/\\\/biketur.cl\\\/shop\\\/wp-content\\\/uploads\\\/2021\\\/05\\\/cropped-logo-web-Biketur-shop.png\",\"contentUrl\":\"https:\\\/\\\/biketur.cl\\\/shop\\\/wp-content\\\/uploads\\\/2021\\\/05\\\/cropped-logo-web-Biketur-shop.png\",\"width\":500,\"height\":270,\"caption\":\"Tienda de Bicicletas\"},\"image\":{\"@id\":\"https:\\\/\\\/biketur.cl\\\/shop\\\/#\\\/schema\\\/logo\\\/image\\\/\"}}]}<\/script>\n<!-- \/ Yoast SEO plugin. -->","yoast_head_json":{"title":"- Tienda de Bicicletas","robots":{"index":"index","follow":"follow","max-snippet":"max-snippet:-1","max-image-preview":"max-image-preview:large","max-video-preview":"max-video-preview:-1"},"canonical":"https:\/\/biketur.cl\/shop\/contactanos\/","og_locale":"es_ES","og_type":"article","og_title":"- Tienda de Bicicletas","og_description":"DATOS DE CONTACTO Tel\u00e9fonos:+56 9 9789 9965 E-Mail:ventas@biketur.cl Lo Barnechea, Santiago &#8211; Chile HORARIO DE ATENCI\u00d3N Lunes a Viernes de 10:00 a 20:00 hrs.S\u00e1bados de 10:00 a 16:00 hrs. Consultas por WhatsApp: Todos los d\u00edas del a\u00f1o","og_url":"https:\/\/biketur.cl\/shop\/contactanos\/","og_site_name":"Tienda de Bicicletas","article_modified_time":"2022-04-21T12:52:18+00:00","og_image":[{"url":"https:\/\/biketur.cl\/shop\/wp-content\/uploads\/2022\/04\/descarga.png","type":"","width":"","height":""}],"twitter_card":"summary_large_image","twitter_misc":{"Tiempo de lectura":"1 minuto"},"schema":{"@context":"https:\/\/schema.org","@graph":[{"@type":"WebPage","@id":"https:\/\/biketur.cl\/shop\/contactanos\/","url":"https:\/\/biketur.cl\/shop\/contactanos\/","name":"- Tienda de Bicicletas","isPartOf":{"@id":"https:\/\/biketur.cl\/shop\/#website"},"primaryImageOfPage":{"@id":"https:\/\/biketur.cl\/shop\/contactanos\/#primaryimage"},"image":{"@id":"https:\/\/biketur.cl\/shop\/contactanos\/#primaryimage"},"thumbnailUrl":"https:\/\/biketur.cl\/shop\/wp-content\/uploads\/2022\/04\/descarga.png","datePublished":"2020-06-16T21:53:48+00:00","dateModified":"2022-04-21T12:52:18+00:00","inLanguage":"es","potentialAction":[{"@type":"ReadAction","target":["https:\/\/biketur.cl\/shop\/contactanos\/"]}]},{"@type":"ImageObject","inLanguage":"es","@id":"https:\/\/biketur.cl\/shop\/contactanos\/#primaryimage","url":"https:\/\/biketur.cl\/shop\/wp-content\/uploads\/2022\/04\/descarga.png","contentUrl":"https:\/\/biketur.cl\/shop\/wp-content\/uploads\/2022\/04\/descarga.png","width":377,"height":134},{"@type":"WebSite","@id":"https:\/\/biketur.cl\/shop\/#website","url":"https:\/\/biketur.cl\/shop\/","name":"Tienda de Bicicletas","description":"| Monta\u00f1a - Ruta - Urbanas |","publisher":{"@id":"https:\/\/biketur.cl\/shop\/#organization"},"potentialAction":[{"@type":"SearchAction","target":{"@type":"EntryPoint","urlTemplate":"https:\/\/biketur.cl\/shop\/?s={search_term_string}"},"query-input":{"@type":"PropertyValueSpecification","valueRequired":true,"valueName":"search_term_string"}}],"inLanguage":"es"},{"@type":"Organization","@id":"https:\/\/biketur.cl\/shop\/#organization","name":"Tienda de Bicicletas","url":"https:\/\/biketur.cl\/shop\/","logo":{"@type":"ImageObject","inLanguage":"es","@id":"https:\/\/biketur.cl\/shop\/#\/schema\/logo\/image\/","url":"https:\/\/biketur.cl\/shop\/wp-content\/uploads\/2021\/05\/cropped-logo-web-Biketur-shop.png","contentUrl":"https:\/\/biketur.cl\/shop\/wp-content\/uploads\/2021\/05\/cropped-logo-web-Biketur-shop.png","width":500,"height":270,"caption":"Tienda de Bicicletas"},"image":{"@id":"https:\/\/biketur.cl\/shop\/#\/schema\/logo\/image\/"}}]}},"rttpg_featured_image_url":null,"rttpg_author":{"display_name":"biketur.cl","author_link":"https:\/\/biketur.cl\/shop\/author\/cbi25284_turbike\/"},"rttpg_comment":0,"rttpg_category":null,"rttpg_excerpt":"DATOS DE CONTACTO Tel\u00e9fonos:+56 9 9789 9965 E-Mail:ventas@biketur.cl Lo Barnechea, Santiago &#8211; Chile HORARIO DE ATENCI\u00d3N Lunes a Viernes de 10:00 a 20:00 hrs.S\u00e1bados de 10:00 a 16:00 hrs. Consultas por WhatsApp: Todos los d\u00edas del a\u00f1o","_links":{"self":[{"href":"https:\/\/biketur.cl\/shop\/wp-json\/wp\/v2\/pages\/1160","targetHints":{"allow":["GET"]}}],"collection":[{"href":"https:\/\/biketur.cl\/shop\/wp-json\/wp\/v2\/pages"}],"about":[{"href":"https:\/\/biketur.cl\/shop\/wp-json\/wp\/v2\/types\/page"}],"author":[{"embeddable":true,"href":"https:\/\/biketur.cl\/shop\/wp-json\/wp\/v2\/users\/1"}],"replies":[{"embeddable":true,"href":"https:\/\/biketur.cl\/shop\/wp-json\/wp\/v2\/comments?post=1160"}],"version-history":[{"count":11,"href":"https:\/\/biketur.cl\/shop\/wp-json\/wp\/v2\/pages\/1160\/revisions"}],"predecessor-version":[{"id":4675,"href":"https:\/\/biketur.cl\/shop\/wp-json\/wp\/v2\/pages\/1160\/revisions\/4675"}],"wp:attachment":[{"href":"https:\/\/biketur.cl\/shop\/wp-json\/wp\/v2\/media?parent=1160"}],"curies":[{"name":"wp","href":"https:\/\/api.w.org\/{rel}","templated":true}]}}