{"id":1235,"date":"2020-06-18T22:02:44","date_gmt":"2020-06-19T01:02:44","guid":{"rendered":"https:\/\/biketur.cl\/shop\/?post_type=product&#038;p=1235"},"modified":"2021-05-27T17:21:45","modified_gmt":"2021-05-27T20:21:45","slug":"cadena-shimano-deore-alfine-cn-hg93-9v","status":"publish","type":"product","link":"https:\/\/biketur.cl\/shop\/producto\/cadena-shimano-deore-alfine-cn-hg93-9v\/","title":{"rendered":"Cadena Shimano Deore Alfine Cn-Hg93 9v"},"content":{"rendered":"","protected":false},"excerpt":{"rendered":"<p><strong>Cadena De Cambio 9v. Shimano Cn-Hg93 Xt<\/strong><\/p>\n<p>Su construcci\u00f3n de precisi\u00f3n mantiene la fuerza, fiabilidad y rendimiento del cambio con pi\u00f1ones de 9 velocidades m\u00e1s estrechos.<\/p>\n<ul>\n<li>Cadena Mega9 &#8211; Hyperglide super estrecha (HG).<\/li>\n<li>Recomendada para actuales transmisiones Ultegra, Deore XT y Nexave C900\/C600.<\/li>\n<li>Pasadores de eslab\u00f3n revestidos con aleaci\u00f3n de zinc para una superior resistencia a la corrosi\u00f3n.<\/li>\n<li>Placa del eslab\u00f3n de rodillos gris.<\/li>\n<li>Pasador del eslab\u00f3n con tratamiento Chromising.<\/li>\n<li>Peso promedio 304 g (114 eslabones).<\/li>\n<\/ul>\n","protected":false},"featured_media":1236,"comment_status":"closed","ping_status":"closed","template":"","meta":[],"pwb-brand":[112],"product_brand":[],"product_cat":[65],"product_tag":[],"class_list":{"0":"post-1235","1":"product","2":"type-product","3":"status-publish","4":"has-post-thumbnail","6":"pwb-brand-shimano","7":"product_cat-cadenas-pinones-volantes","9":"first","10":"outofstock","11":"taxable","12":"shipping-taxable","13":"purchasable","14":"product-type-simple"},"yoast_head":"<!-- This site is optimized with the Yoast SEO plugin v27.5 - https:\/\/yoast.com\/product\/yoast-seo-wordpress\/ -->\n<title>Cadena Shimano Deore Alfine Cn-Hg93 9v - Tienda de Bicicletas<\/title>\n<meta name=\"robots\" content=\"index, follow, max-snippet:-1, max-image-preview:large, max-video-preview:-1\" \/>\n<link rel=\"canonical\" href=\"https:\/\/biketur.cl\/shop\/producto\/cadena-shimano-deore-alfine-cn-hg93-9v\/\" \/>\n<meta property=\"og:locale\" content=\"es_ES\" \/>\n<meta property=\"og:type\" content=\"article\" \/>\n<meta property=\"og:title\" content=\"Cadena Shimano Deore Alfine Cn-Hg93 9v - Tienda de Bicicletas\" \/>\n<meta property=\"og:description\" content=\"Cadena De Cambio 9v. Shimano Cn-Hg93 Xt  Su construcci\u00f3n de precisi\u00f3n mantiene la fuerza, fiabilidad y rendimiento del cambio con pi\u00f1ones de 9 velocidades m\u00e1s estrechos.   Cadena Mega9 - Hyperglide super estrecha (HG).  Recomendada para actuales transmisiones Ultegra, Deore XT y Nexave C900\/C600.  Pasadores de eslab\u00f3n revestidos con aleaci\u00f3n de zinc para una superior resistencia a la corrosi\u00f3n.  Placa del eslab\u00f3n de rodillos gris.  Pasador del eslab\u00f3n con tratamiento Chromising.  Peso promedio 304 g (114 eslabones).\" \/>\n<meta property=\"og:url\" content=\"https:\/\/biketur.cl\/shop\/producto\/cadena-shimano-deore-alfine-cn-hg93-9v\/\" \/>\n<meta property=\"og:site_name\" content=\"Tienda de Bicicletas\" \/>\n<meta property=\"article:modified_time\" content=\"2021-05-27T20:21:45+00:00\" \/>\n<meta property=\"og:image\" content=\"https:\/\/biketur.cl\/shop\/wp-content\/uploads\/2020\/06\/timthumb-1.jpg\" \/>\n\t<meta property=\"og:image:width\" content=\"1500\" \/>\n\t<meta property=\"og:image:height\" content=\"1500\" \/>\n\t<meta property=\"og:image:type\" content=\"image\/jpeg\" \/>\n<meta name=\"twitter:card\" content=\"summary_large_image\" \/>\n<script type=\"application\/ld+json\" class=\"yoast-schema-graph\">{\"@context\":\"https:\\\/\\\/schema.org\",\"@graph\":[{\"@type\":\"WebPage\",\"@id\":\"https:\\\/\\\/biketur.cl\\\/shop\\\/producto\\\/cadena-shimano-deore-alfine-cn-hg93-9v\\\/\",\"url\":\"https:\\\/\\\/biketur.cl\\\/shop\\\/producto\\\/cadena-shimano-deore-alfine-cn-hg93-9v\\\/\",\"name\":\"Cadena Shimano Deore Alfine Cn-Hg93 9v - Tienda de Bicicletas\",\"isPartOf\":{\"@id\":\"https:\\\/\\\/biketur.cl\\\/shop\\\/#website\"},\"primaryImageOfPage\":{\"@id\":\"https:\\\/\\\/biketur.cl\\\/shop\\\/producto\\\/cadena-shimano-deore-alfine-cn-hg93-9v\\\/#primaryimage\"},\"image\":{\"@id\":\"https:\\\/\\\/biketur.cl\\\/shop\\\/producto\\\/cadena-shimano-deore-alfine-cn-hg93-9v\\\/#primaryimage\"},\"thumbnailUrl\":\"https:\\\/\\\/biketur.cl\\\/shop\\\/wp-content\\\/uploads\\\/2020\\\/06\\\/timthumb-1.jpg\",\"datePublished\":\"2020-06-19T01:02:44+00:00\",\"dateModified\":\"2021-05-27T20:21:45+00:00\",\"breadcrumb\":{\"@id\":\"https:\\\/\\\/biketur.cl\\\/shop\\\/producto\\\/cadena-shimano-deore-alfine-cn-hg93-9v\\\/#breadcrumb\"},\"inLanguage\":\"es\",\"potentialAction\":[{\"@type\":\"ReadAction\",\"target\":[\"https:\\\/\\\/biketur.cl\\\/shop\\\/producto\\\/cadena-shimano-deore-alfine-cn-hg93-9v\\\/\"]}]},{\"@type\":\"ImageObject\",\"inLanguage\":\"es\",\"@id\":\"https:\\\/\\\/biketur.cl\\\/shop\\\/producto\\\/cadena-shimano-deore-alfine-cn-hg93-9v\\\/#primaryimage\",\"url\":\"https:\\\/\\\/biketur.cl\\\/shop\\\/wp-content\\\/uploads\\\/2020\\\/06\\\/timthumb-1.jpg\",\"contentUrl\":\"https:\\\/\\\/biketur.cl\\\/shop\\\/wp-content\\\/uploads\\\/2020\\\/06\\\/timthumb-1.jpg\",\"width\":1500,\"height\":1500},{\"@type\":\"BreadcrumbList\",\"@id\":\"https:\\\/\\\/biketur.cl\\\/shop\\\/producto\\\/cadena-shimano-deore-alfine-cn-hg93-9v\\\/#breadcrumb\",\"itemListElement\":[{\"@type\":\"ListItem\",\"position\":1,\"name\":\"Portada\",\"item\":\"https:\\\/\\\/biketur.cl\\\/shop\\\/\"},{\"@type\":\"ListItem\",\"position\":2,\"name\":\"Tienda\",\"item\":\"https:\\\/\\\/biketur.cl\\\/shop\\\/tienda\\\/\"},{\"@type\":\"ListItem\",\"position\":3,\"name\":\"Cadena Shimano Deore Alfine Cn-Hg93 9v\"}]},{\"@type\":\"WebSite\",\"@id\":\"https:\\\/\\\/biketur.cl\\\/shop\\\/#website\",\"url\":\"https:\\\/\\\/biketur.cl\\\/shop\\\/\",\"name\":\"Tienda de Bicicletas\",\"description\":\"| Monta\u00f1a - Ruta - Urbanas |\",\"publisher\":{\"@id\":\"https:\\\/\\\/biketur.cl\\\/shop\\\/#organization\"},\"potentialAction\":[{\"@type\":\"SearchAction\",\"target\":{\"@type\":\"EntryPoint\",\"urlTemplate\":\"https:\\\/\\\/biketur.cl\\\/shop\\\/?s={search_term_string}\"},\"query-input\":{\"@type\":\"PropertyValueSpecification\",\"valueRequired\":true,\"valueName\":\"search_term_string\"}}],\"inLanguage\":\"es\"},{\"@type\":\"Organization\",\"@id\":\"https:\\\/\\\/biketur.cl\\\/shop\\\/#organization\",\"name\":\"Tienda de Bicicletas\",\"url\":\"https:\\\/\\\/biketur.cl\\\/shop\\\/\",\"logo\":{\"@type\":\"ImageObject\",\"inLanguage\":\"es\",\"@id\":\"https:\\\/\\\/biketur.cl\\\/shop\\\/#\\\/schema\\\/logo\\\/image\\\/\",\"url\":\"https:\\\/\\\/biketur.cl\\\/shop\\\/wp-content\\\/uploads\\\/2021\\\/05\\\/cropped-logo-web-Biketur-shop.png\",\"contentUrl\":\"https:\\\/\\\/biketur.cl\\\/shop\\\/wp-content\\\/uploads\\\/2021\\\/05\\\/cropped-logo-web-Biketur-shop.png\",\"width\":500,\"height\":270,\"caption\":\"Tienda de Bicicletas\"},\"image\":{\"@id\":\"https:\\\/\\\/biketur.cl\\\/shop\\\/#\\\/schema\\\/logo\\\/image\\\/\"}}]}<\/script>\n<!-- \/ Yoast SEO plugin. -->","yoast_head_json":{"title":"Cadena Shimano Deore Alfine Cn-Hg93 9v - Tienda de Bicicletas","robots":{"index":"index","follow":"follow","max-snippet":"max-snippet:-1","max-image-preview":"max-image-preview:large","max-video-preview":"max-video-preview:-1"},"canonical":"https:\/\/biketur.cl\/shop\/producto\/cadena-shimano-deore-alfine-cn-hg93-9v\/","og_locale":"es_ES","og_type":"article","og_title":"Cadena Shimano Deore Alfine Cn-Hg93 9v - Tienda de Bicicletas","og_description":"Cadena De Cambio 9v. Shimano Cn-Hg93 Xt  Su construcci\u00f3n de precisi\u00f3n mantiene la fuerza, fiabilidad y rendimiento del cambio con pi\u00f1ones de 9 velocidades m\u00e1s estrechos.   Cadena Mega9 - Hyperglide super estrecha (HG).  Recomendada para actuales transmisiones Ultegra, Deore XT y Nexave C900\/C600.  Pasadores de eslab\u00f3n revestidos con aleaci\u00f3n de zinc para una superior resistencia a la corrosi\u00f3n.  Placa del eslab\u00f3n de rodillos gris.  Pasador del eslab\u00f3n con tratamiento Chromising.  Peso promedio 304 g (114 eslabones).","og_url":"https:\/\/biketur.cl\/shop\/producto\/cadena-shimano-deore-alfine-cn-hg93-9v\/","og_site_name":"Tienda de Bicicletas","article_modified_time":"2021-05-27T20:21:45+00:00","og_image":[{"width":1500,"height":1500,"url":"https:\/\/biketur.cl\/shop\/wp-content\/uploads\/2020\/06\/timthumb-1.jpg","type":"image\/jpeg"}],"twitter_card":"summary_large_image","schema":{"@context":"https:\/\/schema.org","@graph":[{"@type":"WebPage","@id":"https:\/\/biketur.cl\/shop\/producto\/cadena-shimano-deore-alfine-cn-hg93-9v\/","url":"https:\/\/biketur.cl\/shop\/producto\/cadena-shimano-deore-alfine-cn-hg93-9v\/","name":"Cadena Shimano Deore Alfine Cn-Hg93 9v - Tienda de Bicicletas","isPartOf":{"@id":"https:\/\/biketur.cl\/shop\/#website"},"primaryImageOfPage":{"@id":"https:\/\/biketur.cl\/shop\/producto\/cadena-shimano-deore-alfine-cn-hg93-9v\/#primaryimage"},"image":{"@id":"https:\/\/biketur.cl\/shop\/producto\/cadena-shimano-deore-alfine-cn-hg93-9v\/#primaryimage"},"thumbnailUrl":"https:\/\/biketur.cl\/shop\/wp-content\/uploads\/2020\/06\/timthumb-1.jpg","datePublished":"2020-06-19T01:02:44+00:00","dateModified":"2021-05-27T20:21:45+00:00","breadcrumb":{"@id":"https:\/\/biketur.cl\/shop\/producto\/cadena-shimano-deore-alfine-cn-hg93-9v\/#breadcrumb"},"inLanguage":"es","potentialAction":[{"@type":"ReadAction","target":["https:\/\/biketur.cl\/shop\/producto\/cadena-shimano-deore-alfine-cn-hg93-9v\/"]}]},{"@type":"ImageObject","inLanguage":"es","@id":"https:\/\/biketur.cl\/shop\/producto\/cadena-shimano-deore-alfine-cn-hg93-9v\/#primaryimage","url":"https:\/\/biketur.cl\/shop\/wp-content\/uploads\/2020\/06\/timthumb-1.jpg","contentUrl":"https:\/\/biketur.cl\/shop\/wp-content\/uploads\/2020\/06\/timthumb-1.jpg","width":1500,"height":1500},{"@type":"BreadcrumbList","@id":"https:\/\/biketur.cl\/shop\/producto\/cadena-shimano-deore-alfine-cn-hg93-9v\/#breadcrumb","itemListElement":[{"@type":"ListItem","position":1,"name":"Portada","item":"https:\/\/biketur.cl\/shop\/"},{"@type":"ListItem","position":2,"name":"Tienda","item":"https:\/\/biketur.cl\/shop\/tienda\/"},{"@type":"ListItem","position":3,"name":"Cadena Shimano Deore Alfine Cn-Hg93 9v"}]},{"@type":"WebSite","@id":"https:\/\/biketur.cl\/shop\/#website","url":"https:\/\/biketur.cl\/shop\/","name":"Tienda de Bicicletas","description":"| Monta\u00f1a - Ruta - Urbanas |","publisher":{"@id":"https:\/\/biketur.cl\/shop\/#organization"},"potentialAction":[{"@type":"SearchAction","target":{"@type":"EntryPoint","urlTemplate":"https:\/\/biketur.cl\/shop\/?s={search_term_string}"},"query-input":{"@type":"PropertyValueSpecification","valueRequired":true,"valueName":"search_term_string"}}],"inLanguage":"es"},{"@type":"Organization","@id":"https:\/\/biketur.cl\/shop\/#organization","name":"Tienda de Bicicletas","url":"https:\/\/biketur.cl\/shop\/","logo":{"@type":"ImageObject","inLanguage":"es","@id":"https:\/\/biketur.cl\/shop\/#\/schema\/logo\/image\/","url":"https:\/\/biketur.cl\/shop\/wp-content\/uploads\/2021\/05\/cropped-logo-web-Biketur-shop.png","contentUrl":"https:\/\/biketur.cl\/shop\/wp-content\/uploads\/2021\/05\/cropped-logo-web-Biketur-shop.png","width":500,"height":270,"caption":"Tienda de Bicicletas"},"image":{"@id":"https:\/\/biketur.cl\/shop\/#\/schema\/logo\/image\/"}}]}},"brands":[{"id":112,"name":"SHIMANO","slug":"shimano"}],"_links":{"self":[{"href":"https:\/\/biketur.cl\/shop\/wp-json\/wp\/v2\/product\/1235","targetHints":{"allow":["GET"]}}],"collection":[{"href":"https:\/\/biketur.cl\/shop\/wp-json\/wp\/v2\/product"}],"about":[{"href":"https:\/\/biketur.cl\/shop\/wp-json\/wp\/v2\/types\/product"}],"replies":[{"embeddable":true,"href":"https:\/\/biketur.cl\/shop\/wp-json\/wp\/v2\/comments?post=1235"}],"wp:featuredmedia":[{"embeddable":true,"href":"https:\/\/biketur.cl\/shop\/wp-json\/wp\/v2\/media\/1236"}],"wp:attachment":[{"href":"https:\/\/biketur.cl\/shop\/wp-json\/wp\/v2\/media?parent=1235"}],"wp:term":[{"taxonomy":"pwb-brand","embeddable":true,"href":"https:\/\/biketur.cl\/shop\/wp-json\/wp\/v2\/pwb-brand?post=1235"},{"taxonomy":"product_brand","embeddable":true,"href":"https:\/\/biketur.cl\/shop\/wp-json\/wp\/v2\/product_brand?post=1235"},{"taxonomy":"product_cat","embeddable":true,"href":"https:\/\/biketur.cl\/shop\/wp-json\/wp\/v2\/product_cat?post=1235"},{"taxonomy":"product_tag","embeddable":true,"href":"https:\/\/biketur.cl\/shop\/wp-json\/wp\/v2\/product_tag?post=1235"}],"curies":[{"name":"wp","href":"https:\/\/api.w.org\/{rel}","templated":true}]}}