{"id":1244,"date":"2020-06-18T22:10:36","date_gmt":"2020-06-19T01:10:36","guid":{"rendered":"https:\/\/biketur.cl\/shop\/?post_type=product&#038;p=1244"},"modified":"2021-05-27T17:21:14","modified_gmt":"2021-05-27T20:21:14","slug":"cadena-shimano-ultegra-cn-6701-10v-116l","status":"publish","type":"product","link":"https:\/\/biketur.cl\/shop\/producto\/cadena-shimano-ultegra-cn-6701-10v-116l\/","title":{"rendered":"Cadena Shimano Ultegra Cn-6701 10v. (116l)"},"content":{"rendered":"","protected":false},"excerpt":{"rendered":"<p><strong>Cadena De Cambio10v. Shimano Cn-6701 Ultegra 10v. Ultegra<\/strong><\/p>\n<p>Esp\u00edritu del deporte, la nueva Ultegra nace para realizar un deporte de carretera suave y agresiva, heredando el rendimiento de una nueva generaci\u00f3n.<br \/>\n\u00abHOLLOWGLIDE\u00bb; la nueva cadena se adapta a un rendimiento de desplazamiento avanzado.<\/p>\n<ul>\n<li>Placas interiores y exteriores redise\u00f1adas<\/li>\n<li>Nueva forma de placa exterior<\/li>\n<li>Nueva forma de placa interior para un cambio trasero m\u00e1s suave<\/li>\n<li>Construcci\u00f3n de prensa mejorada para un cambio estable<\/li>\n<li>Caracter\u00edsticas de la Cadena de 10 velocidades Shimano Ultegra 6701:<\/li>\n<li>N\u00famero de modelo: CN-6701<\/li>\n<li>Serie: Ultegra<\/li>\n<li>Tipo de cadena: S\u00faper estrecha HG para 10 velocidades<\/li>\n<li>Compatibilidad de pi\u00f1ones: 10 velocidades<\/li>\n<li>Rodillos de placa de eslab\u00f3n: Grey<\/li>\n<li>114 eslabones<\/li>\n<\/ul>\n","protected":false},"featured_media":1245,"comment_status":"closed","ping_status":"closed","template":"","meta":[],"pwb-brand":[112],"product_brand":[],"product_cat":[65],"product_tag":[],"class_list":{"0":"post-1244","1":"product","2":"type-product","3":"status-publish","4":"has-post-thumbnail","6":"pwb-brand-shimano","7":"product_cat-cadenas-pinones-volantes","9":"first","10":"outofstock","11":"taxable","12":"shipping-taxable","13":"purchasable","14":"product-type-simple"},"yoast_head":"<!-- This site is optimized with the Yoast SEO plugin v27.5 - https:\/\/yoast.com\/product\/yoast-seo-wordpress\/ -->\n<title>Cadena Shimano Ultegra Cn-6701 10v. (116l) - Tienda de Bicicletas<\/title>\n<meta name=\"robots\" content=\"index, follow, max-snippet:-1, max-image-preview:large, max-video-preview:-1\" \/>\n<link rel=\"canonical\" href=\"https:\/\/biketur.cl\/shop\/producto\/cadena-shimano-ultegra-cn-6701-10v-116l\/\" \/>\n<meta property=\"og:locale\" content=\"es_ES\" \/>\n<meta property=\"og:type\" content=\"article\" \/>\n<meta property=\"og:title\" content=\"Cadena Shimano Ultegra Cn-6701 10v. (116l) - Tienda de Bicicletas\" \/>\n<meta property=\"og:description\" content=\"Cadena De Cambio10v. Shimano Cn-6701 Ultegra 10v. Ultegra  Esp\u00edritu del deporte, la nueva Ultegra nace para realizar un deporte de carretera suave y agresiva, heredando el rendimiento de una nueva generaci\u00f3n. &quot;HOLLOWGLIDE&quot;; la nueva cadena se adapta a un rendimiento de desplazamiento avanzado.   Placas interiores y exteriores redise\u00f1adas  Nueva forma de placa exterior  Nueva forma de placa interior para un cambio trasero m\u00e1s suave  Construcci\u00f3n de prensa mejorada para un cambio estable  Caracter\u00edsticas de la Cadena de 10 velocidades Shimano Ultegra 6701:  N\u00famero de modelo: CN-6701  Serie: Ultegra  Tipo de cadena: S\u00faper estrecha HG para 10 velocidades  Compatibilidad de pi\u00f1ones: 10 velocidades  Rodillos de placa de eslab\u00f3n: Grey  114 eslabones\" \/>\n<meta property=\"og:url\" content=\"https:\/\/biketur.cl\/shop\/producto\/cadena-shimano-ultegra-cn-6701-10v-116l\/\" \/>\n<meta property=\"og:site_name\" content=\"Tienda de Bicicletas\" \/>\n<meta property=\"article:modified_time\" content=\"2021-05-27T20:21:14+00:00\" \/>\n<meta property=\"og:image\" content=\"https:\/\/biketur.cl\/shop\/wp-content\/uploads\/2020\/06\/timthumb-4.jpg\" \/>\n\t<meta property=\"og:image:width\" content=\"1500\" \/>\n\t<meta property=\"og:image:height\" content=\"1500\" \/>\n\t<meta property=\"og:image:type\" content=\"image\/jpeg\" \/>\n<meta name=\"twitter:card\" content=\"summary_large_image\" \/>\n<script type=\"application\/ld+json\" class=\"yoast-schema-graph\">{\"@context\":\"https:\\\/\\\/schema.org\",\"@graph\":[{\"@type\":\"WebPage\",\"@id\":\"https:\\\/\\\/biketur.cl\\\/shop\\\/producto\\\/cadena-shimano-ultegra-cn-6701-10v-116l\\\/\",\"url\":\"https:\\\/\\\/biketur.cl\\\/shop\\\/producto\\\/cadena-shimano-ultegra-cn-6701-10v-116l\\\/\",\"name\":\"Cadena Shimano Ultegra Cn-6701 10v. (116l) - Tienda de Bicicletas\",\"isPartOf\":{\"@id\":\"https:\\\/\\\/biketur.cl\\\/shop\\\/#website\"},\"primaryImageOfPage\":{\"@id\":\"https:\\\/\\\/biketur.cl\\\/shop\\\/producto\\\/cadena-shimano-ultegra-cn-6701-10v-116l\\\/#primaryimage\"},\"image\":{\"@id\":\"https:\\\/\\\/biketur.cl\\\/shop\\\/producto\\\/cadena-shimano-ultegra-cn-6701-10v-116l\\\/#primaryimage\"},\"thumbnailUrl\":\"https:\\\/\\\/biketur.cl\\\/shop\\\/wp-content\\\/uploads\\\/2020\\\/06\\\/timthumb-4.jpg\",\"datePublished\":\"2020-06-19T01:10:36+00:00\",\"dateModified\":\"2021-05-27T20:21:14+00:00\",\"breadcrumb\":{\"@id\":\"https:\\\/\\\/biketur.cl\\\/shop\\\/producto\\\/cadena-shimano-ultegra-cn-6701-10v-116l\\\/#breadcrumb\"},\"inLanguage\":\"es\",\"potentialAction\":[{\"@type\":\"ReadAction\",\"target\":[\"https:\\\/\\\/biketur.cl\\\/shop\\\/producto\\\/cadena-shimano-ultegra-cn-6701-10v-116l\\\/\"]}]},{\"@type\":\"ImageObject\",\"inLanguage\":\"es\",\"@id\":\"https:\\\/\\\/biketur.cl\\\/shop\\\/producto\\\/cadena-shimano-ultegra-cn-6701-10v-116l\\\/#primaryimage\",\"url\":\"https:\\\/\\\/biketur.cl\\\/shop\\\/wp-content\\\/uploads\\\/2020\\\/06\\\/timthumb-4.jpg\",\"contentUrl\":\"https:\\\/\\\/biketur.cl\\\/shop\\\/wp-content\\\/uploads\\\/2020\\\/06\\\/timthumb-4.jpg\",\"width\":1500,\"height\":1500},{\"@type\":\"BreadcrumbList\",\"@id\":\"https:\\\/\\\/biketur.cl\\\/shop\\\/producto\\\/cadena-shimano-ultegra-cn-6701-10v-116l\\\/#breadcrumb\",\"itemListElement\":[{\"@type\":\"ListItem\",\"position\":1,\"name\":\"Portada\",\"item\":\"https:\\\/\\\/biketur.cl\\\/shop\\\/\"},{\"@type\":\"ListItem\",\"position\":2,\"name\":\"Tienda\",\"item\":\"https:\\\/\\\/biketur.cl\\\/shop\\\/tienda\\\/\"},{\"@type\":\"ListItem\",\"position\":3,\"name\":\"Cadena Shimano Ultegra Cn-6701 10v. (116l)\"}]},{\"@type\":\"WebSite\",\"@id\":\"https:\\\/\\\/biketur.cl\\\/shop\\\/#website\",\"url\":\"https:\\\/\\\/biketur.cl\\\/shop\\\/\",\"name\":\"Tienda de Bicicletas\",\"description\":\"| Monta\u00f1a - Ruta - Urbanas |\",\"publisher\":{\"@id\":\"https:\\\/\\\/biketur.cl\\\/shop\\\/#organization\"},\"potentialAction\":[{\"@type\":\"SearchAction\",\"target\":{\"@type\":\"EntryPoint\",\"urlTemplate\":\"https:\\\/\\\/biketur.cl\\\/shop\\\/?s={search_term_string}\"},\"query-input\":{\"@type\":\"PropertyValueSpecification\",\"valueRequired\":true,\"valueName\":\"search_term_string\"}}],\"inLanguage\":\"es\"},{\"@type\":\"Organization\",\"@id\":\"https:\\\/\\\/biketur.cl\\\/shop\\\/#organization\",\"name\":\"Tienda de Bicicletas\",\"url\":\"https:\\\/\\\/biketur.cl\\\/shop\\\/\",\"logo\":{\"@type\":\"ImageObject\",\"inLanguage\":\"es\",\"@id\":\"https:\\\/\\\/biketur.cl\\\/shop\\\/#\\\/schema\\\/logo\\\/image\\\/\",\"url\":\"https:\\\/\\\/biketur.cl\\\/shop\\\/wp-content\\\/uploads\\\/2021\\\/05\\\/cropped-logo-web-Biketur-shop.png\",\"contentUrl\":\"https:\\\/\\\/biketur.cl\\\/shop\\\/wp-content\\\/uploads\\\/2021\\\/05\\\/cropped-logo-web-Biketur-shop.png\",\"width\":500,\"height\":270,\"caption\":\"Tienda de Bicicletas\"},\"image\":{\"@id\":\"https:\\\/\\\/biketur.cl\\\/shop\\\/#\\\/schema\\\/logo\\\/image\\\/\"}}]}<\/script>\n<!-- \/ Yoast SEO plugin. -->","yoast_head_json":{"title":"Cadena Shimano Ultegra Cn-6701 10v. (116l) - Tienda de Bicicletas","robots":{"index":"index","follow":"follow","max-snippet":"max-snippet:-1","max-image-preview":"max-image-preview:large","max-video-preview":"max-video-preview:-1"},"canonical":"https:\/\/biketur.cl\/shop\/producto\/cadena-shimano-ultegra-cn-6701-10v-116l\/","og_locale":"es_ES","og_type":"article","og_title":"Cadena Shimano Ultegra Cn-6701 10v. (116l) - Tienda de Bicicletas","og_description":"Cadena De Cambio10v. Shimano Cn-6701 Ultegra 10v. Ultegra  Esp\u00edritu del deporte, la nueva Ultegra nace para realizar un deporte de carretera suave y agresiva, heredando el rendimiento de una nueva generaci\u00f3n. \"HOLLOWGLIDE\"; la nueva cadena se adapta a un rendimiento de desplazamiento avanzado.   Placas interiores y exteriores redise\u00f1adas  Nueva forma de placa exterior  Nueva forma de placa interior para un cambio trasero m\u00e1s suave  Construcci\u00f3n de prensa mejorada para un cambio estable  Caracter\u00edsticas de la Cadena de 10 velocidades Shimano Ultegra 6701:  N\u00famero de modelo: CN-6701  Serie: Ultegra  Tipo de cadena: S\u00faper estrecha HG para 10 velocidades  Compatibilidad de pi\u00f1ones: 10 velocidades  Rodillos de placa de eslab\u00f3n: Grey  114 eslabones","og_url":"https:\/\/biketur.cl\/shop\/producto\/cadena-shimano-ultegra-cn-6701-10v-116l\/","og_site_name":"Tienda de Bicicletas","article_modified_time":"2021-05-27T20:21:14+00:00","og_image":[{"width":1500,"height":1500,"url":"https:\/\/biketur.cl\/shop\/wp-content\/uploads\/2020\/06\/timthumb-4.jpg","type":"image\/jpeg"}],"twitter_card":"summary_large_image","schema":{"@context":"https:\/\/schema.org","@graph":[{"@type":"WebPage","@id":"https:\/\/biketur.cl\/shop\/producto\/cadena-shimano-ultegra-cn-6701-10v-116l\/","url":"https:\/\/biketur.cl\/shop\/producto\/cadena-shimano-ultegra-cn-6701-10v-116l\/","name":"Cadena Shimano Ultegra Cn-6701 10v. (116l) - Tienda de Bicicletas","isPartOf":{"@id":"https:\/\/biketur.cl\/shop\/#website"},"primaryImageOfPage":{"@id":"https:\/\/biketur.cl\/shop\/producto\/cadena-shimano-ultegra-cn-6701-10v-116l\/#primaryimage"},"image":{"@id":"https:\/\/biketur.cl\/shop\/producto\/cadena-shimano-ultegra-cn-6701-10v-116l\/#primaryimage"},"thumbnailUrl":"https:\/\/biketur.cl\/shop\/wp-content\/uploads\/2020\/06\/timthumb-4.jpg","datePublished":"2020-06-19T01:10:36+00:00","dateModified":"2021-05-27T20:21:14+00:00","breadcrumb":{"@id":"https:\/\/biketur.cl\/shop\/producto\/cadena-shimano-ultegra-cn-6701-10v-116l\/#breadcrumb"},"inLanguage":"es","potentialAction":[{"@type":"ReadAction","target":["https:\/\/biketur.cl\/shop\/producto\/cadena-shimano-ultegra-cn-6701-10v-116l\/"]}]},{"@type":"ImageObject","inLanguage":"es","@id":"https:\/\/biketur.cl\/shop\/producto\/cadena-shimano-ultegra-cn-6701-10v-116l\/#primaryimage","url":"https:\/\/biketur.cl\/shop\/wp-content\/uploads\/2020\/06\/timthumb-4.jpg","contentUrl":"https:\/\/biketur.cl\/shop\/wp-content\/uploads\/2020\/06\/timthumb-4.jpg","width":1500,"height":1500},{"@type":"BreadcrumbList","@id":"https:\/\/biketur.cl\/shop\/producto\/cadena-shimano-ultegra-cn-6701-10v-116l\/#breadcrumb","itemListElement":[{"@type":"ListItem","position":1,"name":"Portada","item":"https:\/\/biketur.cl\/shop\/"},{"@type":"ListItem","position":2,"name":"Tienda","item":"https:\/\/biketur.cl\/shop\/tienda\/"},{"@type":"ListItem","position":3,"name":"Cadena Shimano Ultegra Cn-6701 10v. (116l)"}]},{"@type":"WebSite","@id":"https:\/\/biketur.cl\/shop\/#website","url":"https:\/\/biketur.cl\/shop\/","name":"Tienda de Bicicletas","description":"| Monta\u00f1a - Ruta - Urbanas |","publisher":{"@id":"https:\/\/biketur.cl\/shop\/#organization"},"potentialAction":[{"@type":"SearchAction","target":{"@type":"EntryPoint","urlTemplate":"https:\/\/biketur.cl\/shop\/?s={search_term_string}"},"query-input":{"@type":"PropertyValueSpecification","valueRequired":true,"valueName":"search_term_string"}}],"inLanguage":"es"},{"@type":"Organization","@id":"https:\/\/biketur.cl\/shop\/#organization","name":"Tienda de Bicicletas","url":"https:\/\/biketur.cl\/shop\/","logo":{"@type":"ImageObject","inLanguage":"es","@id":"https:\/\/biketur.cl\/shop\/#\/schema\/logo\/image\/","url":"https:\/\/biketur.cl\/shop\/wp-content\/uploads\/2021\/05\/cropped-logo-web-Biketur-shop.png","contentUrl":"https:\/\/biketur.cl\/shop\/wp-content\/uploads\/2021\/05\/cropped-logo-web-Biketur-shop.png","width":500,"height":270,"caption":"Tienda de Bicicletas"},"image":{"@id":"https:\/\/biketur.cl\/shop\/#\/schema\/logo\/image\/"}}]}},"brands":[{"id":112,"name":"SHIMANO","slug":"shimano"}],"_links":{"self":[{"href":"https:\/\/biketur.cl\/shop\/wp-json\/wp\/v2\/product\/1244","targetHints":{"allow":["GET"]}}],"collection":[{"href":"https:\/\/biketur.cl\/shop\/wp-json\/wp\/v2\/product"}],"about":[{"href":"https:\/\/biketur.cl\/shop\/wp-json\/wp\/v2\/types\/product"}],"replies":[{"embeddable":true,"href":"https:\/\/biketur.cl\/shop\/wp-json\/wp\/v2\/comments?post=1244"}],"wp:featuredmedia":[{"embeddable":true,"href":"https:\/\/biketur.cl\/shop\/wp-json\/wp\/v2\/media\/1245"}],"wp:attachment":[{"href":"https:\/\/biketur.cl\/shop\/wp-json\/wp\/v2\/media?parent=1244"}],"wp:term":[{"taxonomy":"pwb-brand","embeddable":true,"href":"https:\/\/biketur.cl\/shop\/wp-json\/wp\/v2\/pwb-brand?post=1244"},{"taxonomy":"product_brand","embeddable":true,"href":"https:\/\/biketur.cl\/shop\/wp-json\/wp\/v2\/product_brand?post=1244"},{"taxonomy":"product_cat","embeddable":true,"href":"https:\/\/biketur.cl\/shop\/wp-json\/wp\/v2\/product_cat?post=1244"},{"taxonomy":"product_tag","embeddable":true,"href":"https:\/\/biketur.cl\/shop\/wp-json\/wp\/v2\/product_tag?post=1244"}],"curies":[{"name":"wp","href":"https:\/\/api.w.org\/{rel}","templated":true}]}}