{"id":3035,"date":"2021-06-12T19:46:42","date_gmt":"2021-06-12T22:46:42","guid":{"rendered":"https:\/\/biketur.cl\/shop\/?post_type=product&#038;p=3035"},"modified":"2024-11-28T07:24:29","modified_gmt":"2024-11-28T10:24:29","slug":"casco-para-bicicleta-eclipse-modelo-enduro-negro-turquesa","status":"publish","type":"product","link":"https:\/\/biketur.cl\/shop\/producto\/casco-para-bicicleta-eclipse-modelo-enduro-negro-turquesa\/","title":{"rendered":"Casco para bicicleta Eclipse modelo enduro Negro \/ Turquesa"},"content":{"rendered":"<ul>\n<li>Color: Negro \/ Turquesa<\/li>\n<li>Ventilaciones: 9 agujeros<\/li>\n<li>Sistema de ajuste: Correas ajustables con almohadillas<\/li>\n<li>Incluye: Visera desmontable<\/li>\n<li>Marca: Eclipse<\/li>\n<\/ul>\n","protected":false},"excerpt":{"rendered":"<p>Casco Eclipse Enduro con tecnolog\u00eda IN-MOLD.<br \/>\nParte trasera amplia para crear una mejor protecci\u00f3n sobre la nuca.<br \/>\nSus canales de ventilaci\u00f3n y evacuaci\u00f3n de humedad proporcionan un efecto refrescante en los calurosos d\u00edas de verano.<br \/>\nSistema de cierre ajustable.<\/p>\n<ul>\n<li>Color: Negro \/ Turquesa<\/li>\n<li>Ventilaciones: 9 agujeros<\/li>\n<li>Sistema de ajuste: Correas ajustables con almohadillas<\/li>\n<li>Incluye: Visera desmontable<\/li>\n<li>Marca: Eclipse<\/li>\n<\/ul>\n","protected":false},"featured_media":3037,"comment_status":"closed","ping_status":"closed","template":"","meta":[],"pwb-brand":[],"product_brand":[],"product_cat":[33,38],"product_tag":[186],"class_list":{"0":"post-3035","1":"product","2":"type-product","3":"status-publish","4":"has-post-thumbnail","6":"product_cat-casco-bicicleta","7":"product_cat-vestuario","8":"product_tag-cyber","10":"first","11":"instock","12":"sale","13":"taxable","14":"shipping-taxable","15":"purchasable","16":"product-type-variable"},"yoast_head":"<!-- This site is optimized with the Yoast SEO plugin v27.3 - https:\/\/yoast.com\/product\/yoast-seo-wordpress\/ -->\n<title>Casco para bicicleta Eclipse modelo enduro Negro \/ Turquesa - Tienda de Bicicletas<\/title>\n<meta name=\"robots\" content=\"index, follow, max-snippet:-1, max-image-preview:large, max-video-preview:-1\" \/>\n<link rel=\"canonical\" href=\"https:\/\/biketur.cl\/shop\/producto\/casco-para-bicicleta-eclipse-modelo-enduro-negro-turquesa\/\" \/>\n<meta property=\"og:locale\" content=\"es_ES\" \/>\n<meta property=\"og:type\" content=\"article\" \/>\n<meta property=\"og:title\" content=\"Casco para bicicleta Eclipse modelo enduro Negro \/ Turquesa - Tienda de Bicicletas\" \/>\n<meta property=\"og:description\" content=\"Casco Eclipse Enduro con tecnolog\u00eda IN-MOLD. Parte trasera amplia para crear una mejor protecci\u00f3n sobre la nuca. Sus canales de ventilaci\u00f3n y evacuaci\u00f3n de humedad proporcionan un efecto refrescante en los calurosos d\u00edas de verano. Sistema de cierre ajustable.   Color: Negro \/ Turquesa  Ventilaciones: 9 agujeros  Sistema de ajuste: Correas ajustables con almohadillas  Incluye: Visera desmontable  Marca: Eclipse\" \/>\n<meta property=\"og:url\" content=\"https:\/\/biketur.cl\/shop\/producto\/casco-para-bicicleta-eclipse-modelo-enduro-negro-turquesa\/\" \/>\n<meta property=\"og:site_name\" content=\"Tienda de Bicicletas\" \/>\n<meta property=\"article:modified_time\" content=\"2024-11-28T10:24:29+00:00\" \/>\n<meta property=\"og:image\" content=\"https:\/\/biketur.cl\/shop\/wp-content\/uploads\/2021\/06\/casco-biccileta-mtb-enduro.jpg\" \/>\n\t<meta property=\"og:image:width\" content=\"1080\" \/>\n\t<meta property=\"og:image:height\" content=\"1080\" \/>\n\t<meta property=\"og:image:type\" content=\"image\/jpeg\" \/>\n<meta name=\"twitter:card\" content=\"summary_large_image\" \/>\n<meta name=\"twitter:label1\" content=\"Tiempo de lectura\" \/>\n\t<meta name=\"twitter:data1\" content=\"1 minuto\" \/>\n<script type=\"application\/ld+json\" class=\"yoast-schema-graph\">{\"@context\":\"https:\\\/\\\/schema.org\",\"@graph\":[{\"@type\":\"WebPage\",\"@id\":\"https:\\\/\\\/biketur.cl\\\/shop\\\/producto\\\/casco-para-bicicleta-eclipse-modelo-enduro-negro-turquesa\\\/\",\"url\":\"https:\\\/\\\/biketur.cl\\\/shop\\\/producto\\\/casco-para-bicicleta-eclipse-modelo-enduro-negro-turquesa\\\/\",\"name\":\"Casco para bicicleta Eclipse modelo enduro Negro \\\/ Turquesa - Tienda de Bicicletas\",\"isPartOf\":{\"@id\":\"https:\\\/\\\/biketur.cl\\\/shop\\\/#website\"},\"primaryImageOfPage\":{\"@id\":\"https:\\\/\\\/biketur.cl\\\/shop\\\/producto\\\/casco-para-bicicleta-eclipse-modelo-enduro-negro-turquesa\\\/#primaryimage\"},\"image\":{\"@id\":\"https:\\\/\\\/biketur.cl\\\/shop\\\/producto\\\/casco-para-bicicleta-eclipse-modelo-enduro-negro-turquesa\\\/#primaryimage\"},\"thumbnailUrl\":\"https:\\\/\\\/biketur.cl\\\/shop\\\/wp-content\\\/uploads\\\/2021\\\/06\\\/casco-biccileta-mtb-enduro.jpg\",\"datePublished\":\"2021-06-12T22:46:42+00:00\",\"dateModified\":\"2024-11-28T10:24:29+00:00\",\"breadcrumb\":{\"@id\":\"https:\\\/\\\/biketur.cl\\\/shop\\\/producto\\\/casco-para-bicicleta-eclipse-modelo-enduro-negro-turquesa\\\/#breadcrumb\"},\"inLanguage\":\"es\",\"potentialAction\":[{\"@type\":\"ReadAction\",\"target\":[\"https:\\\/\\\/biketur.cl\\\/shop\\\/producto\\\/casco-para-bicicleta-eclipse-modelo-enduro-negro-turquesa\\\/\"]}]},{\"@type\":\"ImageObject\",\"inLanguage\":\"es\",\"@id\":\"https:\\\/\\\/biketur.cl\\\/shop\\\/producto\\\/casco-para-bicicleta-eclipse-modelo-enduro-negro-turquesa\\\/#primaryimage\",\"url\":\"https:\\\/\\\/biketur.cl\\\/shop\\\/wp-content\\\/uploads\\\/2021\\\/06\\\/casco-biccileta-mtb-enduro.jpg\",\"contentUrl\":\"https:\\\/\\\/biketur.cl\\\/shop\\\/wp-content\\\/uploads\\\/2021\\\/06\\\/casco-biccileta-mtb-enduro.jpg\",\"width\":1080,\"height\":1080},{\"@type\":\"BreadcrumbList\",\"@id\":\"https:\\\/\\\/biketur.cl\\\/shop\\\/producto\\\/casco-para-bicicleta-eclipse-modelo-enduro-negro-turquesa\\\/#breadcrumb\",\"itemListElement\":[{\"@type\":\"ListItem\",\"position\":1,\"name\":\"Portada\",\"item\":\"https:\\\/\\\/biketur.cl\\\/shop\\\/\"},{\"@type\":\"ListItem\",\"position\":2,\"name\":\"Tienda\",\"item\":\"https:\\\/\\\/biketur.cl\\\/shop\\\/tienda\\\/\"},{\"@type\":\"ListItem\",\"position\":3,\"name\":\"Casco para bicicleta Eclipse modelo enduro Negro \\\/ Turquesa\"}]},{\"@type\":\"WebSite\",\"@id\":\"https:\\\/\\\/biketur.cl\\\/shop\\\/#website\",\"url\":\"https:\\\/\\\/biketur.cl\\\/shop\\\/\",\"name\":\"Tienda de Bicicletas\",\"description\":\"| Monta\u00f1a - Ruta - Urbanas |\",\"publisher\":{\"@id\":\"https:\\\/\\\/biketur.cl\\\/shop\\\/#organization\"},\"potentialAction\":[{\"@type\":\"SearchAction\",\"target\":{\"@type\":\"EntryPoint\",\"urlTemplate\":\"https:\\\/\\\/biketur.cl\\\/shop\\\/?s={search_term_string}\"},\"query-input\":{\"@type\":\"PropertyValueSpecification\",\"valueRequired\":true,\"valueName\":\"search_term_string\"}}],\"inLanguage\":\"es\"},{\"@type\":\"Organization\",\"@id\":\"https:\\\/\\\/biketur.cl\\\/shop\\\/#organization\",\"name\":\"Tienda de Bicicletas\",\"url\":\"https:\\\/\\\/biketur.cl\\\/shop\\\/\",\"logo\":{\"@type\":\"ImageObject\",\"inLanguage\":\"es\",\"@id\":\"https:\\\/\\\/biketur.cl\\\/shop\\\/#\\\/schema\\\/logo\\\/image\\\/\",\"url\":\"https:\\\/\\\/biketur.cl\\\/shop\\\/wp-content\\\/uploads\\\/2021\\\/05\\\/cropped-logo-web-Biketur-shop.png\",\"contentUrl\":\"https:\\\/\\\/biketur.cl\\\/shop\\\/wp-content\\\/uploads\\\/2021\\\/05\\\/cropped-logo-web-Biketur-shop.png\",\"width\":500,\"height\":270,\"caption\":\"Tienda de Bicicletas\"},\"image\":{\"@id\":\"https:\\\/\\\/biketur.cl\\\/shop\\\/#\\\/schema\\\/logo\\\/image\\\/\"}}]}<\/script>\n<!-- \/ Yoast SEO plugin. -->","yoast_head_json":{"title":"Casco para bicicleta Eclipse modelo enduro Negro \/ Turquesa - Tienda de Bicicletas","robots":{"index":"index","follow":"follow","max-snippet":"max-snippet:-1","max-image-preview":"max-image-preview:large","max-video-preview":"max-video-preview:-1"},"canonical":"https:\/\/biketur.cl\/shop\/producto\/casco-para-bicicleta-eclipse-modelo-enduro-negro-turquesa\/","og_locale":"es_ES","og_type":"article","og_title":"Casco para bicicleta Eclipse modelo enduro Negro \/ Turquesa - Tienda de Bicicletas","og_description":"Casco Eclipse Enduro con tecnolog\u00eda IN-MOLD. Parte trasera amplia para crear una mejor protecci\u00f3n sobre la nuca. Sus canales de ventilaci\u00f3n y evacuaci\u00f3n de humedad proporcionan un efecto refrescante en los calurosos d\u00edas de verano. Sistema de cierre ajustable.   Color: Negro \/ Turquesa  Ventilaciones: 9 agujeros  Sistema de ajuste: Correas ajustables con almohadillas  Incluye: Visera desmontable  Marca: Eclipse","og_url":"https:\/\/biketur.cl\/shop\/producto\/casco-para-bicicleta-eclipse-modelo-enduro-negro-turquesa\/","og_site_name":"Tienda de Bicicletas","article_modified_time":"2024-11-28T10:24:29+00:00","og_image":[{"width":1080,"height":1080,"url":"https:\/\/biketur.cl\/shop\/wp-content\/uploads\/2021\/06\/casco-biccileta-mtb-enduro.jpg","type":"image\/jpeg"}],"twitter_card":"summary_large_image","twitter_misc":{"Tiempo de lectura":"1 minuto"},"schema":{"@context":"https:\/\/schema.org","@graph":[{"@type":"WebPage","@id":"https:\/\/biketur.cl\/shop\/producto\/casco-para-bicicleta-eclipse-modelo-enduro-negro-turquesa\/","url":"https:\/\/biketur.cl\/shop\/producto\/casco-para-bicicleta-eclipse-modelo-enduro-negro-turquesa\/","name":"Casco para bicicleta Eclipse modelo enduro Negro \/ Turquesa - Tienda de Bicicletas","isPartOf":{"@id":"https:\/\/biketur.cl\/shop\/#website"},"primaryImageOfPage":{"@id":"https:\/\/biketur.cl\/shop\/producto\/casco-para-bicicleta-eclipse-modelo-enduro-negro-turquesa\/#primaryimage"},"image":{"@id":"https:\/\/biketur.cl\/shop\/producto\/casco-para-bicicleta-eclipse-modelo-enduro-negro-turquesa\/#primaryimage"},"thumbnailUrl":"https:\/\/biketur.cl\/shop\/wp-content\/uploads\/2021\/06\/casco-biccileta-mtb-enduro.jpg","datePublished":"2021-06-12T22:46:42+00:00","dateModified":"2024-11-28T10:24:29+00:00","breadcrumb":{"@id":"https:\/\/biketur.cl\/shop\/producto\/casco-para-bicicleta-eclipse-modelo-enduro-negro-turquesa\/#breadcrumb"},"inLanguage":"es","potentialAction":[{"@type":"ReadAction","target":["https:\/\/biketur.cl\/shop\/producto\/casco-para-bicicleta-eclipse-modelo-enduro-negro-turquesa\/"]}]},{"@type":"ImageObject","inLanguage":"es","@id":"https:\/\/biketur.cl\/shop\/producto\/casco-para-bicicleta-eclipse-modelo-enduro-negro-turquesa\/#primaryimage","url":"https:\/\/biketur.cl\/shop\/wp-content\/uploads\/2021\/06\/casco-biccileta-mtb-enduro.jpg","contentUrl":"https:\/\/biketur.cl\/shop\/wp-content\/uploads\/2021\/06\/casco-biccileta-mtb-enduro.jpg","width":1080,"height":1080},{"@type":"BreadcrumbList","@id":"https:\/\/biketur.cl\/shop\/producto\/casco-para-bicicleta-eclipse-modelo-enduro-negro-turquesa\/#breadcrumb","itemListElement":[{"@type":"ListItem","position":1,"name":"Portada","item":"https:\/\/biketur.cl\/shop\/"},{"@type":"ListItem","position":2,"name":"Tienda","item":"https:\/\/biketur.cl\/shop\/tienda\/"},{"@type":"ListItem","position":3,"name":"Casco para bicicleta Eclipse modelo enduro Negro \/ Turquesa"}]},{"@type":"WebSite","@id":"https:\/\/biketur.cl\/shop\/#website","url":"https:\/\/biketur.cl\/shop\/","name":"Tienda de Bicicletas","description":"| Monta\u00f1a - Ruta - Urbanas |","publisher":{"@id":"https:\/\/biketur.cl\/shop\/#organization"},"potentialAction":[{"@type":"SearchAction","target":{"@type":"EntryPoint","urlTemplate":"https:\/\/biketur.cl\/shop\/?s={search_term_string}"},"query-input":{"@type":"PropertyValueSpecification","valueRequired":true,"valueName":"search_term_string"}}],"inLanguage":"es"},{"@type":"Organization","@id":"https:\/\/biketur.cl\/shop\/#organization","name":"Tienda de Bicicletas","url":"https:\/\/biketur.cl\/shop\/","logo":{"@type":"ImageObject","inLanguage":"es","@id":"https:\/\/biketur.cl\/shop\/#\/schema\/logo\/image\/","url":"https:\/\/biketur.cl\/shop\/wp-content\/uploads\/2021\/05\/cropped-logo-web-Biketur-shop.png","contentUrl":"https:\/\/biketur.cl\/shop\/wp-content\/uploads\/2021\/05\/cropped-logo-web-Biketur-shop.png","width":500,"height":270,"caption":"Tienda de Bicicletas"},"image":{"@id":"https:\/\/biketur.cl\/shop\/#\/schema\/logo\/image\/"}}]}},"brands":[],"_links":{"self":[{"href":"https:\/\/biketur.cl\/shop\/wp-json\/wp\/v2\/product\/3035","targetHints":{"allow":["GET"]}}],"collection":[{"href":"https:\/\/biketur.cl\/shop\/wp-json\/wp\/v2\/product"}],"about":[{"href":"https:\/\/biketur.cl\/shop\/wp-json\/wp\/v2\/types\/product"}],"replies":[{"embeddable":true,"href":"https:\/\/biketur.cl\/shop\/wp-json\/wp\/v2\/comments?post=3035"}],"wp:featuredmedia":[{"embeddable":true,"href":"https:\/\/biketur.cl\/shop\/wp-json\/wp\/v2\/media\/3037"}],"wp:attachment":[{"href":"https:\/\/biketur.cl\/shop\/wp-json\/wp\/v2\/media?parent=3035"}],"wp:term":[{"taxonomy":"pwb-brand","embeddable":true,"href":"https:\/\/biketur.cl\/shop\/wp-json\/wp\/v2\/pwb-brand?post=3035"},{"taxonomy":"product_brand","embeddable":true,"href":"https:\/\/biketur.cl\/shop\/wp-json\/wp\/v2\/product_brand?post=3035"},{"taxonomy":"product_cat","embeddable":true,"href":"https:\/\/biketur.cl\/shop\/wp-json\/wp\/v2\/product_cat?post=3035"},{"taxonomy":"product_tag","embeddable":true,"href":"https:\/\/biketur.cl\/shop\/wp-json\/wp\/v2\/product_tag?post=3035"}],"curies":[{"name":"wp","href":"https:\/\/api.w.org\/{rel}","templated":true}]}}