{"id":4352,"date":"2022-01-21T18:47:10","date_gmt":"2022-01-21T21:47:10","guid":{"rendered":"https:\/\/biketur.cl\/shop\/?post_type=product&#038;p=4352"},"modified":"2022-01-23T08:23:57","modified_gmt":"2022-01-23T11:23:57","slug":"bolso-bicicleta","status":"publish","type":"product","link":"https:\/\/biketur.cl\/shop\/producto\/bolso-bicicleta\/","title":{"rendered":"BOLSO PARA BICICLETA"},"content":{"rendered":"","protected":false},"excerpt":{"rendered":"<p>Multifuncional: con 5 correas de nylon desmontables.<br \/>\nSe puede utilizar en el manillar, cuadro, sill\u00edn, bolsa de hombro o bolsa de bicicleta el\u00e9ctrica.<br \/>\nCon bolsillo lateral, bolsillo de malla y un peque\u00f1o bolsillo en la superficie para guardar cosas peque\u00f1as como llaves.<br \/>\nDise\u00f1o reflectante: con las rayas reflectantes y el logotipo reflectante, puede ser visible por la noche. Adem\u00e1s, incorpora 2 posiciones para colgar una luz trasera (Luz no incluida).<br \/>\nApto para bicicletas MTB, el\u00e9ctricas, plegables, de carretera, manillares de motocicletas, scooters, etc.<\/p>\n","protected":false},"featured_media":4354,"comment_status":"closed","ping_status":"closed","template":"","meta":[],"pwb-brand":[158],"product_brand":[],"product_cat":[43,150],"product_tag":[],"class_list":{"0":"post-4352","1":"product","2":"type-product","3":"status-publish","4":"has-post-thumbnail","6":"pwb-brand-productos-rockbros","7":"product_cat-accesorios-de-ciclismo","8":"product_cat-bolsos-porta-celular","10":"first","11":"instock","12":"taxable","13":"shipping-taxable","14":"purchasable","15":"product-type-simple"},"yoast_head":"<!-- This site is optimized with the Yoast SEO plugin v27.4 - https:\/\/yoast.com\/product\/yoast-seo-wordpress\/ -->\n<title>BOLSO PARA BICICLETA - Tienda de Bicicletas<\/title>\n<meta name=\"robots\" content=\"index, follow, max-snippet:-1, max-image-preview:large, max-video-preview:-1\" \/>\n<link rel=\"canonical\" href=\"https:\/\/biketur.cl\/shop\/producto\/bolso-bicicleta\/\" \/>\n<meta property=\"og:locale\" content=\"es_ES\" \/>\n<meta property=\"og:type\" content=\"article\" \/>\n<meta property=\"og:title\" content=\"BOLSO PARA BICICLETA - Tienda de Bicicletas\" \/>\n<meta property=\"og:description\" content=\"Multifuncional: con 5 correas de nylon desmontables. Se puede utilizar en el manillar, cuadro, sill\u00edn, bolsa de hombro o bolsa de bicicleta el\u00e9ctrica.  Con bolsillo lateral, bolsillo de malla y un peque\u00f1o bolsillo en la superficie para guardar cosas peque\u00f1as como llaves. Dise\u00f1o reflectante: con las rayas reflectantes y el logotipo reflectante, puede ser visible por la noche. Adem\u00e1s, incorpora 2 posiciones para colgar una luz trasera (Luz no incluida). Apto para bicicletas MTB, el\u00e9ctricas, plegables, de carretera, manillares de motocicletas, scooters, etc.\" \/>\n<meta property=\"og:url\" content=\"https:\/\/biketur.cl\/shop\/producto\/bolso-bicicleta\/\" \/>\n<meta property=\"og:site_name\" content=\"Tienda de Bicicletas\" \/>\n<meta property=\"article:modified_time\" content=\"2022-01-23T11:23:57+00:00\" \/>\n<meta property=\"og:image\" content=\"https:\/\/biketur.cl\/shop\/wp-content\/uploads\/2022\/01\/BOLSO-BICICLETA-ROCKBROS.jpg\" \/>\n\t<meta property=\"og:image:width\" content=\"2327\" \/>\n\t<meta property=\"og:image:height\" content=\"2328\" \/>\n\t<meta property=\"og:image:type\" content=\"image\/jpeg\" \/>\n<meta name=\"twitter:card\" content=\"summary_large_image\" \/>\n<script type=\"application\/ld+json\" class=\"yoast-schema-graph\">{\"@context\":\"https:\\\/\\\/schema.org\",\"@graph\":[{\"@type\":\"WebPage\",\"@id\":\"https:\\\/\\\/biketur.cl\\\/shop\\\/producto\\\/bolso-bicicleta\\\/\",\"url\":\"https:\\\/\\\/biketur.cl\\\/shop\\\/producto\\\/bolso-bicicleta\\\/\",\"name\":\"BOLSO PARA BICICLETA - Tienda de Bicicletas\",\"isPartOf\":{\"@id\":\"https:\\\/\\\/biketur.cl\\\/shop\\\/#website\"},\"primaryImageOfPage\":{\"@id\":\"https:\\\/\\\/biketur.cl\\\/shop\\\/producto\\\/bolso-bicicleta\\\/#primaryimage\"},\"image\":{\"@id\":\"https:\\\/\\\/biketur.cl\\\/shop\\\/producto\\\/bolso-bicicleta\\\/#primaryimage\"},\"thumbnailUrl\":\"https:\\\/\\\/biketur.cl\\\/shop\\\/wp-content\\\/uploads\\\/2022\\\/01\\\/BOLSO-BICICLETA-ROCKBROS.jpg\",\"datePublished\":\"2022-01-21T21:47:10+00:00\",\"dateModified\":\"2022-01-23T11:23:57+00:00\",\"breadcrumb\":{\"@id\":\"https:\\\/\\\/biketur.cl\\\/shop\\\/producto\\\/bolso-bicicleta\\\/#breadcrumb\"},\"inLanguage\":\"es\",\"potentialAction\":[{\"@type\":\"ReadAction\",\"target\":[\"https:\\\/\\\/biketur.cl\\\/shop\\\/producto\\\/bolso-bicicleta\\\/\"]}]},{\"@type\":\"ImageObject\",\"inLanguage\":\"es\",\"@id\":\"https:\\\/\\\/biketur.cl\\\/shop\\\/producto\\\/bolso-bicicleta\\\/#primaryimage\",\"url\":\"https:\\\/\\\/biketur.cl\\\/shop\\\/wp-content\\\/uploads\\\/2022\\\/01\\\/BOLSO-BICICLETA-ROCKBROS.jpg\",\"contentUrl\":\"https:\\\/\\\/biketur.cl\\\/shop\\\/wp-content\\\/uploads\\\/2022\\\/01\\\/BOLSO-BICICLETA-ROCKBROS.jpg\",\"width\":2327,\"height\":2328},{\"@type\":\"BreadcrumbList\",\"@id\":\"https:\\\/\\\/biketur.cl\\\/shop\\\/producto\\\/bolso-bicicleta\\\/#breadcrumb\",\"itemListElement\":[{\"@type\":\"ListItem\",\"position\":1,\"name\":\"Portada\",\"item\":\"https:\\\/\\\/biketur.cl\\\/shop\\\/\"},{\"@type\":\"ListItem\",\"position\":2,\"name\":\"Tienda\",\"item\":\"https:\\\/\\\/biketur.cl\\\/shop\\\/tienda\\\/\"},{\"@type\":\"ListItem\",\"position\":3,\"name\":\"BOLSO PARA BICICLETA\"}]},{\"@type\":\"WebSite\",\"@id\":\"https:\\\/\\\/biketur.cl\\\/shop\\\/#website\",\"url\":\"https:\\\/\\\/biketur.cl\\\/shop\\\/\",\"name\":\"Tienda de Bicicletas\",\"description\":\"| Monta\u00f1a - Ruta - Urbanas |\",\"publisher\":{\"@id\":\"https:\\\/\\\/biketur.cl\\\/shop\\\/#organization\"},\"potentialAction\":[{\"@type\":\"SearchAction\",\"target\":{\"@type\":\"EntryPoint\",\"urlTemplate\":\"https:\\\/\\\/biketur.cl\\\/shop\\\/?s={search_term_string}\"},\"query-input\":{\"@type\":\"PropertyValueSpecification\",\"valueRequired\":true,\"valueName\":\"search_term_string\"}}],\"inLanguage\":\"es\"},{\"@type\":\"Organization\",\"@id\":\"https:\\\/\\\/biketur.cl\\\/shop\\\/#organization\",\"name\":\"Tienda de Bicicletas\",\"url\":\"https:\\\/\\\/biketur.cl\\\/shop\\\/\",\"logo\":{\"@type\":\"ImageObject\",\"inLanguage\":\"es\",\"@id\":\"https:\\\/\\\/biketur.cl\\\/shop\\\/#\\\/schema\\\/logo\\\/image\\\/\",\"url\":\"https:\\\/\\\/biketur.cl\\\/shop\\\/wp-content\\\/uploads\\\/2021\\\/05\\\/cropped-logo-web-Biketur-shop.png\",\"contentUrl\":\"https:\\\/\\\/biketur.cl\\\/shop\\\/wp-content\\\/uploads\\\/2021\\\/05\\\/cropped-logo-web-Biketur-shop.png\",\"width\":500,\"height\":270,\"caption\":\"Tienda de Bicicletas\"},\"image\":{\"@id\":\"https:\\\/\\\/biketur.cl\\\/shop\\\/#\\\/schema\\\/logo\\\/image\\\/\"}}]}<\/script>\n<!-- \/ Yoast SEO plugin. -->","yoast_head_json":{"title":"BOLSO PARA BICICLETA - Tienda de Bicicletas","robots":{"index":"index","follow":"follow","max-snippet":"max-snippet:-1","max-image-preview":"max-image-preview:large","max-video-preview":"max-video-preview:-1"},"canonical":"https:\/\/biketur.cl\/shop\/producto\/bolso-bicicleta\/","og_locale":"es_ES","og_type":"article","og_title":"BOLSO PARA BICICLETA - Tienda de Bicicletas","og_description":"Multifuncional: con 5 correas de nylon desmontables. Se puede utilizar en el manillar, cuadro, sill\u00edn, bolsa de hombro o bolsa de bicicleta el\u00e9ctrica.  Con bolsillo lateral, bolsillo de malla y un peque\u00f1o bolsillo en la superficie para guardar cosas peque\u00f1as como llaves. Dise\u00f1o reflectante: con las rayas reflectantes y el logotipo reflectante, puede ser visible por la noche. Adem\u00e1s, incorpora 2 posiciones para colgar una luz trasera (Luz no incluida). Apto para bicicletas MTB, el\u00e9ctricas, plegables, de carretera, manillares de motocicletas, scooters, etc.","og_url":"https:\/\/biketur.cl\/shop\/producto\/bolso-bicicleta\/","og_site_name":"Tienda de Bicicletas","article_modified_time":"2022-01-23T11:23:57+00:00","og_image":[{"width":2327,"height":2328,"url":"https:\/\/biketur.cl\/shop\/wp-content\/uploads\/2022\/01\/BOLSO-BICICLETA-ROCKBROS.jpg","type":"image\/jpeg"}],"twitter_card":"summary_large_image","schema":{"@context":"https:\/\/schema.org","@graph":[{"@type":"WebPage","@id":"https:\/\/biketur.cl\/shop\/producto\/bolso-bicicleta\/","url":"https:\/\/biketur.cl\/shop\/producto\/bolso-bicicleta\/","name":"BOLSO PARA BICICLETA - Tienda de Bicicletas","isPartOf":{"@id":"https:\/\/biketur.cl\/shop\/#website"},"primaryImageOfPage":{"@id":"https:\/\/biketur.cl\/shop\/producto\/bolso-bicicleta\/#primaryimage"},"image":{"@id":"https:\/\/biketur.cl\/shop\/producto\/bolso-bicicleta\/#primaryimage"},"thumbnailUrl":"https:\/\/biketur.cl\/shop\/wp-content\/uploads\/2022\/01\/BOLSO-BICICLETA-ROCKBROS.jpg","datePublished":"2022-01-21T21:47:10+00:00","dateModified":"2022-01-23T11:23:57+00:00","breadcrumb":{"@id":"https:\/\/biketur.cl\/shop\/producto\/bolso-bicicleta\/#breadcrumb"},"inLanguage":"es","potentialAction":[{"@type":"ReadAction","target":["https:\/\/biketur.cl\/shop\/producto\/bolso-bicicleta\/"]}]},{"@type":"ImageObject","inLanguage":"es","@id":"https:\/\/biketur.cl\/shop\/producto\/bolso-bicicleta\/#primaryimage","url":"https:\/\/biketur.cl\/shop\/wp-content\/uploads\/2022\/01\/BOLSO-BICICLETA-ROCKBROS.jpg","contentUrl":"https:\/\/biketur.cl\/shop\/wp-content\/uploads\/2022\/01\/BOLSO-BICICLETA-ROCKBROS.jpg","width":2327,"height":2328},{"@type":"BreadcrumbList","@id":"https:\/\/biketur.cl\/shop\/producto\/bolso-bicicleta\/#breadcrumb","itemListElement":[{"@type":"ListItem","position":1,"name":"Portada","item":"https:\/\/biketur.cl\/shop\/"},{"@type":"ListItem","position":2,"name":"Tienda","item":"https:\/\/biketur.cl\/shop\/tienda\/"},{"@type":"ListItem","position":3,"name":"BOLSO PARA BICICLETA"}]},{"@type":"WebSite","@id":"https:\/\/biketur.cl\/shop\/#website","url":"https:\/\/biketur.cl\/shop\/","name":"Tienda de Bicicletas","description":"| Monta\u00f1a - Ruta - Urbanas |","publisher":{"@id":"https:\/\/biketur.cl\/shop\/#organization"},"potentialAction":[{"@type":"SearchAction","target":{"@type":"EntryPoint","urlTemplate":"https:\/\/biketur.cl\/shop\/?s={search_term_string}"},"query-input":{"@type":"PropertyValueSpecification","valueRequired":true,"valueName":"search_term_string"}}],"inLanguage":"es"},{"@type":"Organization","@id":"https:\/\/biketur.cl\/shop\/#organization","name":"Tienda de Bicicletas","url":"https:\/\/biketur.cl\/shop\/","logo":{"@type":"ImageObject","inLanguage":"es","@id":"https:\/\/biketur.cl\/shop\/#\/schema\/logo\/image\/","url":"https:\/\/biketur.cl\/shop\/wp-content\/uploads\/2021\/05\/cropped-logo-web-Biketur-shop.png","contentUrl":"https:\/\/biketur.cl\/shop\/wp-content\/uploads\/2021\/05\/cropped-logo-web-Biketur-shop.png","width":500,"height":270,"caption":"Tienda de Bicicletas"},"image":{"@id":"https:\/\/biketur.cl\/shop\/#\/schema\/logo\/image\/"}}]}},"brands":[{"id":158,"name":"ROCKBROS","slug":"productos-rockbros"}],"_links":{"self":[{"href":"https:\/\/biketur.cl\/shop\/wp-json\/wp\/v2\/product\/4352","targetHints":{"allow":["GET"]}}],"collection":[{"href":"https:\/\/biketur.cl\/shop\/wp-json\/wp\/v2\/product"}],"about":[{"href":"https:\/\/biketur.cl\/shop\/wp-json\/wp\/v2\/types\/product"}],"replies":[{"embeddable":true,"href":"https:\/\/biketur.cl\/shop\/wp-json\/wp\/v2\/comments?post=4352"}],"wp:featuredmedia":[{"embeddable":true,"href":"https:\/\/biketur.cl\/shop\/wp-json\/wp\/v2\/media\/4354"}],"wp:attachment":[{"href":"https:\/\/biketur.cl\/shop\/wp-json\/wp\/v2\/media?parent=4352"}],"wp:term":[{"taxonomy":"pwb-brand","embeddable":true,"href":"https:\/\/biketur.cl\/shop\/wp-json\/wp\/v2\/pwb-brand?post=4352"},{"taxonomy":"product_brand","embeddable":true,"href":"https:\/\/biketur.cl\/shop\/wp-json\/wp\/v2\/product_brand?post=4352"},{"taxonomy":"product_cat","embeddable":true,"href":"https:\/\/biketur.cl\/shop\/wp-json\/wp\/v2\/product_cat?post=4352"},{"taxonomy":"product_tag","embeddable":true,"href":"https:\/\/biketur.cl\/shop\/wp-json\/wp\/v2\/product_tag?post=4352"}],"curies":[{"name":"wp","href":"https:\/\/api.w.org\/{rel}","templated":true}]}}