{"id":4357,"date":"2022-01-21T19:18:01","date_gmt":"2022-01-21T22:18:01","guid":{"rendered":"https:\/\/biketur.cl\/shop\/?post_type=product&#038;p=4357"},"modified":"2022-01-23T08:25:26","modified_gmt":"2022-01-23T11:25:26","slug":"funda-para-telefono-impermeable-de-bicicleta","status":"publish","type":"product","link":"https:\/\/biketur.cl\/shop\/producto\/funda-para-telefono-impermeable-de-bicicleta\/","title":{"rendered":"Funda para tel\u00e9fono impermeable de bicicleta"},"content":{"rendered":"<p>Tama\u00f1o: 19,5 x 11 x 3 cm<br \/>\nPeso: alrededor de 108G<br \/>\nMaterial: Tela impermeable 600D + TPU<br \/>\nAjuste: tel\u00e9fono m\u00e1ximo de 6 pulgadas<\/p>\n<p>Caracter\u00edsticas:<br \/>\n1. Tama\u00f1o: tel\u00e9fono m\u00f3vil de 6 pulgadas o menos<br \/>\n2. Pantalla t\u00e1ctil de TPU<br \/>\n3. Cremallera doble impermeable, 100% impermeable<br \/>\n4. Muchos bolsillos interiores<br \/>\n5. Dise\u00f1o reflectante<br \/>\n6.360 grados giratorio<br \/>\n7. Instale y retire r\u00e1pidamente, f\u00e1cil de transportar<\/p>\n","protected":false},"excerpt":{"rendered":"<p>Mantiene tu tel\u00e9fono completamente seco.<br \/>\nSoporta hasta aparatos de 6 pulgadas y puedes utilizarlo sin problemas gracias a su pantalla t\u00e1ctil.<br \/>\nAdem\u00e1s incluye bolsillos interiores para mantener todo en orden y un soporte giratorio de 360 grados para que siempre est\u00e9 en la posici\u00f3n correcta.<br \/>\nF\u00e1cil montaje y desmontaje.<\/p>\n","protected":false},"featured_media":4358,"comment_status":"closed","ping_status":"closed","template":"","meta":[],"pwb-brand":[158],"product_brand":[],"product_cat":[31],"product_tag":[],"class_list":{"0":"post-4357","1":"product","2":"type-product","3":"status-publish","4":"has-post-thumbnail","6":"pwb-brand-productos-rockbros","7":"product_cat-bicicletas-en-chile","9":"first","10":"instock","11":"taxable","12":"shipping-taxable","13":"purchasable","14":"product-type-simple"},"yoast_head":"<!-- This site is optimized with the Yoast SEO plugin v27.3 - https:\/\/yoast.com\/product\/yoast-seo-wordpress\/ -->\n<title>Funda para tel\u00e9fono impermeable de bicicleta - Tienda de Bicicletas<\/title>\n<meta name=\"robots\" content=\"index, follow, max-snippet:-1, max-image-preview:large, max-video-preview:-1\" \/>\n<link rel=\"canonical\" href=\"https:\/\/biketur.cl\/shop\/producto\/funda-para-telefono-impermeable-de-bicicleta\/\" \/>\n<meta property=\"og:locale\" content=\"es_ES\" \/>\n<meta property=\"og:type\" content=\"article\" \/>\n<meta property=\"og:title\" content=\"Funda para tel\u00e9fono impermeable de bicicleta - Tienda de Bicicletas\" \/>\n<meta property=\"og:description\" content=\"Mantiene tu tel\u00e9fono completamente seco.  Soporta hasta aparatos de 6 pulgadas y puedes utilizarlo sin problemas gracias a su pantalla t\u00e1ctil. Adem\u00e1s incluye bolsillos interiores para mantener todo en orden y un soporte giratorio de 360 grados para que siempre est\u00e9 en la posici\u00f3n correcta. F\u00e1cil montaje y desmontaje.\" \/>\n<meta property=\"og:url\" content=\"https:\/\/biketur.cl\/shop\/producto\/funda-para-telefono-impermeable-de-bicicleta\/\" \/>\n<meta property=\"og:site_name\" content=\"Tienda de Bicicletas\" \/>\n<meta property=\"article:modified_time\" content=\"2022-01-23T11:25:26+00:00\" \/>\n<meta property=\"og:image\" content=\"https:\/\/biketur.cl\/shop\/wp-content\/uploads\/2022\/01\/porta-celular-bicicleta-..jpg\" \/>\n\t<meta property=\"og:image:width\" content=\"2328\" \/>\n\t<meta property=\"og:image:height\" content=\"2327\" \/>\n\t<meta property=\"og:image:type\" content=\"image\/jpeg\" \/>\n<meta name=\"twitter:card\" content=\"summary_large_image\" \/>\n<script type=\"application\/ld+json\" class=\"yoast-schema-graph\">{\"@context\":\"https:\\\/\\\/schema.org\",\"@graph\":[{\"@type\":\"WebPage\",\"@id\":\"https:\\\/\\\/biketur.cl\\\/shop\\\/producto\\\/funda-para-telefono-impermeable-de-bicicleta\\\/\",\"url\":\"https:\\\/\\\/biketur.cl\\\/shop\\\/producto\\\/funda-para-telefono-impermeable-de-bicicleta\\\/\",\"name\":\"Funda para tel\u00e9fono impermeable de bicicleta - Tienda de Bicicletas\",\"isPartOf\":{\"@id\":\"https:\\\/\\\/biketur.cl\\\/shop\\\/#website\"},\"primaryImageOfPage\":{\"@id\":\"https:\\\/\\\/biketur.cl\\\/shop\\\/producto\\\/funda-para-telefono-impermeable-de-bicicleta\\\/#primaryimage\"},\"image\":{\"@id\":\"https:\\\/\\\/biketur.cl\\\/shop\\\/producto\\\/funda-para-telefono-impermeable-de-bicicleta\\\/#primaryimage\"},\"thumbnailUrl\":\"https:\\\/\\\/biketur.cl\\\/shop\\\/wp-content\\\/uploads\\\/2022\\\/01\\\/porta-celular-bicicleta-..jpg\",\"datePublished\":\"2022-01-21T22:18:01+00:00\",\"dateModified\":\"2022-01-23T11:25:26+00:00\",\"breadcrumb\":{\"@id\":\"https:\\\/\\\/biketur.cl\\\/shop\\\/producto\\\/funda-para-telefono-impermeable-de-bicicleta\\\/#breadcrumb\"},\"inLanguage\":\"es\",\"potentialAction\":[{\"@type\":\"ReadAction\",\"target\":[\"https:\\\/\\\/biketur.cl\\\/shop\\\/producto\\\/funda-para-telefono-impermeable-de-bicicleta\\\/\"]}]},{\"@type\":\"ImageObject\",\"inLanguage\":\"es\",\"@id\":\"https:\\\/\\\/biketur.cl\\\/shop\\\/producto\\\/funda-para-telefono-impermeable-de-bicicleta\\\/#primaryimage\",\"url\":\"https:\\\/\\\/biketur.cl\\\/shop\\\/wp-content\\\/uploads\\\/2022\\\/01\\\/porta-celular-bicicleta-..jpg\",\"contentUrl\":\"https:\\\/\\\/biketur.cl\\\/shop\\\/wp-content\\\/uploads\\\/2022\\\/01\\\/porta-celular-bicicleta-..jpg\",\"width\":2328,\"height\":2327},{\"@type\":\"BreadcrumbList\",\"@id\":\"https:\\\/\\\/biketur.cl\\\/shop\\\/producto\\\/funda-para-telefono-impermeable-de-bicicleta\\\/#breadcrumb\",\"itemListElement\":[{\"@type\":\"ListItem\",\"position\":1,\"name\":\"Portada\",\"item\":\"https:\\\/\\\/biketur.cl\\\/shop\\\/\"},{\"@type\":\"ListItem\",\"position\":2,\"name\":\"Tienda\",\"item\":\"https:\\\/\\\/biketur.cl\\\/shop\\\/tienda\\\/\"},{\"@type\":\"ListItem\",\"position\":3,\"name\":\"Funda para tel\u00e9fono impermeable de bicicleta\"}]},{\"@type\":\"WebSite\",\"@id\":\"https:\\\/\\\/biketur.cl\\\/shop\\\/#website\",\"url\":\"https:\\\/\\\/biketur.cl\\\/shop\\\/\",\"name\":\"Tienda de Bicicletas\",\"description\":\"| Monta\u00f1a - Ruta - Urbanas |\",\"publisher\":{\"@id\":\"https:\\\/\\\/biketur.cl\\\/shop\\\/#organization\"},\"potentialAction\":[{\"@type\":\"SearchAction\",\"target\":{\"@type\":\"EntryPoint\",\"urlTemplate\":\"https:\\\/\\\/biketur.cl\\\/shop\\\/?s={search_term_string}\"},\"query-input\":{\"@type\":\"PropertyValueSpecification\",\"valueRequired\":true,\"valueName\":\"search_term_string\"}}],\"inLanguage\":\"es\"},{\"@type\":\"Organization\",\"@id\":\"https:\\\/\\\/biketur.cl\\\/shop\\\/#organization\",\"name\":\"Tienda de Bicicletas\",\"url\":\"https:\\\/\\\/biketur.cl\\\/shop\\\/\",\"logo\":{\"@type\":\"ImageObject\",\"inLanguage\":\"es\",\"@id\":\"https:\\\/\\\/biketur.cl\\\/shop\\\/#\\\/schema\\\/logo\\\/image\\\/\",\"url\":\"https:\\\/\\\/biketur.cl\\\/shop\\\/wp-content\\\/uploads\\\/2021\\\/05\\\/cropped-logo-web-Biketur-shop.png\",\"contentUrl\":\"https:\\\/\\\/biketur.cl\\\/shop\\\/wp-content\\\/uploads\\\/2021\\\/05\\\/cropped-logo-web-Biketur-shop.png\",\"width\":500,\"height\":270,\"caption\":\"Tienda de Bicicletas\"},\"image\":{\"@id\":\"https:\\\/\\\/biketur.cl\\\/shop\\\/#\\\/schema\\\/logo\\\/image\\\/\"}}]}<\/script>\n<!-- \/ Yoast SEO plugin. -->","yoast_head_json":{"title":"Funda para tel\u00e9fono impermeable de bicicleta - Tienda de Bicicletas","robots":{"index":"index","follow":"follow","max-snippet":"max-snippet:-1","max-image-preview":"max-image-preview:large","max-video-preview":"max-video-preview:-1"},"canonical":"https:\/\/biketur.cl\/shop\/producto\/funda-para-telefono-impermeable-de-bicicleta\/","og_locale":"es_ES","og_type":"article","og_title":"Funda para tel\u00e9fono impermeable de bicicleta - Tienda de Bicicletas","og_description":"Mantiene tu tel\u00e9fono completamente seco.  Soporta hasta aparatos de 6 pulgadas y puedes utilizarlo sin problemas gracias a su pantalla t\u00e1ctil. Adem\u00e1s incluye bolsillos interiores para mantener todo en orden y un soporte giratorio de 360 grados para que siempre est\u00e9 en la posici\u00f3n correcta. F\u00e1cil montaje y desmontaje.","og_url":"https:\/\/biketur.cl\/shop\/producto\/funda-para-telefono-impermeable-de-bicicleta\/","og_site_name":"Tienda de Bicicletas","article_modified_time":"2022-01-23T11:25:26+00:00","og_image":[{"width":2328,"height":2327,"url":"https:\/\/biketur.cl\/shop\/wp-content\/uploads\/2022\/01\/porta-celular-bicicleta-..jpg","type":"image\/jpeg"}],"twitter_card":"summary_large_image","schema":{"@context":"https:\/\/schema.org","@graph":[{"@type":"WebPage","@id":"https:\/\/biketur.cl\/shop\/producto\/funda-para-telefono-impermeable-de-bicicleta\/","url":"https:\/\/biketur.cl\/shop\/producto\/funda-para-telefono-impermeable-de-bicicleta\/","name":"Funda para tel\u00e9fono impermeable de bicicleta - Tienda de Bicicletas","isPartOf":{"@id":"https:\/\/biketur.cl\/shop\/#website"},"primaryImageOfPage":{"@id":"https:\/\/biketur.cl\/shop\/producto\/funda-para-telefono-impermeable-de-bicicleta\/#primaryimage"},"image":{"@id":"https:\/\/biketur.cl\/shop\/producto\/funda-para-telefono-impermeable-de-bicicleta\/#primaryimage"},"thumbnailUrl":"https:\/\/biketur.cl\/shop\/wp-content\/uploads\/2022\/01\/porta-celular-bicicleta-..jpg","datePublished":"2022-01-21T22:18:01+00:00","dateModified":"2022-01-23T11:25:26+00:00","breadcrumb":{"@id":"https:\/\/biketur.cl\/shop\/producto\/funda-para-telefono-impermeable-de-bicicleta\/#breadcrumb"},"inLanguage":"es","potentialAction":[{"@type":"ReadAction","target":["https:\/\/biketur.cl\/shop\/producto\/funda-para-telefono-impermeable-de-bicicleta\/"]}]},{"@type":"ImageObject","inLanguage":"es","@id":"https:\/\/biketur.cl\/shop\/producto\/funda-para-telefono-impermeable-de-bicicleta\/#primaryimage","url":"https:\/\/biketur.cl\/shop\/wp-content\/uploads\/2022\/01\/porta-celular-bicicleta-..jpg","contentUrl":"https:\/\/biketur.cl\/shop\/wp-content\/uploads\/2022\/01\/porta-celular-bicicleta-..jpg","width":2328,"height":2327},{"@type":"BreadcrumbList","@id":"https:\/\/biketur.cl\/shop\/producto\/funda-para-telefono-impermeable-de-bicicleta\/#breadcrumb","itemListElement":[{"@type":"ListItem","position":1,"name":"Portada","item":"https:\/\/biketur.cl\/shop\/"},{"@type":"ListItem","position":2,"name":"Tienda","item":"https:\/\/biketur.cl\/shop\/tienda\/"},{"@type":"ListItem","position":3,"name":"Funda para tel\u00e9fono impermeable de bicicleta"}]},{"@type":"WebSite","@id":"https:\/\/biketur.cl\/shop\/#website","url":"https:\/\/biketur.cl\/shop\/","name":"Tienda de Bicicletas","description":"| Monta\u00f1a - Ruta - Urbanas |","publisher":{"@id":"https:\/\/biketur.cl\/shop\/#organization"},"potentialAction":[{"@type":"SearchAction","target":{"@type":"EntryPoint","urlTemplate":"https:\/\/biketur.cl\/shop\/?s={search_term_string}"},"query-input":{"@type":"PropertyValueSpecification","valueRequired":true,"valueName":"search_term_string"}}],"inLanguage":"es"},{"@type":"Organization","@id":"https:\/\/biketur.cl\/shop\/#organization","name":"Tienda de Bicicletas","url":"https:\/\/biketur.cl\/shop\/","logo":{"@type":"ImageObject","inLanguage":"es","@id":"https:\/\/biketur.cl\/shop\/#\/schema\/logo\/image\/","url":"https:\/\/biketur.cl\/shop\/wp-content\/uploads\/2021\/05\/cropped-logo-web-Biketur-shop.png","contentUrl":"https:\/\/biketur.cl\/shop\/wp-content\/uploads\/2021\/05\/cropped-logo-web-Biketur-shop.png","width":500,"height":270,"caption":"Tienda de Bicicletas"},"image":{"@id":"https:\/\/biketur.cl\/shop\/#\/schema\/logo\/image\/"}}]}},"brands":[{"id":158,"name":"ROCKBROS","slug":"productos-rockbros"}],"_links":{"self":[{"href":"https:\/\/biketur.cl\/shop\/wp-json\/wp\/v2\/product\/4357","targetHints":{"allow":["GET"]}}],"collection":[{"href":"https:\/\/biketur.cl\/shop\/wp-json\/wp\/v2\/product"}],"about":[{"href":"https:\/\/biketur.cl\/shop\/wp-json\/wp\/v2\/types\/product"}],"replies":[{"embeddable":true,"href":"https:\/\/biketur.cl\/shop\/wp-json\/wp\/v2\/comments?post=4357"}],"wp:featuredmedia":[{"embeddable":true,"href":"https:\/\/biketur.cl\/shop\/wp-json\/wp\/v2\/media\/4358"}],"wp:attachment":[{"href":"https:\/\/biketur.cl\/shop\/wp-json\/wp\/v2\/media?parent=4357"}],"wp:term":[{"taxonomy":"pwb-brand","embeddable":true,"href":"https:\/\/biketur.cl\/shop\/wp-json\/wp\/v2\/pwb-brand?post=4357"},{"taxonomy":"product_brand","embeddable":true,"href":"https:\/\/biketur.cl\/shop\/wp-json\/wp\/v2\/product_brand?post=4357"},{"taxonomy":"product_cat","embeddable":true,"href":"https:\/\/biketur.cl\/shop\/wp-json\/wp\/v2\/product_cat?post=4357"},{"taxonomy":"product_tag","embeddable":true,"href":"https:\/\/biketur.cl\/shop\/wp-json\/wp\/v2\/product_tag?post=4357"}],"curies":[{"name":"wp","href":"https:\/\/api.w.org\/{rel}","templated":true}]}}