{"id":4458,"date":"2022-01-23T18:30:40","date_gmt":"2022-01-23T21:30:40","guid":{"rendered":"https:\/\/biketur.cl\/shop\/?post_type=product&#038;p=4458"},"modified":"2026-03-05T14:22:53","modified_gmt":"2026-03-05T17:22:53","slug":"guantes-ciclismo-dedos-largos-gris-negro","status":"publish","type":"product","link":"https:\/\/biketur.cl\/shop\/producto\/guantes-ciclismo-dedos-largos-gris-negro\/","title":{"rendered":"GUANTE DEDOS LARGOS GRIS\/NEGRO"},"content":{"rendered":"<p>Aptos para usarlos durante todo el a\u00f1o.<\/p>\n<p>&#8211; Transpirables<br \/>\n&#8211; Resistentes al viento<br \/>\n&#8211; Antideslizantes<\/p>\n<p>Material: Algod\u00f3n, Lycra, Nylon<br \/>\nTallas: S, M, L,XL<br \/>\nTama\u00f1o seg\u00fan ancho de palma: S(ancho 6.9-7.4cm), M(ancho 7.5-8cm), L(ancho 8-9cm), XL(ancho 9-10cm)<\/p>\n","protected":false},"excerpt":{"rendered":"<p>Protege tus manos con los guantes S109-1 de ROCKBROS, c\u00f3modos, hechos de material antideslizante y transpirable para un mejor agarre del manubrio.<br \/>\nPodr\u00e1s operar la pantalla t\u00e1ctil de tu tel\u00e9fono sin necesidad de sac\u00e1rtelos.<br \/>\nAptos para usarlos durante todo el a\u00f1o.<\/p>\n","protected":false},"featured_media":4466,"comment_status":"closed","ping_status":"closed","template":"","meta":[],"pwb-brand":[158],"product_brand":[],"product_cat":[34,38],"product_tag":[],"class_list":{"0":"post-4458","1":"product","2":"type-product","3":"status-publish","4":"has-post-thumbnail","6":"pwb-brand-productos-rockbros","7":"product_cat-guantes","8":"product_cat-vestuario","10":"first","11":"instock","12":"sale","13":"taxable","14":"shipping-taxable","15":"purchasable","16":"product-type-variable"},"yoast_head":"<!-- This site is optimized with the Yoast SEO plugin v27.3 - https:\/\/yoast.com\/product\/yoast-seo-wordpress\/ -->\n<title>GUANTE DEDOS LARGOS GRIS\/NEGRO - Tienda de Bicicletas<\/title>\n<meta name=\"robots\" content=\"index, follow, max-snippet:-1, max-image-preview:large, max-video-preview:-1\" \/>\n<link rel=\"canonical\" href=\"https:\/\/biketur.cl\/shop\/producto\/guantes-ciclismo-dedos-largos-gris-negro\/\" \/>\n<meta property=\"og:locale\" content=\"es_ES\" \/>\n<meta property=\"og:type\" content=\"article\" \/>\n<meta property=\"og:title\" content=\"GUANTE DEDOS LARGOS GRIS\/NEGRO - Tienda de Bicicletas\" \/>\n<meta property=\"og:description\" content=\"Protege tus manos con los guantes S109-1 de ROCKBROS, c\u00f3modos, hechos de material antideslizante y transpirable para un mejor agarre del manubrio. Podr\u00e1s operar la pantalla t\u00e1ctil de tu tel\u00e9fono sin necesidad de sac\u00e1rtelos. Aptos para usarlos durante todo el a\u00f1o.\" \/>\n<meta property=\"og:url\" content=\"https:\/\/biketur.cl\/shop\/producto\/guantes-ciclismo-dedos-largos-gris-negro\/\" \/>\n<meta property=\"og:site_name\" content=\"Tienda de Bicicletas\" \/>\n<meta property=\"article:modified_time\" content=\"2026-03-05T17:22:53+00:00\" \/>\n<meta property=\"og:image\" content=\"https:\/\/biketur.cl\/shop\/wp-content\/uploads\/2022\/01\/Guante-largos-ciclismo.jpg\" \/>\n\t<meta property=\"og:image:width\" content=\"2328\" \/>\n\t<meta property=\"og:image:height\" content=\"2327\" \/>\n\t<meta property=\"og:image:type\" content=\"image\/jpeg\" \/>\n<meta name=\"twitter:card\" content=\"summary_large_image\" \/>\n<meta name=\"twitter:label1\" content=\"Tiempo de lectura\" \/>\n\t<meta name=\"twitter:data1\" content=\"1 minuto\" \/>\n<script type=\"application\/ld+json\" class=\"yoast-schema-graph\">{\"@context\":\"https:\\\/\\\/schema.org\",\"@graph\":[{\"@type\":\"WebPage\",\"@id\":\"https:\\\/\\\/biketur.cl\\\/shop\\\/producto\\\/guantes-ciclismo-dedos-largos-gris-negro\\\/\",\"url\":\"https:\\\/\\\/biketur.cl\\\/shop\\\/producto\\\/guantes-ciclismo-dedos-largos-gris-negro\\\/\",\"name\":\"GUANTE DEDOS LARGOS GRIS\\\/NEGRO - Tienda de Bicicletas\",\"isPartOf\":{\"@id\":\"https:\\\/\\\/biketur.cl\\\/shop\\\/#website\"},\"primaryImageOfPage\":{\"@id\":\"https:\\\/\\\/biketur.cl\\\/shop\\\/producto\\\/guantes-ciclismo-dedos-largos-gris-negro\\\/#primaryimage\"},\"image\":{\"@id\":\"https:\\\/\\\/biketur.cl\\\/shop\\\/producto\\\/guantes-ciclismo-dedos-largos-gris-negro\\\/#primaryimage\"},\"thumbnailUrl\":\"https:\\\/\\\/biketur.cl\\\/shop\\\/wp-content\\\/uploads\\\/2022\\\/01\\\/Guante-largos-ciclismo.jpg\",\"datePublished\":\"2022-01-23T21:30:40+00:00\",\"dateModified\":\"2026-03-05T17:22:53+00:00\",\"breadcrumb\":{\"@id\":\"https:\\\/\\\/biketur.cl\\\/shop\\\/producto\\\/guantes-ciclismo-dedos-largos-gris-negro\\\/#breadcrumb\"},\"inLanguage\":\"es\",\"potentialAction\":[{\"@type\":\"ReadAction\",\"target\":[\"https:\\\/\\\/biketur.cl\\\/shop\\\/producto\\\/guantes-ciclismo-dedos-largos-gris-negro\\\/\"]}]},{\"@type\":\"ImageObject\",\"inLanguage\":\"es\",\"@id\":\"https:\\\/\\\/biketur.cl\\\/shop\\\/producto\\\/guantes-ciclismo-dedos-largos-gris-negro\\\/#primaryimage\",\"url\":\"https:\\\/\\\/biketur.cl\\\/shop\\\/wp-content\\\/uploads\\\/2022\\\/01\\\/Guante-largos-ciclismo.jpg\",\"contentUrl\":\"https:\\\/\\\/biketur.cl\\\/shop\\\/wp-content\\\/uploads\\\/2022\\\/01\\\/Guante-largos-ciclismo.jpg\",\"width\":2328,\"height\":2327},{\"@type\":\"BreadcrumbList\",\"@id\":\"https:\\\/\\\/biketur.cl\\\/shop\\\/producto\\\/guantes-ciclismo-dedos-largos-gris-negro\\\/#breadcrumb\",\"itemListElement\":[{\"@type\":\"ListItem\",\"position\":1,\"name\":\"Portada\",\"item\":\"https:\\\/\\\/biketur.cl\\\/shop\\\/\"},{\"@type\":\"ListItem\",\"position\":2,\"name\":\"Tienda\",\"item\":\"https:\\\/\\\/biketur.cl\\\/shop\\\/tienda\\\/\"},{\"@type\":\"ListItem\",\"position\":3,\"name\":\"GUANTE DEDOS LARGOS GRIS\\\/NEGRO\"}]},{\"@type\":\"WebSite\",\"@id\":\"https:\\\/\\\/biketur.cl\\\/shop\\\/#website\",\"url\":\"https:\\\/\\\/biketur.cl\\\/shop\\\/\",\"name\":\"Tienda de Bicicletas\",\"description\":\"| Monta\u00f1a - Ruta - Urbanas |\",\"publisher\":{\"@id\":\"https:\\\/\\\/biketur.cl\\\/shop\\\/#organization\"},\"potentialAction\":[{\"@type\":\"SearchAction\",\"target\":{\"@type\":\"EntryPoint\",\"urlTemplate\":\"https:\\\/\\\/biketur.cl\\\/shop\\\/?s={search_term_string}\"},\"query-input\":{\"@type\":\"PropertyValueSpecification\",\"valueRequired\":true,\"valueName\":\"search_term_string\"}}],\"inLanguage\":\"es\"},{\"@type\":\"Organization\",\"@id\":\"https:\\\/\\\/biketur.cl\\\/shop\\\/#organization\",\"name\":\"Tienda de Bicicletas\",\"url\":\"https:\\\/\\\/biketur.cl\\\/shop\\\/\",\"logo\":{\"@type\":\"ImageObject\",\"inLanguage\":\"es\",\"@id\":\"https:\\\/\\\/biketur.cl\\\/shop\\\/#\\\/schema\\\/logo\\\/image\\\/\",\"url\":\"https:\\\/\\\/biketur.cl\\\/shop\\\/wp-content\\\/uploads\\\/2021\\\/05\\\/cropped-logo-web-Biketur-shop.png\",\"contentUrl\":\"https:\\\/\\\/biketur.cl\\\/shop\\\/wp-content\\\/uploads\\\/2021\\\/05\\\/cropped-logo-web-Biketur-shop.png\",\"width\":500,\"height\":270,\"caption\":\"Tienda de Bicicletas\"},\"image\":{\"@id\":\"https:\\\/\\\/biketur.cl\\\/shop\\\/#\\\/schema\\\/logo\\\/image\\\/\"}}]}<\/script>\n<!-- \/ Yoast SEO plugin. -->","yoast_head_json":{"title":"GUANTE DEDOS LARGOS GRIS\/NEGRO - Tienda de Bicicletas","robots":{"index":"index","follow":"follow","max-snippet":"max-snippet:-1","max-image-preview":"max-image-preview:large","max-video-preview":"max-video-preview:-1"},"canonical":"https:\/\/biketur.cl\/shop\/producto\/guantes-ciclismo-dedos-largos-gris-negro\/","og_locale":"es_ES","og_type":"article","og_title":"GUANTE DEDOS LARGOS GRIS\/NEGRO - Tienda de Bicicletas","og_description":"Protege tus manos con los guantes S109-1 de ROCKBROS, c\u00f3modos, hechos de material antideslizante y transpirable para un mejor agarre del manubrio. Podr\u00e1s operar la pantalla t\u00e1ctil de tu tel\u00e9fono sin necesidad de sac\u00e1rtelos. Aptos para usarlos durante todo el a\u00f1o.","og_url":"https:\/\/biketur.cl\/shop\/producto\/guantes-ciclismo-dedos-largos-gris-negro\/","og_site_name":"Tienda de Bicicletas","article_modified_time":"2026-03-05T17:22:53+00:00","og_image":[{"width":2328,"height":2327,"url":"https:\/\/biketur.cl\/shop\/wp-content\/uploads\/2022\/01\/Guante-largos-ciclismo.jpg","type":"image\/jpeg"}],"twitter_card":"summary_large_image","twitter_misc":{"Tiempo de lectura":"1 minuto"},"schema":{"@context":"https:\/\/schema.org","@graph":[{"@type":"WebPage","@id":"https:\/\/biketur.cl\/shop\/producto\/guantes-ciclismo-dedos-largos-gris-negro\/","url":"https:\/\/biketur.cl\/shop\/producto\/guantes-ciclismo-dedos-largos-gris-negro\/","name":"GUANTE DEDOS LARGOS GRIS\/NEGRO - Tienda de Bicicletas","isPartOf":{"@id":"https:\/\/biketur.cl\/shop\/#website"},"primaryImageOfPage":{"@id":"https:\/\/biketur.cl\/shop\/producto\/guantes-ciclismo-dedos-largos-gris-negro\/#primaryimage"},"image":{"@id":"https:\/\/biketur.cl\/shop\/producto\/guantes-ciclismo-dedos-largos-gris-negro\/#primaryimage"},"thumbnailUrl":"https:\/\/biketur.cl\/shop\/wp-content\/uploads\/2022\/01\/Guante-largos-ciclismo.jpg","datePublished":"2022-01-23T21:30:40+00:00","dateModified":"2026-03-05T17:22:53+00:00","breadcrumb":{"@id":"https:\/\/biketur.cl\/shop\/producto\/guantes-ciclismo-dedos-largos-gris-negro\/#breadcrumb"},"inLanguage":"es","potentialAction":[{"@type":"ReadAction","target":["https:\/\/biketur.cl\/shop\/producto\/guantes-ciclismo-dedos-largos-gris-negro\/"]}]},{"@type":"ImageObject","inLanguage":"es","@id":"https:\/\/biketur.cl\/shop\/producto\/guantes-ciclismo-dedos-largos-gris-negro\/#primaryimage","url":"https:\/\/biketur.cl\/shop\/wp-content\/uploads\/2022\/01\/Guante-largos-ciclismo.jpg","contentUrl":"https:\/\/biketur.cl\/shop\/wp-content\/uploads\/2022\/01\/Guante-largos-ciclismo.jpg","width":2328,"height":2327},{"@type":"BreadcrumbList","@id":"https:\/\/biketur.cl\/shop\/producto\/guantes-ciclismo-dedos-largos-gris-negro\/#breadcrumb","itemListElement":[{"@type":"ListItem","position":1,"name":"Portada","item":"https:\/\/biketur.cl\/shop\/"},{"@type":"ListItem","position":2,"name":"Tienda","item":"https:\/\/biketur.cl\/shop\/tienda\/"},{"@type":"ListItem","position":3,"name":"GUANTE DEDOS LARGOS GRIS\/NEGRO"}]},{"@type":"WebSite","@id":"https:\/\/biketur.cl\/shop\/#website","url":"https:\/\/biketur.cl\/shop\/","name":"Tienda de Bicicletas","description":"| Monta\u00f1a - Ruta - Urbanas |","publisher":{"@id":"https:\/\/biketur.cl\/shop\/#organization"},"potentialAction":[{"@type":"SearchAction","target":{"@type":"EntryPoint","urlTemplate":"https:\/\/biketur.cl\/shop\/?s={search_term_string}"},"query-input":{"@type":"PropertyValueSpecification","valueRequired":true,"valueName":"search_term_string"}}],"inLanguage":"es"},{"@type":"Organization","@id":"https:\/\/biketur.cl\/shop\/#organization","name":"Tienda de Bicicletas","url":"https:\/\/biketur.cl\/shop\/","logo":{"@type":"ImageObject","inLanguage":"es","@id":"https:\/\/biketur.cl\/shop\/#\/schema\/logo\/image\/","url":"https:\/\/biketur.cl\/shop\/wp-content\/uploads\/2021\/05\/cropped-logo-web-Biketur-shop.png","contentUrl":"https:\/\/biketur.cl\/shop\/wp-content\/uploads\/2021\/05\/cropped-logo-web-Biketur-shop.png","width":500,"height":270,"caption":"Tienda de Bicicletas"},"image":{"@id":"https:\/\/biketur.cl\/shop\/#\/schema\/logo\/image\/"}}]}},"brands":[{"id":158,"name":"ROCKBROS","slug":"productos-rockbros"}],"_links":{"self":[{"href":"https:\/\/biketur.cl\/shop\/wp-json\/wp\/v2\/product\/4458","targetHints":{"allow":["GET"]}}],"collection":[{"href":"https:\/\/biketur.cl\/shop\/wp-json\/wp\/v2\/product"}],"about":[{"href":"https:\/\/biketur.cl\/shop\/wp-json\/wp\/v2\/types\/product"}],"replies":[{"embeddable":true,"href":"https:\/\/biketur.cl\/shop\/wp-json\/wp\/v2\/comments?post=4458"}],"wp:featuredmedia":[{"embeddable":true,"href":"https:\/\/biketur.cl\/shop\/wp-json\/wp\/v2\/media\/4466"}],"wp:attachment":[{"href":"https:\/\/biketur.cl\/shop\/wp-json\/wp\/v2\/media?parent=4458"}],"wp:term":[{"taxonomy":"pwb-brand","embeddable":true,"href":"https:\/\/biketur.cl\/shop\/wp-json\/wp\/v2\/pwb-brand?post=4458"},{"taxonomy":"product_brand","embeddable":true,"href":"https:\/\/biketur.cl\/shop\/wp-json\/wp\/v2\/product_brand?post=4458"},{"taxonomy":"product_cat","embeddable":true,"href":"https:\/\/biketur.cl\/shop\/wp-json\/wp\/v2\/product_cat?post=4458"},{"taxonomy":"product_tag","embeddable":true,"href":"https:\/\/biketur.cl\/shop\/wp-json\/wp\/v2\/product_tag?post=4458"}],"curies":[{"name":"wp","href":"https:\/\/api.w.org\/{rel}","templated":true}]}}