{"id":5940,"date":"2024-05-02T20:03:14","date_gmt":"2024-05-02T23:03:14","guid":{"rendered":"https:\/\/biketur.cl\/shop\/?post_type=product&#038;p=5940"},"modified":"2025-12-19T11:10:09","modified_gmt":"2025-12-19T14:10:09","slug":"bicicleta-urbana-felt-versa-speed","status":"publish","type":"product","link":"https:\/\/biketur.cl\/shop\/producto\/bicicleta-urbana-felt-versa-speed\/","title":{"rendered":"Bicicleta Urbana Felt Versa Speed Color Plata"},"content":{"rendered":"","protected":false},"excerpt":{"rendered":"","protected":false},"featured_media":5946,"comment_status":"closed","ping_status":"closed","template":"","meta":[],"pwb-brand":[],"product_brand":[],"product_cat":[31,73],"product_tag":[],"class_list":{"0":"post-5940","1":"product","2":"type-product","3":"status-publish","4":"has-post-thumbnail","6":"product_cat-bicicletas-en-chile","7":"product_cat-urbanas","9":"first","10":"instock","11":"sale","12":"taxable","13":"shipping-taxable","14":"purchasable","15":"product-type-variable"},"yoast_head":"<!-- This site is optimized with the Yoast SEO plugin v27.4 - https:\/\/yoast.com\/product\/yoast-seo-wordpress\/ -->\n<title>Bicicleta Urbana Felt Versa Speed | Env\u00edo a Todo Chile<\/title>\n<meta name=\"description\" content=\"La Bicicleta Urbana Felt Versa Speed es una opci\u00f3n accesible, vers\u00e1til y confiable para desplazamientos urbanos, dise\u00f1ada para quienes buscan comodidad, eficiencia y estilo al pedalear por la ciudad. Ideal para trayectos al trabajo, salidas recreativas y recorridos diarios en asfalto.\" \/>\n<meta name=\"robots\" content=\"index, follow, max-snippet:-1, max-image-preview:large, max-video-preview:-1\" \/>\n<link rel=\"canonical\" href=\"https:\/\/biketur.cl\/shop\/producto\/bicicleta-urbana-felt-versa-speed\/\" \/>\n<meta property=\"og:locale\" content=\"es_ES\" \/>\n<meta property=\"og:type\" content=\"article\" \/>\n<meta property=\"og:title\" content=\"Bicicleta Urbana Felt Versa Speed | Env\u00edo a Todo Chile\" \/>\n<meta property=\"og:description\" content=\"La Bicicleta Urbana Felt Versa Speed es una opci\u00f3n accesible, vers\u00e1til y confiable para desplazamientos urbanos, dise\u00f1ada para quienes buscan comodidad, eficiencia y estilo al pedalear por la ciudad. Ideal para trayectos al trabajo, salidas recreativas y recorridos diarios en asfalto.\" \/>\n<meta property=\"og:url\" content=\"https:\/\/biketur.cl\/shop\/producto\/bicicleta-urbana-felt-versa-speed\/\" \/>\n<meta property=\"og:site_name\" content=\"Tienda de Bicicletas\" \/>\n<meta property=\"article:modified_time\" content=\"2025-12-19T14:10:09+00:00\" \/>\n<meta property=\"og:image\" content=\"https:\/\/biketur.cl\/shop\/wp-content\/uploads\/2024\/05\/Bicicleta-Urbana-Felt-Versa-SpeedBicicleta-Urbana-Felt-Versa-Speed.jpg\" \/>\n\t<meta property=\"og:image:width\" content=\"1063\" \/>\n\t<meta property=\"og:image:height\" content=\"1063\" \/>\n\t<meta property=\"og:image:type\" content=\"image\/jpeg\" \/>\n<meta name=\"twitter:card\" content=\"summary_large_image\" \/>\n<meta name=\"twitter:label1\" content=\"Tiempo de lectura\" \/>\n\t<meta name=\"twitter:data1\" content=\"1 minuto\" \/>\n<script type=\"application\/ld+json\" class=\"yoast-schema-graph\">{\"@context\":\"https:\\\/\\\/schema.org\",\"@graph\":[{\"@type\":\"WebPage\",\"@id\":\"https:\\\/\\\/biketur.cl\\\/shop\\\/producto\\\/bicicleta-urbana-felt-versa-speed\\\/\",\"url\":\"https:\\\/\\\/biketur.cl\\\/shop\\\/producto\\\/bicicleta-urbana-felt-versa-speed\\\/\",\"name\":\"Bicicleta Urbana Felt Versa Speed | Env\u00edo a Todo Chile\",\"isPartOf\":{\"@id\":\"https:\\\/\\\/biketur.cl\\\/shop\\\/#website\"},\"primaryImageOfPage\":{\"@id\":\"https:\\\/\\\/biketur.cl\\\/shop\\\/producto\\\/bicicleta-urbana-felt-versa-speed\\\/#primaryimage\"},\"image\":{\"@id\":\"https:\\\/\\\/biketur.cl\\\/shop\\\/producto\\\/bicicleta-urbana-felt-versa-speed\\\/#primaryimage\"},\"thumbnailUrl\":\"https:\\\/\\\/biketur.cl\\\/shop\\\/wp-content\\\/uploads\\\/2024\\\/05\\\/Bicicleta-Urbana-Felt-Versa-SpeedBicicleta-Urbana-Felt-Versa-Speed.jpg\",\"datePublished\":\"2024-05-02T23:03:14+00:00\",\"dateModified\":\"2025-12-19T14:10:09+00:00\",\"description\":\"La Bicicleta Urbana Felt Versa Speed es una opci\u00f3n accesible, vers\u00e1til y confiable para desplazamientos urbanos, dise\u00f1ada para quienes buscan comodidad, eficiencia y estilo al pedalear por la ciudad. Ideal para trayectos al trabajo, salidas recreativas y recorridos diarios en asfalto.\",\"breadcrumb\":{\"@id\":\"https:\\\/\\\/biketur.cl\\\/shop\\\/producto\\\/bicicleta-urbana-felt-versa-speed\\\/#breadcrumb\"},\"inLanguage\":\"es\",\"potentialAction\":[{\"@type\":\"ReadAction\",\"target\":[\"https:\\\/\\\/biketur.cl\\\/shop\\\/producto\\\/bicicleta-urbana-felt-versa-speed\\\/\"]}]},{\"@type\":\"ImageObject\",\"inLanguage\":\"es\",\"@id\":\"https:\\\/\\\/biketur.cl\\\/shop\\\/producto\\\/bicicleta-urbana-felt-versa-speed\\\/#primaryimage\",\"url\":\"https:\\\/\\\/biketur.cl\\\/shop\\\/wp-content\\\/uploads\\\/2024\\\/05\\\/Bicicleta-Urbana-Felt-Versa-SpeedBicicleta-Urbana-Felt-Versa-Speed.jpg\",\"contentUrl\":\"https:\\\/\\\/biketur.cl\\\/shop\\\/wp-content\\\/uploads\\\/2024\\\/05\\\/Bicicleta-Urbana-Felt-Versa-SpeedBicicleta-Urbana-Felt-Versa-Speed.jpg\",\"width\":1063,\"height\":1063},{\"@type\":\"BreadcrumbList\",\"@id\":\"https:\\\/\\\/biketur.cl\\\/shop\\\/producto\\\/bicicleta-urbana-felt-versa-speed\\\/#breadcrumb\",\"itemListElement\":[{\"@type\":\"ListItem\",\"position\":1,\"name\":\"Portada\",\"item\":\"https:\\\/\\\/biketur.cl\\\/shop\\\/\"},{\"@type\":\"ListItem\",\"position\":2,\"name\":\"Tienda\",\"item\":\"https:\\\/\\\/biketur.cl\\\/shop\\\/tienda\\\/\"},{\"@type\":\"ListItem\",\"position\":3,\"name\":\"Bicicleta Urbana Felt Versa Speed Color Plata\"}]},{\"@type\":\"WebSite\",\"@id\":\"https:\\\/\\\/biketur.cl\\\/shop\\\/#website\",\"url\":\"https:\\\/\\\/biketur.cl\\\/shop\\\/\",\"name\":\"Tienda de Bicicletas\",\"description\":\"| Monta\u00f1a - Ruta - Urbanas |\",\"publisher\":{\"@id\":\"https:\\\/\\\/biketur.cl\\\/shop\\\/#organization\"},\"potentialAction\":[{\"@type\":\"SearchAction\",\"target\":{\"@type\":\"EntryPoint\",\"urlTemplate\":\"https:\\\/\\\/biketur.cl\\\/shop\\\/?s={search_term_string}\"},\"query-input\":{\"@type\":\"PropertyValueSpecification\",\"valueRequired\":true,\"valueName\":\"search_term_string\"}}],\"inLanguage\":\"es\"},{\"@type\":\"Organization\",\"@id\":\"https:\\\/\\\/biketur.cl\\\/shop\\\/#organization\",\"name\":\"Tienda de Bicicletas\",\"url\":\"https:\\\/\\\/biketur.cl\\\/shop\\\/\",\"logo\":{\"@type\":\"ImageObject\",\"inLanguage\":\"es\",\"@id\":\"https:\\\/\\\/biketur.cl\\\/shop\\\/#\\\/schema\\\/logo\\\/image\\\/\",\"url\":\"https:\\\/\\\/biketur.cl\\\/shop\\\/wp-content\\\/uploads\\\/2021\\\/05\\\/cropped-logo-web-Biketur-shop.png\",\"contentUrl\":\"https:\\\/\\\/biketur.cl\\\/shop\\\/wp-content\\\/uploads\\\/2021\\\/05\\\/cropped-logo-web-Biketur-shop.png\",\"width\":500,\"height\":270,\"caption\":\"Tienda de Bicicletas\"},\"image\":{\"@id\":\"https:\\\/\\\/biketur.cl\\\/shop\\\/#\\\/schema\\\/logo\\\/image\\\/\"}}]}<\/script>\n<!-- \/ Yoast SEO plugin. -->","yoast_head_json":{"title":"Bicicleta Urbana Felt Versa Speed | Env\u00edo a Todo Chile","description":"La Bicicleta Urbana Felt Versa Speed es una opci\u00f3n accesible, vers\u00e1til y confiable para desplazamientos urbanos, dise\u00f1ada para quienes buscan comodidad, eficiencia y estilo al pedalear por la ciudad. Ideal para trayectos al trabajo, salidas recreativas y recorridos diarios en asfalto.","robots":{"index":"index","follow":"follow","max-snippet":"max-snippet:-1","max-image-preview":"max-image-preview:large","max-video-preview":"max-video-preview:-1"},"canonical":"https:\/\/biketur.cl\/shop\/producto\/bicicleta-urbana-felt-versa-speed\/","og_locale":"es_ES","og_type":"article","og_title":"Bicicleta Urbana Felt Versa Speed | Env\u00edo a Todo Chile","og_description":"La Bicicleta Urbana Felt Versa Speed es una opci\u00f3n accesible, vers\u00e1til y confiable para desplazamientos urbanos, dise\u00f1ada para quienes buscan comodidad, eficiencia y estilo al pedalear por la ciudad. Ideal para trayectos al trabajo, salidas recreativas y recorridos diarios en asfalto.","og_url":"https:\/\/biketur.cl\/shop\/producto\/bicicleta-urbana-felt-versa-speed\/","og_site_name":"Tienda de Bicicletas","article_modified_time":"2025-12-19T14:10:09+00:00","og_image":[{"width":1063,"height":1063,"url":"https:\/\/biketur.cl\/shop\/wp-content\/uploads\/2024\/05\/Bicicleta-Urbana-Felt-Versa-SpeedBicicleta-Urbana-Felt-Versa-Speed.jpg","type":"image\/jpeg"}],"twitter_card":"summary_large_image","twitter_misc":{"Tiempo de lectura":"1 minuto"},"schema":{"@context":"https:\/\/schema.org","@graph":[{"@type":"WebPage","@id":"https:\/\/biketur.cl\/shop\/producto\/bicicleta-urbana-felt-versa-speed\/","url":"https:\/\/biketur.cl\/shop\/producto\/bicicleta-urbana-felt-versa-speed\/","name":"Bicicleta Urbana Felt Versa Speed | Env\u00edo a Todo Chile","isPartOf":{"@id":"https:\/\/biketur.cl\/shop\/#website"},"primaryImageOfPage":{"@id":"https:\/\/biketur.cl\/shop\/producto\/bicicleta-urbana-felt-versa-speed\/#primaryimage"},"image":{"@id":"https:\/\/biketur.cl\/shop\/producto\/bicicleta-urbana-felt-versa-speed\/#primaryimage"},"thumbnailUrl":"https:\/\/biketur.cl\/shop\/wp-content\/uploads\/2024\/05\/Bicicleta-Urbana-Felt-Versa-SpeedBicicleta-Urbana-Felt-Versa-Speed.jpg","datePublished":"2024-05-02T23:03:14+00:00","dateModified":"2025-12-19T14:10:09+00:00","description":"La Bicicleta Urbana Felt Versa Speed es una opci\u00f3n accesible, vers\u00e1til y confiable para desplazamientos urbanos, dise\u00f1ada para quienes buscan comodidad, eficiencia y estilo al pedalear por la ciudad. Ideal para trayectos al trabajo, salidas recreativas y recorridos diarios en asfalto.","breadcrumb":{"@id":"https:\/\/biketur.cl\/shop\/producto\/bicicleta-urbana-felt-versa-speed\/#breadcrumb"},"inLanguage":"es","potentialAction":[{"@type":"ReadAction","target":["https:\/\/biketur.cl\/shop\/producto\/bicicleta-urbana-felt-versa-speed\/"]}]},{"@type":"ImageObject","inLanguage":"es","@id":"https:\/\/biketur.cl\/shop\/producto\/bicicleta-urbana-felt-versa-speed\/#primaryimage","url":"https:\/\/biketur.cl\/shop\/wp-content\/uploads\/2024\/05\/Bicicleta-Urbana-Felt-Versa-SpeedBicicleta-Urbana-Felt-Versa-Speed.jpg","contentUrl":"https:\/\/biketur.cl\/shop\/wp-content\/uploads\/2024\/05\/Bicicleta-Urbana-Felt-Versa-SpeedBicicleta-Urbana-Felt-Versa-Speed.jpg","width":1063,"height":1063},{"@type":"BreadcrumbList","@id":"https:\/\/biketur.cl\/shop\/producto\/bicicleta-urbana-felt-versa-speed\/#breadcrumb","itemListElement":[{"@type":"ListItem","position":1,"name":"Portada","item":"https:\/\/biketur.cl\/shop\/"},{"@type":"ListItem","position":2,"name":"Tienda","item":"https:\/\/biketur.cl\/shop\/tienda\/"},{"@type":"ListItem","position":3,"name":"Bicicleta Urbana Felt Versa Speed Color Plata"}]},{"@type":"WebSite","@id":"https:\/\/biketur.cl\/shop\/#website","url":"https:\/\/biketur.cl\/shop\/","name":"Tienda de Bicicletas","description":"| Monta\u00f1a - Ruta - Urbanas |","publisher":{"@id":"https:\/\/biketur.cl\/shop\/#organization"},"potentialAction":[{"@type":"SearchAction","target":{"@type":"EntryPoint","urlTemplate":"https:\/\/biketur.cl\/shop\/?s={search_term_string}"},"query-input":{"@type":"PropertyValueSpecification","valueRequired":true,"valueName":"search_term_string"}}],"inLanguage":"es"},{"@type":"Organization","@id":"https:\/\/biketur.cl\/shop\/#organization","name":"Tienda de Bicicletas","url":"https:\/\/biketur.cl\/shop\/","logo":{"@type":"ImageObject","inLanguage":"es","@id":"https:\/\/biketur.cl\/shop\/#\/schema\/logo\/image\/","url":"https:\/\/biketur.cl\/shop\/wp-content\/uploads\/2021\/05\/cropped-logo-web-Biketur-shop.png","contentUrl":"https:\/\/biketur.cl\/shop\/wp-content\/uploads\/2021\/05\/cropped-logo-web-Biketur-shop.png","width":500,"height":270,"caption":"Tienda de Bicicletas"},"image":{"@id":"https:\/\/biketur.cl\/shop\/#\/schema\/logo\/image\/"}}]}},"brands":[],"_links":{"self":[{"href":"https:\/\/biketur.cl\/shop\/wp-json\/wp\/v2\/product\/5940","targetHints":{"allow":["GET"]}}],"collection":[{"href":"https:\/\/biketur.cl\/shop\/wp-json\/wp\/v2\/product"}],"about":[{"href":"https:\/\/biketur.cl\/shop\/wp-json\/wp\/v2\/types\/product"}],"replies":[{"embeddable":true,"href":"https:\/\/biketur.cl\/shop\/wp-json\/wp\/v2\/comments?post=5940"}],"wp:featuredmedia":[{"embeddable":true,"href":"https:\/\/biketur.cl\/shop\/wp-json\/wp\/v2\/media\/5946"}],"wp:attachment":[{"href":"https:\/\/biketur.cl\/shop\/wp-json\/wp\/v2\/media?parent=5940"}],"wp:term":[{"taxonomy":"pwb-brand","embeddable":true,"href":"https:\/\/biketur.cl\/shop\/wp-json\/wp\/v2\/pwb-brand?post=5940"},{"taxonomy":"product_brand","embeddable":true,"href":"https:\/\/biketur.cl\/shop\/wp-json\/wp\/v2\/product_brand?post=5940"},{"taxonomy":"product_cat","embeddable":true,"href":"https:\/\/biketur.cl\/shop\/wp-json\/wp\/v2\/product_cat?post=5940"},{"taxonomy":"product_tag","embeddable":true,"href":"https:\/\/biketur.cl\/shop\/wp-json\/wp\/v2\/product_tag?post=5940"}],"curies":[{"name":"wp","href":"https:\/\/api.w.org\/{rel}","templated":true}]}}