{"id":5981,"date":"2024-05-13T20:11:15","date_gmt":"2024-05-13T23:11:15","guid":{"rendered":"https:\/\/biketur.cl\/shop\/?post_type=product&#038;p=5981"},"modified":"2024-05-25T14:26:05","modified_gmt":"2024-05-25T17:26:05","slug":"bicicleta-trek-fuel-ex-7-talla-l","status":"publish","type":"product","link":"https:\/\/biketur.cl\/shop\/producto\/bicicleta-trek-fuel-ex-7-talla-l\/","title":{"rendered":"Bicicleta Trek Fuel ex 7 talla L"},"content":{"rendered":"","protected":false},"excerpt":{"rendered":"<div data-content-type=\"text\" data-appearance=\"default\" data-element=\"main\">\n<p><strong>Poco uso: 9 \/ 10<\/strong><\/p>\n<\/div>\n<div data-content-type=\"text\" data-appearance=\"default\" data-element=\"main\">\n<ul>\n<li>Cuadro Aluminio Alpha con tecnolog\u00eda ABP, Knock Block ,Full Floater, EVO link, mino link<\/li>\n<li>Suspensi\u00f3n delantera de Aire RockShox Reba RL aire con ajuste de rebote. 130mm de recorrido.<\/li>\n<li>Frenos de Disco Hidra\u00falico Shimano MT400<\/li>\n<\/ul>\n<h4><strong>Cotiza aqu\u00ed \ud83d\udc47<\/strong><\/h4>\n<p><a href=\"https:\/\/api.whatsapp.com\/send\/?phone=56997899965&amp;text=Consulta+desde+BiketurShop&amp;type=phone_number&amp;app_absent=0\" target=\"_blank\" rel=\"noopener\"><img decoding=\"async\" class=\"alignnone wp-image-4674\" src=\"https:\/\/biketur.cl\/shop\/wp-content\/uploads\/2022\/04\/descarga-300x107.png\" alt=\"\" width=\"224\" height=\"80\" srcset=\"https:\/\/biketur.cl\/shop\/wp-content\/uploads\/2022\/04\/descarga-300x107.png 300w, https:\/\/biketur.cl\/shop\/wp-content\/uploads\/2022\/04\/descarga.png 377w\" sizes=\"(max-width: 224px) 100vw, 224px\" \/><\/a><\/p>\n<\/div>\n","protected":false},"featured_media":5982,"comment_status":"closed","ping_status":"closed","template":"","meta":[],"pwb-brand":[],"product_brand":[],"product_cat":[46],"product_tag":[],"class_list":{"0":"post-5981","1":"product","2":"type-product","3":"status-publish","4":"has-post-thumbnail","6":"product_cat-bicicletas-usadas","8":"first","9":"instock","10":"taxable","11":"shipping-taxable","12":"product-type-simple"},"yoast_head":"<!-- This site is optimized with the Yoast SEO plugin v27.3 - https:\/\/yoast.com\/product\/yoast-seo-wordpress\/ -->\n<title>Bicicleta Trek Fuel ex 7 talla L - Tienda de Bicicletas<\/title>\n<meta name=\"robots\" content=\"index, follow, max-snippet:-1, max-image-preview:large, max-video-preview:-1\" \/>\n<link rel=\"canonical\" href=\"https:\/\/biketur.cl\/shop\/producto\/bicicleta-trek-fuel-ex-7-talla-l\/\" \/>\n<meta property=\"og:locale\" content=\"es_ES\" \/>\n<meta property=\"og:type\" content=\"article\" \/>\n<meta property=\"og:title\" content=\"Bicicleta Trek Fuel ex 7 talla L - Tienda de Bicicletas\" \/>\n<meta property=\"og:description\" content=\"Poco uso: 9 \/ 10      Cuadro Aluminio Alpha con tecnolog\u00eda ABP, Knock Block ,Full Floater, EVO link, mino link  Suspensi\u00f3n delantera de Aire RockShox Reba RL aire con ajuste de rebote. 130mm de recorrido.  Frenos de Disco Hidra\u00falico Shimano MT400  Cotiza aqu\u00ed \ud83d\udc47\" \/>\n<meta property=\"og:url\" content=\"https:\/\/biketur.cl\/shop\/producto\/bicicleta-trek-fuel-ex-7-talla-l\/\" \/>\n<meta property=\"og:site_name\" content=\"Tienda de Bicicletas\" \/>\n<meta property=\"article:modified_time\" content=\"2024-05-25T17:26:05+00:00\" \/>\n<meta property=\"og:image\" content=\"https:\/\/biketur.cl\/shop\/wp-content\/uploads\/2024\/05\/Trek-Fuel-ex-7.jpg\" \/>\n\t<meta property=\"og:image:width\" content=\"500\" \/>\n\t<meta property=\"og:image:height\" content=\"500\" \/>\n\t<meta property=\"og:image:type\" content=\"image\/jpeg\" \/>\n<meta name=\"twitter:card\" content=\"summary_large_image\" \/>\n<meta name=\"twitter:label1\" content=\"Tiempo de lectura\" \/>\n\t<meta name=\"twitter:data1\" content=\"1 minuto\" \/>\n<script type=\"application\/ld+json\" class=\"yoast-schema-graph\">{\"@context\":\"https:\\\/\\\/schema.org\",\"@graph\":[{\"@type\":\"WebPage\",\"@id\":\"https:\\\/\\\/biketur.cl\\\/shop\\\/producto\\\/bicicleta-trek-fuel-ex-7-talla-l\\\/\",\"url\":\"https:\\\/\\\/biketur.cl\\\/shop\\\/producto\\\/bicicleta-trek-fuel-ex-7-talla-l\\\/\",\"name\":\"Bicicleta Trek Fuel ex 7 talla L - Tienda de Bicicletas\",\"isPartOf\":{\"@id\":\"https:\\\/\\\/biketur.cl\\\/shop\\\/#website\"},\"primaryImageOfPage\":{\"@id\":\"https:\\\/\\\/biketur.cl\\\/shop\\\/producto\\\/bicicleta-trek-fuel-ex-7-talla-l\\\/#primaryimage\"},\"image\":{\"@id\":\"https:\\\/\\\/biketur.cl\\\/shop\\\/producto\\\/bicicleta-trek-fuel-ex-7-talla-l\\\/#primaryimage\"},\"thumbnailUrl\":\"https:\\\/\\\/biketur.cl\\\/shop\\\/wp-content\\\/uploads\\\/2024\\\/05\\\/Trek-Fuel-ex-7.jpg\",\"datePublished\":\"2024-05-13T23:11:15+00:00\",\"dateModified\":\"2024-05-25T17:26:05+00:00\",\"breadcrumb\":{\"@id\":\"https:\\\/\\\/biketur.cl\\\/shop\\\/producto\\\/bicicleta-trek-fuel-ex-7-talla-l\\\/#breadcrumb\"},\"inLanguage\":\"es\",\"potentialAction\":[{\"@type\":\"ReadAction\",\"target\":[\"https:\\\/\\\/biketur.cl\\\/shop\\\/producto\\\/bicicleta-trek-fuel-ex-7-talla-l\\\/\"]}]},{\"@type\":\"ImageObject\",\"inLanguage\":\"es\",\"@id\":\"https:\\\/\\\/biketur.cl\\\/shop\\\/producto\\\/bicicleta-trek-fuel-ex-7-talla-l\\\/#primaryimage\",\"url\":\"https:\\\/\\\/biketur.cl\\\/shop\\\/wp-content\\\/uploads\\\/2024\\\/05\\\/Trek-Fuel-ex-7.jpg\",\"contentUrl\":\"https:\\\/\\\/biketur.cl\\\/shop\\\/wp-content\\\/uploads\\\/2024\\\/05\\\/Trek-Fuel-ex-7.jpg\",\"width\":500,\"height\":500},{\"@type\":\"BreadcrumbList\",\"@id\":\"https:\\\/\\\/biketur.cl\\\/shop\\\/producto\\\/bicicleta-trek-fuel-ex-7-talla-l\\\/#breadcrumb\",\"itemListElement\":[{\"@type\":\"ListItem\",\"position\":1,\"name\":\"Portada\",\"item\":\"https:\\\/\\\/biketur.cl\\\/shop\\\/\"},{\"@type\":\"ListItem\",\"position\":2,\"name\":\"Tienda\",\"item\":\"https:\\\/\\\/biketur.cl\\\/shop\\\/tienda\\\/\"},{\"@type\":\"ListItem\",\"position\":3,\"name\":\"Bicicleta Trek Fuel ex 7 talla L\"}]},{\"@type\":\"WebSite\",\"@id\":\"https:\\\/\\\/biketur.cl\\\/shop\\\/#website\",\"url\":\"https:\\\/\\\/biketur.cl\\\/shop\\\/\",\"name\":\"Tienda de Bicicletas\",\"description\":\"| Monta\u00f1a - Ruta - Urbanas |\",\"publisher\":{\"@id\":\"https:\\\/\\\/biketur.cl\\\/shop\\\/#organization\"},\"potentialAction\":[{\"@type\":\"SearchAction\",\"target\":{\"@type\":\"EntryPoint\",\"urlTemplate\":\"https:\\\/\\\/biketur.cl\\\/shop\\\/?s={search_term_string}\"},\"query-input\":{\"@type\":\"PropertyValueSpecification\",\"valueRequired\":true,\"valueName\":\"search_term_string\"}}],\"inLanguage\":\"es\"},{\"@type\":\"Organization\",\"@id\":\"https:\\\/\\\/biketur.cl\\\/shop\\\/#organization\",\"name\":\"Tienda de Bicicletas\",\"url\":\"https:\\\/\\\/biketur.cl\\\/shop\\\/\",\"logo\":{\"@type\":\"ImageObject\",\"inLanguage\":\"es\",\"@id\":\"https:\\\/\\\/biketur.cl\\\/shop\\\/#\\\/schema\\\/logo\\\/image\\\/\",\"url\":\"https:\\\/\\\/biketur.cl\\\/shop\\\/wp-content\\\/uploads\\\/2021\\\/05\\\/cropped-logo-web-Biketur-shop.png\",\"contentUrl\":\"https:\\\/\\\/biketur.cl\\\/shop\\\/wp-content\\\/uploads\\\/2021\\\/05\\\/cropped-logo-web-Biketur-shop.png\",\"width\":500,\"height\":270,\"caption\":\"Tienda de Bicicletas\"},\"image\":{\"@id\":\"https:\\\/\\\/biketur.cl\\\/shop\\\/#\\\/schema\\\/logo\\\/image\\\/\"}}]}<\/script>\n<!-- \/ Yoast SEO plugin. -->","yoast_head_json":{"title":"Bicicleta Trek Fuel ex 7 talla L - Tienda de Bicicletas","robots":{"index":"index","follow":"follow","max-snippet":"max-snippet:-1","max-image-preview":"max-image-preview:large","max-video-preview":"max-video-preview:-1"},"canonical":"https:\/\/biketur.cl\/shop\/producto\/bicicleta-trek-fuel-ex-7-talla-l\/","og_locale":"es_ES","og_type":"article","og_title":"Bicicleta Trek Fuel ex 7 talla L - Tienda de Bicicletas","og_description":"Poco uso: 9 \/ 10      Cuadro Aluminio Alpha con tecnolog\u00eda ABP, Knock Block ,Full Floater, EVO link, mino link  Suspensi\u00f3n delantera de Aire RockShox Reba RL aire con ajuste de rebote. 130mm de recorrido.  Frenos de Disco Hidra\u00falico Shimano MT400  Cotiza aqu\u00ed \ud83d\udc47","og_url":"https:\/\/biketur.cl\/shop\/producto\/bicicleta-trek-fuel-ex-7-talla-l\/","og_site_name":"Tienda de Bicicletas","article_modified_time":"2024-05-25T17:26:05+00:00","og_image":[{"width":500,"height":500,"url":"https:\/\/biketur.cl\/shop\/wp-content\/uploads\/2024\/05\/Trek-Fuel-ex-7.jpg","type":"image\/jpeg"}],"twitter_card":"summary_large_image","twitter_misc":{"Tiempo de lectura":"1 minuto"},"schema":{"@context":"https:\/\/schema.org","@graph":[{"@type":"WebPage","@id":"https:\/\/biketur.cl\/shop\/producto\/bicicleta-trek-fuel-ex-7-talla-l\/","url":"https:\/\/biketur.cl\/shop\/producto\/bicicleta-trek-fuel-ex-7-talla-l\/","name":"Bicicleta Trek Fuel ex 7 talla L - Tienda de Bicicletas","isPartOf":{"@id":"https:\/\/biketur.cl\/shop\/#website"},"primaryImageOfPage":{"@id":"https:\/\/biketur.cl\/shop\/producto\/bicicleta-trek-fuel-ex-7-talla-l\/#primaryimage"},"image":{"@id":"https:\/\/biketur.cl\/shop\/producto\/bicicleta-trek-fuel-ex-7-talla-l\/#primaryimage"},"thumbnailUrl":"https:\/\/biketur.cl\/shop\/wp-content\/uploads\/2024\/05\/Trek-Fuel-ex-7.jpg","datePublished":"2024-05-13T23:11:15+00:00","dateModified":"2024-05-25T17:26:05+00:00","breadcrumb":{"@id":"https:\/\/biketur.cl\/shop\/producto\/bicicleta-trek-fuel-ex-7-talla-l\/#breadcrumb"},"inLanguage":"es","potentialAction":[{"@type":"ReadAction","target":["https:\/\/biketur.cl\/shop\/producto\/bicicleta-trek-fuel-ex-7-talla-l\/"]}]},{"@type":"ImageObject","inLanguage":"es","@id":"https:\/\/biketur.cl\/shop\/producto\/bicicleta-trek-fuel-ex-7-talla-l\/#primaryimage","url":"https:\/\/biketur.cl\/shop\/wp-content\/uploads\/2024\/05\/Trek-Fuel-ex-7.jpg","contentUrl":"https:\/\/biketur.cl\/shop\/wp-content\/uploads\/2024\/05\/Trek-Fuel-ex-7.jpg","width":500,"height":500},{"@type":"BreadcrumbList","@id":"https:\/\/biketur.cl\/shop\/producto\/bicicleta-trek-fuel-ex-7-talla-l\/#breadcrumb","itemListElement":[{"@type":"ListItem","position":1,"name":"Portada","item":"https:\/\/biketur.cl\/shop\/"},{"@type":"ListItem","position":2,"name":"Tienda","item":"https:\/\/biketur.cl\/shop\/tienda\/"},{"@type":"ListItem","position":3,"name":"Bicicleta Trek Fuel ex 7 talla L"}]},{"@type":"WebSite","@id":"https:\/\/biketur.cl\/shop\/#website","url":"https:\/\/biketur.cl\/shop\/","name":"Tienda de Bicicletas","description":"| Monta\u00f1a - Ruta - Urbanas |","publisher":{"@id":"https:\/\/biketur.cl\/shop\/#organization"},"potentialAction":[{"@type":"SearchAction","target":{"@type":"EntryPoint","urlTemplate":"https:\/\/biketur.cl\/shop\/?s={search_term_string}"},"query-input":{"@type":"PropertyValueSpecification","valueRequired":true,"valueName":"search_term_string"}}],"inLanguage":"es"},{"@type":"Organization","@id":"https:\/\/biketur.cl\/shop\/#organization","name":"Tienda de Bicicletas","url":"https:\/\/biketur.cl\/shop\/","logo":{"@type":"ImageObject","inLanguage":"es","@id":"https:\/\/biketur.cl\/shop\/#\/schema\/logo\/image\/","url":"https:\/\/biketur.cl\/shop\/wp-content\/uploads\/2021\/05\/cropped-logo-web-Biketur-shop.png","contentUrl":"https:\/\/biketur.cl\/shop\/wp-content\/uploads\/2021\/05\/cropped-logo-web-Biketur-shop.png","width":500,"height":270,"caption":"Tienda de Bicicletas"},"image":{"@id":"https:\/\/biketur.cl\/shop\/#\/schema\/logo\/image\/"}}]}},"brands":[],"_links":{"self":[{"href":"https:\/\/biketur.cl\/shop\/wp-json\/wp\/v2\/product\/5981","targetHints":{"allow":["GET"]}}],"collection":[{"href":"https:\/\/biketur.cl\/shop\/wp-json\/wp\/v2\/product"}],"about":[{"href":"https:\/\/biketur.cl\/shop\/wp-json\/wp\/v2\/types\/product"}],"replies":[{"embeddable":true,"href":"https:\/\/biketur.cl\/shop\/wp-json\/wp\/v2\/comments?post=5981"}],"wp:featuredmedia":[{"embeddable":true,"href":"https:\/\/biketur.cl\/shop\/wp-json\/wp\/v2\/media\/5982"}],"wp:attachment":[{"href":"https:\/\/biketur.cl\/shop\/wp-json\/wp\/v2\/media?parent=5981"}],"wp:term":[{"taxonomy":"pwb-brand","embeddable":true,"href":"https:\/\/biketur.cl\/shop\/wp-json\/wp\/v2\/pwb-brand?post=5981"},{"taxonomy":"product_brand","embeddable":true,"href":"https:\/\/biketur.cl\/shop\/wp-json\/wp\/v2\/product_brand?post=5981"},{"taxonomy":"product_cat","embeddable":true,"href":"https:\/\/biketur.cl\/shop\/wp-json\/wp\/v2\/product_cat?post=5981"},{"taxonomy":"product_tag","embeddable":true,"href":"https:\/\/biketur.cl\/shop\/wp-json\/wp\/v2\/product_tag?post=5981"}],"curies":[{"name":"wp","href":"https:\/\/api.w.org\/{rel}","templated":true}]}}