{"id":6030,"date":"2024-05-16T23:19:44","date_gmt":"2024-05-17T02:19:44","guid":{"rendered":"https:\/\/biketur.cl\/shop\/?post_type=product&#038;p=6030"},"modified":"2024-10-25T12:07:09","modified_gmt":"2024-10-25T15:07:09","slug":"bicicleta-giant-contend-1-my22","status":"publish","type":"product","link":"https:\/\/biketur.cl\/shop\/producto\/bicicleta-giant-contend-1-my22\/","title":{"rendered":"BICICLETA GIANT CONTEND 1"},"content":{"rendered":"","protected":false},"excerpt":{"rendered":"<p class=\"lead headline\">SUAVE, R\u00c1PIDA, Y DIVERTIDA. ESTA VERS\u00c1TIL BICICLETA DE RUTA OFRECE UNA CALIDAD DE CONDUCCI\u00d3N SUPERIOR. ES UNA MEZCLA DE AGILIDAD Y CONFORT, PARA QUE ACELERES EL RITMO, RUEDES M\u00c1S KIL\u00d3METROS Y AMPL\u00cdES TU EXPERIENCIA EN LA CARRETERA.<\/p>\n","protected":false},"featured_media":6031,"comment_status":"closed","ping_status":"closed","template":"","meta":[],"pwb-brand":[],"product_brand":[],"product_cat":[182,184,31,167],"product_tag":[],"class_list":{"0":"post-6030","1":"product","2":"type-product","3":"status-publish","4":"has-post-thumbnail","6":"product_cat-bicicletas-de-ruta","7":"product_cat-bicicletas-de-ruta-giant","8":"product_cat-bicicletas-en-chile","9":"product_cat-giant","11":"first","12":"instock","13":"taxable","14":"shipping-taxable","15":"purchasable","16":"product-type-variable","17":"has-default-attributes"},"yoast_head":"<!-- This site is optimized with the Yoast SEO plugin v27.3 - https:\/\/yoast.com\/product\/yoast-seo-wordpress\/ -->\n<title>BICICLETA GIANT CONTEND 1 - Tienda de Bicicletas<\/title>\n<meta name=\"robots\" content=\"index, follow, max-snippet:-1, max-image-preview:large, max-video-preview:-1\" \/>\n<link rel=\"canonical\" href=\"https:\/\/biketur.cl\/shop\/producto\/bicicleta-giant-contend-1-my22\/\" \/>\n<meta property=\"og:locale\" content=\"es_ES\" \/>\n<meta property=\"og:type\" content=\"article\" \/>\n<meta property=\"og:title\" content=\"BICICLETA GIANT CONTEND 1 - Tienda de Bicicletas\" \/>\n<meta property=\"og:description\" content=\"SUAVE, R\u00c1PIDA, Y DIVERTIDA. ESTA VERS\u00c1TIL BICICLETA DE RUTA OFRECE UNA CALIDAD DE CONDUCCI\u00d3N SUPERIOR. ES UNA MEZCLA DE AGILIDAD Y CONFORT, PARA QUE ACELERES EL RITMO, RUEDES M\u00c1S KIL\u00d3METROS Y AMPL\u00cdES TU EXPERIENCIA EN LA CARRETERA.\" \/>\n<meta property=\"og:url\" content=\"https:\/\/biketur.cl\/shop\/producto\/bicicleta-giant-contend-1-my22\/\" \/>\n<meta property=\"og:site_name\" content=\"Tienda de Bicicletas\" \/>\n<meta property=\"article:modified_time\" content=\"2024-10-25T15:07:09+00:00\" \/>\n<meta property=\"og:image\" content=\"https:\/\/biketur.cl\/shop\/wp-content\/uploads\/2024\/05\/Bicicleta-ruta-giant-CONTEND-3-MY22.jpg\" \/>\n\t<meta property=\"og:image:width\" content=\"938\" \/>\n\t<meta property=\"og:image:height\" content=\"938\" \/>\n\t<meta property=\"og:image:type\" content=\"image\/jpeg\" \/>\n<meta name=\"twitter:card\" content=\"summary_large_image\" \/>\n<meta name=\"twitter:label1\" content=\"Tiempo de lectura\" \/>\n\t<meta name=\"twitter:data1\" content=\"1 minuto\" \/>\n<script type=\"application\/ld+json\" class=\"yoast-schema-graph\">{\"@context\":\"https:\\\/\\\/schema.org\",\"@graph\":[{\"@type\":\"WebPage\",\"@id\":\"https:\\\/\\\/biketur.cl\\\/shop\\\/producto\\\/bicicleta-giant-contend-1-my22\\\/\",\"url\":\"https:\\\/\\\/biketur.cl\\\/shop\\\/producto\\\/bicicleta-giant-contend-1-my22\\\/\",\"name\":\"BICICLETA GIANT CONTEND 1 - Tienda de Bicicletas\",\"isPartOf\":{\"@id\":\"https:\\\/\\\/biketur.cl\\\/shop\\\/#website\"},\"primaryImageOfPage\":{\"@id\":\"https:\\\/\\\/biketur.cl\\\/shop\\\/producto\\\/bicicleta-giant-contend-1-my22\\\/#primaryimage\"},\"image\":{\"@id\":\"https:\\\/\\\/biketur.cl\\\/shop\\\/producto\\\/bicicleta-giant-contend-1-my22\\\/#primaryimage\"},\"thumbnailUrl\":\"https:\\\/\\\/biketur.cl\\\/shop\\\/wp-content\\\/uploads\\\/2024\\\/05\\\/Bicicleta-ruta-giant-CONTEND-3-MY22.jpg\",\"datePublished\":\"2024-05-17T02:19:44+00:00\",\"dateModified\":\"2024-10-25T15:07:09+00:00\",\"breadcrumb\":{\"@id\":\"https:\\\/\\\/biketur.cl\\\/shop\\\/producto\\\/bicicleta-giant-contend-1-my22\\\/#breadcrumb\"},\"inLanguage\":\"es\",\"potentialAction\":[{\"@type\":\"ReadAction\",\"target\":[\"https:\\\/\\\/biketur.cl\\\/shop\\\/producto\\\/bicicleta-giant-contend-1-my22\\\/\"]}]},{\"@type\":\"ImageObject\",\"inLanguage\":\"es\",\"@id\":\"https:\\\/\\\/biketur.cl\\\/shop\\\/producto\\\/bicicleta-giant-contend-1-my22\\\/#primaryimage\",\"url\":\"https:\\\/\\\/biketur.cl\\\/shop\\\/wp-content\\\/uploads\\\/2024\\\/05\\\/Bicicleta-ruta-giant-CONTEND-3-MY22.jpg\",\"contentUrl\":\"https:\\\/\\\/biketur.cl\\\/shop\\\/wp-content\\\/uploads\\\/2024\\\/05\\\/Bicicleta-ruta-giant-CONTEND-3-MY22.jpg\",\"width\":938,\"height\":938},{\"@type\":\"BreadcrumbList\",\"@id\":\"https:\\\/\\\/biketur.cl\\\/shop\\\/producto\\\/bicicleta-giant-contend-1-my22\\\/#breadcrumb\",\"itemListElement\":[{\"@type\":\"ListItem\",\"position\":1,\"name\":\"Portada\",\"item\":\"https:\\\/\\\/biketur.cl\\\/shop\\\/\"},{\"@type\":\"ListItem\",\"position\":2,\"name\":\"Tienda\",\"item\":\"https:\\\/\\\/biketur.cl\\\/shop\\\/tienda\\\/\"},{\"@type\":\"ListItem\",\"position\":3,\"name\":\"BICICLETA GIANT CONTEND 3\"}]},{\"@type\":\"WebSite\",\"@id\":\"https:\\\/\\\/biketur.cl\\\/shop\\\/#website\",\"url\":\"https:\\\/\\\/biketur.cl\\\/shop\\\/\",\"name\":\"Tienda de Bicicletas\",\"description\":\"| Monta\u00f1a - Ruta - Urbanas |\",\"publisher\":{\"@id\":\"https:\\\/\\\/biketur.cl\\\/shop\\\/#organization\"},\"potentialAction\":[{\"@type\":\"SearchAction\",\"target\":{\"@type\":\"EntryPoint\",\"urlTemplate\":\"https:\\\/\\\/biketur.cl\\\/shop\\\/?s={search_term_string}\"},\"query-input\":{\"@type\":\"PropertyValueSpecification\",\"valueRequired\":true,\"valueName\":\"search_term_string\"}}],\"inLanguage\":\"es\"},{\"@type\":\"Organization\",\"@id\":\"https:\\\/\\\/biketur.cl\\\/shop\\\/#organization\",\"name\":\"Tienda de Bicicletas\",\"url\":\"https:\\\/\\\/biketur.cl\\\/shop\\\/\",\"logo\":{\"@type\":\"ImageObject\",\"inLanguage\":\"es\",\"@id\":\"https:\\\/\\\/biketur.cl\\\/shop\\\/#\\\/schema\\\/logo\\\/image\\\/\",\"url\":\"https:\\\/\\\/biketur.cl\\\/shop\\\/wp-content\\\/uploads\\\/2021\\\/05\\\/cropped-logo-web-Biketur-shop.png\",\"contentUrl\":\"https:\\\/\\\/biketur.cl\\\/shop\\\/wp-content\\\/uploads\\\/2021\\\/05\\\/cropped-logo-web-Biketur-shop.png\",\"width\":500,\"height\":270,\"caption\":\"Tienda de Bicicletas\"},\"image\":{\"@id\":\"https:\\\/\\\/biketur.cl\\\/shop\\\/#\\\/schema\\\/logo\\\/image\\\/\"}}]}<\/script>\n<!-- \/ Yoast SEO plugin. -->","yoast_head_json":{"title":"BICICLETA GIANT CONTEND 1 - Tienda de Bicicletas","robots":{"index":"index","follow":"follow","max-snippet":"max-snippet:-1","max-image-preview":"max-image-preview:large","max-video-preview":"max-video-preview:-1"},"canonical":"https:\/\/biketur.cl\/shop\/producto\/bicicleta-giant-contend-1-my22\/","og_locale":"es_ES","og_type":"article","og_title":"BICICLETA GIANT CONTEND 1 - Tienda de Bicicletas","og_description":"SUAVE, R\u00c1PIDA, Y DIVERTIDA. ESTA VERS\u00c1TIL BICICLETA DE RUTA OFRECE UNA CALIDAD DE CONDUCCI\u00d3N SUPERIOR. ES UNA MEZCLA DE AGILIDAD Y CONFORT, PARA QUE ACELERES EL RITMO, RUEDES M\u00c1S KIL\u00d3METROS Y AMPL\u00cdES TU EXPERIENCIA EN LA CARRETERA.","og_url":"https:\/\/biketur.cl\/shop\/producto\/bicicleta-giant-contend-1-my22\/","og_site_name":"Tienda de Bicicletas","article_modified_time":"2024-10-25T15:07:09+00:00","og_image":[{"width":938,"height":938,"url":"https:\/\/biketur.cl\/shop\/wp-content\/uploads\/2024\/05\/Bicicleta-ruta-giant-CONTEND-3-MY22.jpg","type":"image\/jpeg"}],"twitter_card":"summary_large_image","twitter_misc":{"Tiempo de lectura":"1 minuto"},"schema":{"@context":"https:\/\/schema.org","@graph":[{"@type":"WebPage","@id":"https:\/\/biketur.cl\/shop\/producto\/bicicleta-giant-contend-1-my22\/","url":"https:\/\/biketur.cl\/shop\/producto\/bicicleta-giant-contend-1-my22\/","name":"BICICLETA GIANT CONTEND 1 - Tienda de Bicicletas","isPartOf":{"@id":"https:\/\/biketur.cl\/shop\/#website"},"primaryImageOfPage":{"@id":"https:\/\/biketur.cl\/shop\/producto\/bicicleta-giant-contend-1-my22\/#primaryimage"},"image":{"@id":"https:\/\/biketur.cl\/shop\/producto\/bicicleta-giant-contend-1-my22\/#primaryimage"},"thumbnailUrl":"https:\/\/biketur.cl\/shop\/wp-content\/uploads\/2024\/05\/Bicicleta-ruta-giant-CONTEND-3-MY22.jpg","datePublished":"2024-05-17T02:19:44+00:00","dateModified":"2024-10-25T15:07:09+00:00","breadcrumb":{"@id":"https:\/\/biketur.cl\/shop\/producto\/bicicleta-giant-contend-1-my22\/#breadcrumb"},"inLanguage":"es","potentialAction":[{"@type":"ReadAction","target":["https:\/\/biketur.cl\/shop\/producto\/bicicleta-giant-contend-1-my22\/"]}]},{"@type":"ImageObject","inLanguage":"es","@id":"https:\/\/biketur.cl\/shop\/producto\/bicicleta-giant-contend-1-my22\/#primaryimage","url":"https:\/\/biketur.cl\/shop\/wp-content\/uploads\/2024\/05\/Bicicleta-ruta-giant-CONTEND-3-MY22.jpg","contentUrl":"https:\/\/biketur.cl\/shop\/wp-content\/uploads\/2024\/05\/Bicicleta-ruta-giant-CONTEND-3-MY22.jpg","width":938,"height":938},{"@type":"BreadcrumbList","@id":"https:\/\/biketur.cl\/shop\/producto\/bicicleta-giant-contend-1-my22\/#breadcrumb","itemListElement":[{"@type":"ListItem","position":1,"name":"Portada","item":"https:\/\/biketur.cl\/shop\/"},{"@type":"ListItem","position":2,"name":"Tienda","item":"https:\/\/biketur.cl\/shop\/tienda\/"},{"@type":"ListItem","position":3,"name":"BICICLETA GIANT CONTEND 3"}]},{"@type":"WebSite","@id":"https:\/\/biketur.cl\/shop\/#website","url":"https:\/\/biketur.cl\/shop\/","name":"Tienda de Bicicletas","description":"| Monta\u00f1a - Ruta - Urbanas |","publisher":{"@id":"https:\/\/biketur.cl\/shop\/#organization"},"potentialAction":[{"@type":"SearchAction","target":{"@type":"EntryPoint","urlTemplate":"https:\/\/biketur.cl\/shop\/?s={search_term_string}"},"query-input":{"@type":"PropertyValueSpecification","valueRequired":true,"valueName":"search_term_string"}}],"inLanguage":"es"},{"@type":"Organization","@id":"https:\/\/biketur.cl\/shop\/#organization","name":"Tienda de Bicicletas","url":"https:\/\/biketur.cl\/shop\/","logo":{"@type":"ImageObject","inLanguage":"es","@id":"https:\/\/biketur.cl\/shop\/#\/schema\/logo\/image\/","url":"https:\/\/biketur.cl\/shop\/wp-content\/uploads\/2021\/05\/cropped-logo-web-Biketur-shop.png","contentUrl":"https:\/\/biketur.cl\/shop\/wp-content\/uploads\/2021\/05\/cropped-logo-web-Biketur-shop.png","width":500,"height":270,"caption":"Tienda de Bicicletas"},"image":{"@id":"https:\/\/biketur.cl\/shop\/#\/schema\/logo\/image\/"}}]}},"brands":[],"_links":{"self":[{"href":"https:\/\/biketur.cl\/shop\/wp-json\/wp\/v2\/product\/6030","targetHints":{"allow":["GET"]}}],"collection":[{"href":"https:\/\/biketur.cl\/shop\/wp-json\/wp\/v2\/product"}],"about":[{"href":"https:\/\/biketur.cl\/shop\/wp-json\/wp\/v2\/types\/product"}],"replies":[{"embeddable":true,"href":"https:\/\/biketur.cl\/shop\/wp-json\/wp\/v2\/comments?post=6030"}],"wp:featuredmedia":[{"embeddable":true,"href":"https:\/\/biketur.cl\/shop\/wp-json\/wp\/v2\/media\/6031"}],"wp:attachment":[{"href":"https:\/\/biketur.cl\/shop\/wp-json\/wp\/v2\/media?parent=6030"}],"wp:term":[{"taxonomy":"pwb-brand","embeddable":true,"href":"https:\/\/biketur.cl\/shop\/wp-json\/wp\/v2\/pwb-brand?post=6030"},{"taxonomy":"product_brand","embeddable":true,"href":"https:\/\/biketur.cl\/shop\/wp-json\/wp\/v2\/product_brand?post=6030"},{"taxonomy":"product_cat","embeddable":true,"href":"https:\/\/biketur.cl\/shop\/wp-json\/wp\/v2\/product_cat?post=6030"},{"taxonomy":"product_tag","embeddable":true,"href":"https:\/\/biketur.cl\/shop\/wp-json\/wp\/v2\/product_tag?post=6030"}],"curies":[{"name":"wp","href":"https:\/\/api.w.org\/{rel}","templated":true}]}}