{"id":6476,"date":"2024-11-20T18:00:43","date_gmt":"2024-11-20T21:00:43","guid":{"rendered":"https:\/\/biketur.cl\/shop\/?post_type=product&#038;p=6476"},"modified":"2025-07-22T18:51:30","modified_gmt":"2025-07-22T21:51:30","slug":"bicicleta-foss-xc20-para-nina-aro-20","status":"publish","type":"product","link":"https:\/\/biketur.cl\/shop\/producto\/bicicleta-foss-xc20-para-nina-aro-20\/","title":{"rendered":"Bicicleta Foss XC20 para Ni\u00f1a aro 20"},"content":{"rendered":"","protected":false},"excerpt":{"rendered":"<p>La <strong>bicicleta Foss XC20 para ni\u00f1a<\/strong> es la opci\u00f3n ideal para peque\u00f1as ciclistas que buscan explorar con estilo y confianza.<br \/>\nSu marco de <strong>aluminio ligero aro 20<\/strong> ofrece una conducci\u00f3n \u00e1gil y segura, perfecta para paseos urbanos o rutas recreativas.<\/p>\n<p>Equipada con una <strong>transmisi\u00f3n Shimano de 7 velocidades<\/strong> y cambios <strong>Grip Shift<\/strong>, permite transiciones de marcha suaves y f\u00e1ciles de controlar. El sistema de <strong>frenos de disco mec\u00e1nico<\/strong> brinda una potencia de frenado confiable, proporcionando seguridad en cada aventura.<\/p>\n<h4><strong>Confirma Stock aqu\u00ed \ud83d\udc47<\/strong><\/h4>\n<p><a href=\"https:\/\/api.whatsapp.com\/send\/?phone=56997899965&amp;text=Consulta+desde+BiketurShop&amp;type=phone_number&amp;app_absent=0\" target=\"_blank\" rel=\"noopener\"><img decoding=\"async\" class=\"alignnone wp-image-4674\" src=\"https:\/\/biketur.cl\/shop\/wp-content\/uploads\/2022\/04\/descarga-300x107.png\" alt=\"\" width=\"224\" height=\"80\" srcset=\"https:\/\/biketur.cl\/shop\/wp-content\/uploads\/2022\/04\/descarga-300x107.png 300w, https:\/\/biketur.cl\/shop\/wp-content\/uploads\/2022\/04\/descarga.png 377w\" sizes=\"(max-width: 224px) 100vw, 224px\" \/><\/a><\/p>\n<p><strong>Caracter\u00edsticas clave:<\/strong><\/p>\n<ul>\n<li><strong>Marco de aluminio:<\/strong> Resistente y ligero, ideal para maniobras r\u00e1pidas.<\/li>\n<li><strong>7 velocidades Shimano:<\/strong> Cambios precisos para adaptarse a distintos terrenos.<\/li>\n<li><strong>Frenos de disco mec\u00e1nicos:<\/strong> Excelente control y seguridad al frenar.<\/li>\n<li><strong>Cambios Grip Shift:<\/strong> Uso intuitivo para una experiencia de pedaleo m\u00e1s c\u00f3moda.<\/li>\n<\/ul>\n<p>La <strong>Foss XC20 para ni\u00f1a<\/strong> est\u00e1 dise\u00f1ada para brindar confianza y diversi\u00f3n en cada paseo, acompa\u00f1\u00e1ndolas en sus primeras aventuras sobre dos ruedas.<\/p>\n","protected":false},"featured_media":6477,"comment_status":"closed","ping_status":"closed","template":"","meta":[],"pwb-brand":[],"product_brand":[],"product_cat":[116],"product_tag":[],"class_list":{"0":"post-6476","1":"product","2":"type-product","3":"status-publish","4":"has-post-thumbnail","6":"product_cat-bicicletas-para-ninos","8":"first","9":"instock","10":"taxable","11":"shipping-taxable","12":"purchasable","13":"product-type-simple"},"yoast_head":"<!-- This site is optimized with the Yoast SEO plugin v27.3 - https:\/\/yoast.com\/product\/yoast-seo-wordpress\/ -->\n<title>Bicicleta Foss XC20 para Ni\u00f1a aro 20 - Tienda de Bicicletas<\/title>\n<meta name=\"robots\" content=\"index, follow, max-snippet:-1, max-image-preview:large, max-video-preview:-1\" \/>\n<link rel=\"canonical\" href=\"https:\/\/biketur.cl\/shop\/producto\/bicicleta-foss-xc20-para-nina-aro-20\/\" \/>\n<meta property=\"og:locale\" content=\"es_ES\" \/>\n<meta property=\"og:type\" content=\"article\" \/>\n<meta property=\"og:title\" content=\"Bicicleta Foss XC20 para Ni\u00f1a aro 20 - Tienda de Bicicletas\" \/>\n<meta property=\"og:description\" content=\"La bicicleta Foss XC20 para ni\u00f1a es la opci\u00f3n ideal para peque\u00f1as ciclistas que buscan explorar con estilo y confianza. Su marco de aluminio ligero aro 20 ofrece una conducci\u00f3n \u00e1gil y segura, perfecta para paseos urbanos o rutas recreativas.  Equipada con una transmisi\u00f3n Shimano de 7 velocidades y cambios Grip Shift, permite transiciones de marcha suaves y f\u00e1ciles de controlar. El sistema de frenos de disco mec\u00e1nico brinda una potencia de frenado confiable, proporcionando seguridad en cada aventura. Confirma Stock aqu\u00ed \ud83d\udc47   Caracter\u00edsticas clave:   Marco de aluminio: Resistente y ligero, ideal para maniobras r\u00e1pidas.  7 velocidades Shimano: Cambios precisos para adaptarse a distintos terrenos.  Frenos de disco mec\u00e1nicos: Excelente control y seguridad al frenar.  Cambios Grip Shift: Uso intuitivo para una experiencia de pedaleo m\u00e1s c\u00f3moda.  La Foss XC20 para ni\u00f1a est\u00e1 dise\u00f1ada para brindar confianza y diversi\u00f3n en cada paseo, acompa\u00f1\u00e1ndolas en sus primeras aventuras sobre dos ruedas.\" \/>\n<meta property=\"og:url\" content=\"https:\/\/biketur.cl\/shop\/producto\/bicicleta-foss-xc20-para-nina-aro-20\/\" \/>\n<meta property=\"og:site_name\" content=\"Tienda de Bicicletas\" \/>\n<meta property=\"article:modified_time\" content=\"2025-07-22T21:51:30+00:00\" \/>\n<meta property=\"og:image\" content=\"https:\/\/biketur.cl\/shop\/wp-content\/uploads\/2024\/11\/Bicicleta-Foss-XC20-para-Nina.jpg\" \/>\n\t<meta property=\"og:image:width\" content=\"500\" \/>\n\t<meta property=\"og:image:height\" content=\"500\" \/>\n\t<meta property=\"og:image:type\" content=\"image\/jpeg\" \/>\n<meta name=\"twitter:card\" content=\"summary_large_image\" \/>\n<script type=\"application\/ld+json\" class=\"yoast-schema-graph\">{\"@context\":\"https:\\\/\\\/schema.org\",\"@graph\":[{\"@type\":\"WebPage\",\"@id\":\"https:\\\/\\\/biketur.cl\\\/shop\\\/producto\\\/bicicleta-foss-xc20-para-nina-aro-20\\\/\",\"url\":\"https:\\\/\\\/biketur.cl\\\/shop\\\/producto\\\/bicicleta-foss-xc20-para-nina-aro-20\\\/\",\"name\":\"Bicicleta Foss XC20 para Ni\u00f1a aro 20 - Tienda de Bicicletas\",\"isPartOf\":{\"@id\":\"https:\\\/\\\/biketur.cl\\\/shop\\\/#website\"},\"primaryImageOfPage\":{\"@id\":\"https:\\\/\\\/biketur.cl\\\/shop\\\/producto\\\/bicicleta-foss-xc20-para-nina-aro-20\\\/#primaryimage\"},\"image\":{\"@id\":\"https:\\\/\\\/biketur.cl\\\/shop\\\/producto\\\/bicicleta-foss-xc20-para-nina-aro-20\\\/#primaryimage\"},\"thumbnailUrl\":\"https:\\\/\\\/biketur.cl\\\/shop\\\/wp-content\\\/uploads\\\/2024\\\/11\\\/Bicicleta-Foss-XC20-para-Nina.jpg\",\"datePublished\":\"2024-11-20T21:00:43+00:00\",\"dateModified\":\"2025-07-22T21:51:30+00:00\",\"breadcrumb\":{\"@id\":\"https:\\\/\\\/biketur.cl\\\/shop\\\/producto\\\/bicicleta-foss-xc20-para-nina-aro-20\\\/#breadcrumb\"},\"inLanguage\":\"es\",\"potentialAction\":[{\"@type\":\"ReadAction\",\"target\":[\"https:\\\/\\\/biketur.cl\\\/shop\\\/producto\\\/bicicleta-foss-xc20-para-nina-aro-20\\\/\"]}]},{\"@type\":\"ImageObject\",\"inLanguage\":\"es\",\"@id\":\"https:\\\/\\\/biketur.cl\\\/shop\\\/producto\\\/bicicleta-foss-xc20-para-nina-aro-20\\\/#primaryimage\",\"url\":\"https:\\\/\\\/biketur.cl\\\/shop\\\/wp-content\\\/uploads\\\/2024\\\/11\\\/Bicicleta-Foss-XC20-para-Nina.jpg\",\"contentUrl\":\"https:\\\/\\\/biketur.cl\\\/shop\\\/wp-content\\\/uploads\\\/2024\\\/11\\\/Bicicleta-Foss-XC20-para-Nina.jpg\",\"width\":500,\"height\":500},{\"@type\":\"BreadcrumbList\",\"@id\":\"https:\\\/\\\/biketur.cl\\\/shop\\\/producto\\\/bicicleta-foss-xc20-para-nina-aro-20\\\/#breadcrumb\",\"itemListElement\":[{\"@type\":\"ListItem\",\"position\":1,\"name\":\"Portada\",\"item\":\"https:\\\/\\\/biketur.cl\\\/shop\\\/\"},{\"@type\":\"ListItem\",\"position\":2,\"name\":\"Tienda\",\"item\":\"https:\\\/\\\/biketur.cl\\\/shop\\\/tienda\\\/\"},{\"@type\":\"ListItem\",\"position\":3,\"name\":\"Bicicleta Foss XC20 para Ni\u00f1a aro 20\"}]},{\"@type\":\"WebSite\",\"@id\":\"https:\\\/\\\/biketur.cl\\\/shop\\\/#website\",\"url\":\"https:\\\/\\\/biketur.cl\\\/shop\\\/\",\"name\":\"Tienda de Bicicletas\",\"description\":\"| Monta\u00f1a - Ruta - Urbanas |\",\"publisher\":{\"@id\":\"https:\\\/\\\/biketur.cl\\\/shop\\\/#organization\"},\"potentialAction\":[{\"@type\":\"SearchAction\",\"target\":{\"@type\":\"EntryPoint\",\"urlTemplate\":\"https:\\\/\\\/biketur.cl\\\/shop\\\/?s={search_term_string}\"},\"query-input\":{\"@type\":\"PropertyValueSpecification\",\"valueRequired\":true,\"valueName\":\"search_term_string\"}}],\"inLanguage\":\"es\"},{\"@type\":\"Organization\",\"@id\":\"https:\\\/\\\/biketur.cl\\\/shop\\\/#organization\",\"name\":\"Tienda de Bicicletas\",\"url\":\"https:\\\/\\\/biketur.cl\\\/shop\\\/\",\"logo\":{\"@type\":\"ImageObject\",\"inLanguage\":\"es\",\"@id\":\"https:\\\/\\\/biketur.cl\\\/shop\\\/#\\\/schema\\\/logo\\\/image\\\/\",\"url\":\"https:\\\/\\\/biketur.cl\\\/shop\\\/wp-content\\\/uploads\\\/2021\\\/05\\\/cropped-logo-web-Biketur-shop.png\",\"contentUrl\":\"https:\\\/\\\/biketur.cl\\\/shop\\\/wp-content\\\/uploads\\\/2021\\\/05\\\/cropped-logo-web-Biketur-shop.png\",\"width\":500,\"height\":270,\"caption\":\"Tienda de Bicicletas\"},\"image\":{\"@id\":\"https:\\\/\\\/biketur.cl\\\/shop\\\/#\\\/schema\\\/logo\\\/image\\\/\"}}]}<\/script>\n<!-- \/ Yoast SEO plugin. -->","yoast_head_json":{"title":"Bicicleta Foss XC20 para Ni\u00f1a aro 20 - Tienda de Bicicletas","robots":{"index":"index","follow":"follow","max-snippet":"max-snippet:-1","max-image-preview":"max-image-preview:large","max-video-preview":"max-video-preview:-1"},"canonical":"https:\/\/biketur.cl\/shop\/producto\/bicicleta-foss-xc20-para-nina-aro-20\/","og_locale":"es_ES","og_type":"article","og_title":"Bicicleta Foss XC20 para Ni\u00f1a aro 20 - Tienda de Bicicletas","og_description":"La bicicleta Foss XC20 para ni\u00f1a es la opci\u00f3n ideal para peque\u00f1as ciclistas que buscan explorar con estilo y confianza. Su marco de aluminio ligero aro 20 ofrece una conducci\u00f3n \u00e1gil y segura, perfecta para paseos urbanos o rutas recreativas.  Equipada con una transmisi\u00f3n Shimano de 7 velocidades y cambios Grip Shift, permite transiciones de marcha suaves y f\u00e1ciles de controlar. El sistema de frenos de disco mec\u00e1nico brinda una potencia de frenado confiable, proporcionando seguridad en cada aventura. Confirma Stock aqu\u00ed \ud83d\udc47   Caracter\u00edsticas clave:   Marco de aluminio: Resistente y ligero, ideal para maniobras r\u00e1pidas.  7 velocidades Shimano: Cambios precisos para adaptarse a distintos terrenos.  Frenos de disco mec\u00e1nicos: Excelente control y seguridad al frenar.  Cambios Grip Shift: Uso intuitivo para una experiencia de pedaleo m\u00e1s c\u00f3moda.  La Foss XC20 para ni\u00f1a est\u00e1 dise\u00f1ada para brindar confianza y diversi\u00f3n en cada paseo, acompa\u00f1\u00e1ndolas en sus primeras aventuras sobre dos ruedas.","og_url":"https:\/\/biketur.cl\/shop\/producto\/bicicleta-foss-xc20-para-nina-aro-20\/","og_site_name":"Tienda de Bicicletas","article_modified_time":"2025-07-22T21:51:30+00:00","og_image":[{"width":500,"height":500,"url":"https:\/\/biketur.cl\/shop\/wp-content\/uploads\/2024\/11\/Bicicleta-Foss-XC20-para-Nina.jpg","type":"image\/jpeg"}],"twitter_card":"summary_large_image","schema":{"@context":"https:\/\/schema.org","@graph":[{"@type":"WebPage","@id":"https:\/\/biketur.cl\/shop\/producto\/bicicleta-foss-xc20-para-nina-aro-20\/","url":"https:\/\/biketur.cl\/shop\/producto\/bicicleta-foss-xc20-para-nina-aro-20\/","name":"Bicicleta Foss XC20 para Ni\u00f1a aro 20 - Tienda de Bicicletas","isPartOf":{"@id":"https:\/\/biketur.cl\/shop\/#website"},"primaryImageOfPage":{"@id":"https:\/\/biketur.cl\/shop\/producto\/bicicleta-foss-xc20-para-nina-aro-20\/#primaryimage"},"image":{"@id":"https:\/\/biketur.cl\/shop\/producto\/bicicleta-foss-xc20-para-nina-aro-20\/#primaryimage"},"thumbnailUrl":"https:\/\/biketur.cl\/shop\/wp-content\/uploads\/2024\/11\/Bicicleta-Foss-XC20-para-Nina.jpg","datePublished":"2024-11-20T21:00:43+00:00","dateModified":"2025-07-22T21:51:30+00:00","breadcrumb":{"@id":"https:\/\/biketur.cl\/shop\/producto\/bicicleta-foss-xc20-para-nina-aro-20\/#breadcrumb"},"inLanguage":"es","potentialAction":[{"@type":"ReadAction","target":["https:\/\/biketur.cl\/shop\/producto\/bicicleta-foss-xc20-para-nina-aro-20\/"]}]},{"@type":"ImageObject","inLanguage":"es","@id":"https:\/\/biketur.cl\/shop\/producto\/bicicleta-foss-xc20-para-nina-aro-20\/#primaryimage","url":"https:\/\/biketur.cl\/shop\/wp-content\/uploads\/2024\/11\/Bicicleta-Foss-XC20-para-Nina.jpg","contentUrl":"https:\/\/biketur.cl\/shop\/wp-content\/uploads\/2024\/11\/Bicicleta-Foss-XC20-para-Nina.jpg","width":500,"height":500},{"@type":"BreadcrumbList","@id":"https:\/\/biketur.cl\/shop\/producto\/bicicleta-foss-xc20-para-nina-aro-20\/#breadcrumb","itemListElement":[{"@type":"ListItem","position":1,"name":"Portada","item":"https:\/\/biketur.cl\/shop\/"},{"@type":"ListItem","position":2,"name":"Tienda","item":"https:\/\/biketur.cl\/shop\/tienda\/"},{"@type":"ListItem","position":3,"name":"Bicicleta Foss XC20 para Ni\u00f1a aro 20"}]},{"@type":"WebSite","@id":"https:\/\/biketur.cl\/shop\/#website","url":"https:\/\/biketur.cl\/shop\/","name":"Tienda de Bicicletas","description":"| Monta\u00f1a - Ruta - Urbanas |","publisher":{"@id":"https:\/\/biketur.cl\/shop\/#organization"},"potentialAction":[{"@type":"SearchAction","target":{"@type":"EntryPoint","urlTemplate":"https:\/\/biketur.cl\/shop\/?s={search_term_string}"},"query-input":{"@type":"PropertyValueSpecification","valueRequired":true,"valueName":"search_term_string"}}],"inLanguage":"es"},{"@type":"Organization","@id":"https:\/\/biketur.cl\/shop\/#organization","name":"Tienda de Bicicletas","url":"https:\/\/biketur.cl\/shop\/","logo":{"@type":"ImageObject","inLanguage":"es","@id":"https:\/\/biketur.cl\/shop\/#\/schema\/logo\/image\/","url":"https:\/\/biketur.cl\/shop\/wp-content\/uploads\/2021\/05\/cropped-logo-web-Biketur-shop.png","contentUrl":"https:\/\/biketur.cl\/shop\/wp-content\/uploads\/2021\/05\/cropped-logo-web-Biketur-shop.png","width":500,"height":270,"caption":"Tienda de Bicicletas"},"image":{"@id":"https:\/\/biketur.cl\/shop\/#\/schema\/logo\/image\/"}}]}},"brands":[],"_links":{"self":[{"href":"https:\/\/biketur.cl\/shop\/wp-json\/wp\/v2\/product\/6476","targetHints":{"allow":["GET"]}}],"collection":[{"href":"https:\/\/biketur.cl\/shop\/wp-json\/wp\/v2\/product"}],"about":[{"href":"https:\/\/biketur.cl\/shop\/wp-json\/wp\/v2\/types\/product"}],"replies":[{"embeddable":true,"href":"https:\/\/biketur.cl\/shop\/wp-json\/wp\/v2\/comments?post=6476"}],"wp:featuredmedia":[{"embeddable":true,"href":"https:\/\/biketur.cl\/shop\/wp-json\/wp\/v2\/media\/6477"}],"wp:attachment":[{"href":"https:\/\/biketur.cl\/shop\/wp-json\/wp\/v2\/media?parent=6476"}],"wp:term":[{"taxonomy":"pwb-brand","embeddable":true,"href":"https:\/\/biketur.cl\/shop\/wp-json\/wp\/v2\/pwb-brand?post=6476"},{"taxonomy":"product_brand","embeddable":true,"href":"https:\/\/biketur.cl\/shop\/wp-json\/wp\/v2\/product_brand?post=6476"},{"taxonomy":"product_cat","embeddable":true,"href":"https:\/\/biketur.cl\/shop\/wp-json\/wp\/v2\/product_cat?post=6476"},{"taxonomy":"product_tag","embeddable":true,"href":"https:\/\/biketur.cl\/shop\/wp-json\/wp\/v2\/product_tag?post=6476"}],"curies":[{"name":"wp","href":"https:\/\/api.w.org\/{rel}","templated":true}]}}