{"id":6545,"date":"2024-12-03T09:09:20","date_gmt":"2024-12-03T12:09:20","guid":{"rendered":"https:\/\/biketur.cl\/shop\/?post_type=product&#038;p=6545"},"modified":"2025-12-26T15:01:52","modified_gmt":"2025-12-26T18:01:52","slug":"casco-bicicleta-modelo-enduro-talla-ml-58-a-61-cm","status":"publish","type":"product","link":"https:\/\/biketur.cl\/shop\/producto\/casco-bicicleta-modelo-enduro-talla-ml-58-a-61-cm\/","title":{"rendered":"Casco Bicicleta modelo Enduro talla ML (58 a 61 cm)"},"content":{"rendered":"","protected":false},"excerpt":{"rendered":"<p><strong>Casco FOSS Enduro &#8211; Matte Lime \/ Black (Talla M\/L)<\/strong><br \/>\n\u00a1Lleva tu experiencia en la bici al siguiente nivel!<\/p>\n<ul>\n<li><strong>Ajuste personalizado:<\/strong> Regulador tipo dial para m\u00e1xima comodidad.<\/li>\n<li><strong>Ventilaci\u00f3n superior:<\/strong> 22 aberturas que garantizan frescura en tus rutas.<\/li>\n<li><strong>Dise\u00f1o atractivo y seguro:<\/strong> Combinaci\u00f3n Matte Lime \/ Black que destaca en cualquier terreno.<\/li>\n<\/ul>\n<p>Ideal para quienes buscan estilo, rendimiento y protecci\u00f3n en cada pedaleo. \ud83d\udeb4\u200d\u2642\ufe0f<\/p>\n","protected":false},"featured_media":6547,"comment_status":"closed","ping_status":"closed","template":"","meta":[],"pwb-brand":[],"product_brand":[],"product_cat":[33],"product_tag":[],"class_list":{"0":"post-6545","1":"product","2":"type-product","3":"status-publish","4":"has-post-thumbnail","6":"product_cat-casco-bicicleta","8":"first","9":"instock","10":"sale","11":"taxable","12":"shipping-taxable","13":"purchasable","14":"product-type-simple"},"yoast_head":"<!-- This site is optimized with the Yoast SEO plugin v27.3 - https:\/\/yoast.com\/product\/yoast-seo-wordpress\/ -->\n<title>Casco Bicicleta modelo Enduro talla ML (58 a 61 cm) - Tienda de Bicicletas<\/title>\n<meta name=\"robots\" content=\"index, follow, max-snippet:-1, max-image-preview:large, max-video-preview:-1\" \/>\n<link rel=\"canonical\" href=\"https:\/\/biketur.cl\/shop\/producto\/casco-bicicleta-modelo-enduro-talla-ml-58-a-61-cm\/\" \/>\n<meta property=\"og:locale\" content=\"es_ES\" \/>\n<meta property=\"og:type\" content=\"article\" \/>\n<meta property=\"og:title\" content=\"Casco Bicicleta modelo Enduro talla ML (58 a 61 cm) - Tienda de Bicicletas\" \/>\n<meta property=\"og:description\" content=\"Casco FOSS Enduro - Matte Lime \/ Black (Talla M\/L) \u00a1Lleva tu experiencia en la bici al siguiente nivel!   Ajuste personalizado: Regulador tipo dial para m\u00e1xima comodidad.  Ventilaci\u00f3n superior: 22 aberturas que garantizan frescura en tus rutas.  Dise\u00f1o atractivo y seguro: Combinaci\u00f3n Matte Lime \/ Black que destaca en cualquier terreno.  Ideal para quienes buscan estilo, rendimiento y protecci\u00f3n en cada pedaleo. \ud83d\udeb4\u200d\u2642\ufe0f\" \/>\n<meta property=\"og:url\" content=\"https:\/\/biketur.cl\/shop\/producto\/casco-bicicleta-modelo-enduro-talla-ml-58-a-61-cm\/\" \/>\n<meta property=\"og:site_name\" content=\"Tienda de Bicicletas\" \/>\n<meta property=\"article:modified_time\" content=\"2025-12-26T18:01:52+00:00\" \/>\n<meta property=\"og:image\" content=\"https:\/\/biketur.cl\/shop\/wp-content\/uploads\/2024\/12\/Casco-bicicleta-Enduro.jpg\" \/>\n\t<meta property=\"og:image:width\" content=\"800\" \/>\n\t<meta property=\"og:image:height\" content=\"800\" \/>\n\t<meta property=\"og:image:type\" content=\"image\/jpeg\" \/>\n<meta name=\"twitter:card\" content=\"summary_large_image\" \/>\n<script type=\"application\/ld+json\" class=\"yoast-schema-graph\">{\"@context\":\"https:\\\/\\\/schema.org\",\"@graph\":[{\"@type\":\"WebPage\",\"@id\":\"https:\\\/\\\/biketur.cl\\\/shop\\\/producto\\\/casco-bicicleta-modelo-enduro-talla-ml-58-a-61-cm\\\/\",\"url\":\"https:\\\/\\\/biketur.cl\\\/shop\\\/producto\\\/casco-bicicleta-modelo-enduro-talla-ml-58-a-61-cm\\\/\",\"name\":\"Casco Bicicleta modelo Enduro talla ML (58 a 61 cm) - Tienda de Bicicletas\",\"isPartOf\":{\"@id\":\"https:\\\/\\\/biketur.cl\\\/shop\\\/#website\"},\"primaryImageOfPage\":{\"@id\":\"https:\\\/\\\/biketur.cl\\\/shop\\\/producto\\\/casco-bicicleta-modelo-enduro-talla-ml-58-a-61-cm\\\/#primaryimage\"},\"image\":{\"@id\":\"https:\\\/\\\/biketur.cl\\\/shop\\\/producto\\\/casco-bicicleta-modelo-enduro-talla-ml-58-a-61-cm\\\/#primaryimage\"},\"thumbnailUrl\":\"https:\\\/\\\/biketur.cl\\\/shop\\\/wp-content\\\/uploads\\\/2024\\\/12\\\/Casco-bicicleta-Enduro.jpg\",\"datePublished\":\"2024-12-03T12:09:20+00:00\",\"dateModified\":\"2025-12-26T18:01:52+00:00\",\"breadcrumb\":{\"@id\":\"https:\\\/\\\/biketur.cl\\\/shop\\\/producto\\\/casco-bicicleta-modelo-enduro-talla-ml-58-a-61-cm\\\/#breadcrumb\"},\"inLanguage\":\"es\",\"potentialAction\":[{\"@type\":\"ReadAction\",\"target\":[\"https:\\\/\\\/biketur.cl\\\/shop\\\/producto\\\/casco-bicicleta-modelo-enduro-talla-ml-58-a-61-cm\\\/\"]}]},{\"@type\":\"ImageObject\",\"inLanguage\":\"es\",\"@id\":\"https:\\\/\\\/biketur.cl\\\/shop\\\/producto\\\/casco-bicicleta-modelo-enduro-talla-ml-58-a-61-cm\\\/#primaryimage\",\"url\":\"https:\\\/\\\/biketur.cl\\\/shop\\\/wp-content\\\/uploads\\\/2024\\\/12\\\/Casco-bicicleta-Enduro.jpg\",\"contentUrl\":\"https:\\\/\\\/biketur.cl\\\/shop\\\/wp-content\\\/uploads\\\/2024\\\/12\\\/Casco-bicicleta-Enduro.jpg\",\"width\":800,\"height\":800},{\"@type\":\"BreadcrumbList\",\"@id\":\"https:\\\/\\\/biketur.cl\\\/shop\\\/producto\\\/casco-bicicleta-modelo-enduro-talla-ml-58-a-61-cm\\\/#breadcrumb\",\"itemListElement\":[{\"@type\":\"ListItem\",\"position\":1,\"name\":\"Portada\",\"item\":\"https:\\\/\\\/biketur.cl\\\/shop\\\/\"},{\"@type\":\"ListItem\",\"position\":2,\"name\":\"Tienda\",\"item\":\"https:\\\/\\\/biketur.cl\\\/shop\\\/tienda\\\/\"},{\"@type\":\"ListItem\",\"position\":3,\"name\":\"Casco Bicicleta modelo Enduro talla ML (58 a 61 cm)\"}]},{\"@type\":\"WebSite\",\"@id\":\"https:\\\/\\\/biketur.cl\\\/shop\\\/#website\",\"url\":\"https:\\\/\\\/biketur.cl\\\/shop\\\/\",\"name\":\"Tienda de Bicicletas\",\"description\":\"| Monta\u00f1a - Ruta - Urbanas |\",\"publisher\":{\"@id\":\"https:\\\/\\\/biketur.cl\\\/shop\\\/#organization\"},\"potentialAction\":[{\"@type\":\"SearchAction\",\"target\":{\"@type\":\"EntryPoint\",\"urlTemplate\":\"https:\\\/\\\/biketur.cl\\\/shop\\\/?s={search_term_string}\"},\"query-input\":{\"@type\":\"PropertyValueSpecification\",\"valueRequired\":true,\"valueName\":\"search_term_string\"}}],\"inLanguage\":\"es\"},{\"@type\":\"Organization\",\"@id\":\"https:\\\/\\\/biketur.cl\\\/shop\\\/#organization\",\"name\":\"Tienda de Bicicletas\",\"url\":\"https:\\\/\\\/biketur.cl\\\/shop\\\/\",\"logo\":{\"@type\":\"ImageObject\",\"inLanguage\":\"es\",\"@id\":\"https:\\\/\\\/biketur.cl\\\/shop\\\/#\\\/schema\\\/logo\\\/image\\\/\",\"url\":\"https:\\\/\\\/biketur.cl\\\/shop\\\/wp-content\\\/uploads\\\/2021\\\/05\\\/cropped-logo-web-Biketur-shop.png\",\"contentUrl\":\"https:\\\/\\\/biketur.cl\\\/shop\\\/wp-content\\\/uploads\\\/2021\\\/05\\\/cropped-logo-web-Biketur-shop.png\",\"width\":500,\"height\":270,\"caption\":\"Tienda de Bicicletas\"},\"image\":{\"@id\":\"https:\\\/\\\/biketur.cl\\\/shop\\\/#\\\/schema\\\/logo\\\/image\\\/\"}}]}<\/script>\n<!-- \/ Yoast SEO plugin. -->","yoast_head_json":{"title":"Casco Bicicleta modelo Enduro talla ML (58 a 61 cm) - Tienda de Bicicletas","robots":{"index":"index","follow":"follow","max-snippet":"max-snippet:-1","max-image-preview":"max-image-preview:large","max-video-preview":"max-video-preview:-1"},"canonical":"https:\/\/biketur.cl\/shop\/producto\/casco-bicicleta-modelo-enduro-talla-ml-58-a-61-cm\/","og_locale":"es_ES","og_type":"article","og_title":"Casco Bicicleta modelo Enduro talla ML (58 a 61 cm) - Tienda de Bicicletas","og_description":"Casco FOSS Enduro - Matte Lime \/ Black (Talla M\/L) \u00a1Lleva tu experiencia en la bici al siguiente nivel!   Ajuste personalizado: Regulador tipo dial para m\u00e1xima comodidad.  Ventilaci\u00f3n superior: 22 aberturas que garantizan frescura en tus rutas.  Dise\u00f1o atractivo y seguro: Combinaci\u00f3n Matte Lime \/ Black que destaca en cualquier terreno.  Ideal para quienes buscan estilo, rendimiento y protecci\u00f3n en cada pedaleo. \ud83d\udeb4\u200d\u2642\ufe0f","og_url":"https:\/\/biketur.cl\/shop\/producto\/casco-bicicleta-modelo-enduro-talla-ml-58-a-61-cm\/","og_site_name":"Tienda de Bicicletas","article_modified_time":"2025-12-26T18:01:52+00:00","og_image":[{"width":800,"height":800,"url":"https:\/\/biketur.cl\/shop\/wp-content\/uploads\/2024\/12\/Casco-bicicleta-Enduro.jpg","type":"image\/jpeg"}],"twitter_card":"summary_large_image","schema":{"@context":"https:\/\/schema.org","@graph":[{"@type":"WebPage","@id":"https:\/\/biketur.cl\/shop\/producto\/casco-bicicleta-modelo-enduro-talla-ml-58-a-61-cm\/","url":"https:\/\/biketur.cl\/shop\/producto\/casco-bicicleta-modelo-enduro-talla-ml-58-a-61-cm\/","name":"Casco Bicicleta modelo Enduro talla ML (58 a 61 cm) - Tienda de Bicicletas","isPartOf":{"@id":"https:\/\/biketur.cl\/shop\/#website"},"primaryImageOfPage":{"@id":"https:\/\/biketur.cl\/shop\/producto\/casco-bicicleta-modelo-enduro-talla-ml-58-a-61-cm\/#primaryimage"},"image":{"@id":"https:\/\/biketur.cl\/shop\/producto\/casco-bicicleta-modelo-enduro-talla-ml-58-a-61-cm\/#primaryimage"},"thumbnailUrl":"https:\/\/biketur.cl\/shop\/wp-content\/uploads\/2024\/12\/Casco-bicicleta-Enduro.jpg","datePublished":"2024-12-03T12:09:20+00:00","dateModified":"2025-12-26T18:01:52+00:00","breadcrumb":{"@id":"https:\/\/biketur.cl\/shop\/producto\/casco-bicicleta-modelo-enduro-talla-ml-58-a-61-cm\/#breadcrumb"},"inLanguage":"es","potentialAction":[{"@type":"ReadAction","target":["https:\/\/biketur.cl\/shop\/producto\/casco-bicicleta-modelo-enduro-talla-ml-58-a-61-cm\/"]}]},{"@type":"ImageObject","inLanguage":"es","@id":"https:\/\/biketur.cl\/shop\/producto\/casco-bicicleta-modelo-enduro-talla-ml-58-a-61-cm\/#primaryimage","url":"https:\/\/biketur.cl\/shop\/wp-content\/uploads\/2024\/12\/Casco-bicicleta-Enduro.jpg","contentUrl":"https:\/\/biketur.cl\/shop\/wp-content\/uploads\/2024\/12\/Casco-bicicleta-Enduro.jpg","width":800,"height":800},{"@type":"BreadcrumbList","@id":"https:\/\/biketur.cl\/shop\/producto\/casco-bicicleta-modelo-enduro-talla-ml-58-a-61-cm\/#breadcrumb","itemListElement":[{"@type":"ListItem","position":1,"name":"Portada","item":"https:\/\/biketur.cl\/shop\/"},{"@type":"ListItem","position":2,"name":"Tienda","item":"https:\/\/biketur.cl\/shop\/tienda\/"},{"@type":"ListItem","position":3,"name":"Casco Bicicleta modelo Enduro talla ML (58 a 61 cm)"}]},{"@type":"WebSite","@id":"https:\/\/biketur.cl\/shop\/#website","url":"https:\/\/biketur.cl\/shop\/","name":"Tienda de Bicicletas","description":"| Monta\u00f1a - Ruta - Urbanas |","publisher":{"@id":"https:\/\/biketur.cl\/shop\/#organization"},"potentialAction":[{"@type":"SearchAction","target":{"@type":"EntryPoint","urlTemplate":"https:\/\/biketur.cl\/shop\/?s={search_term_string}"},"query-input":{"@type":"PropertyValueSpecification","valueRequired":true,"valueName":"search_term_string"}}],"inLanguage":"es"},{"@type":"Organization","@id":"https:\/\/biketur.cl\/shop\/#organization","name":"Tienda de Bicicletas","url":"https:\/\/biketur.cl\/shop\/","logo":{"@type":"ImageObject","inLanguage":"es","@id":"https:\/\/biketur.cl\/shop\/#\/schema\/logo\/image\/","url":"https:\/\/biketur.cl\/shop\/wp-content\/uploads\/2021\/05\/cropped-logo-web-Biketur-shop.png","contentUrl":"https:\/\/biketur.cl\/shop\/wp-content\/uploads\/2021\/05\/cropped-logo-web-Biketur-shop.png","width":500,"height":270,"caption":"Tienda de Bicicletas"},"image":{"@id":"https:\/\/biketur.cl\/shop\/#\/schema\/logo\/image\/"}}]}},"brands":[],"_links":{"self":[{"href":"https:\/\/biketur.cl\/shop\/wp-json\/wp\/v2\/product\/6545","targetHints":{"allow":["GET"]}}],"collection":[{"href":"https:\/\/biketur.cl\/shop\/wp-json\/wp\/v2\/product"}],"about":[{"href":"https:\/\/biketur.cl\/shop\/wp-json\/wp\/v2\/types\/product"}],"replies":[{"embeddable":true,"href":"https:\/\/biketur.cl\/shop\/wp-json\/wp\/v2\/comments?post=6545"}],"wp:featuredmedia":[{"embeddable":true,"href":"https:\/\/biketur.cl\/shop\/wp-json\/wp\/v2\/media\/6547"}],"wp:attachment":[{"href":"https:\/\/biketur.cl\/shop\/wp-json\/wp\/v2\/media?parent=6545"}],"wp:term":[{"taxonomy":"pwb-brand","embeddable":true,"href":"https:\/\/biketur.cl\/shop\/wp-json\/wp\/v2\/pwb-brand?post=6545"},{"taxonomy":"product_brand","embeddable":true,"href":"https:\/\/biketur.cl\/shop\/wp-json\/wp\/v2\/product_brand?post=6545"},{"taxonomy":"product_cat","embeddable":true,"href":"https:\/\/biketur.cl\/shop\/wp-json\/wp\/v2\/product_cat?post=6545"},{"taxonomy":"product_tag","embeddable":true,"href":"https:\/\/biketur.cl\/shop\/wp-json\/wp\/v2\/product_tag?post=6545"}],"curies":[{"name":"wp","href":"https:\/\/api.w.org\/{rel}","templated":true}]}}