{"id":6822,"date":"2025-08-27T14:11:55","date_gmt":"2025-08-27T17:11:55","guid":{"rendered":"https:\/\/biketur.cl\/shop\/?post_type=product&#038;p=6822"},"modified":"2025-08-27T16:50:10","modified_gmt":"2025-08-27T19:50:10","slug":"mochila-hidratacion-bolsa-de-agua-2-lts","status":"publish","type":"product","link":"https:\/\/biketur.cl\/shop\/producto\/mochila-hidratacion-bolsa-de-agua-2-lts\/","title":{"rendered":"Mochila Hidratacion &#8211; Bolsa de Agua 2 Lts"},"content":{"rendered":"","protected":false},"excerpt":{"rendered":"<p>Mochila Hidratacion Roswheel, Correas reforzadas para Hombro y cintura, Incluye Bolsa de Agua 2 Lts.<\/p>\n<p>CUERPO: Poliester 420D<br \/>\nCOLOR: Azul<\/p>\n","protected":false},"featured_media":6823,"comment_status":"closed","ping_status":"closed","template":"","meta":[],"pwb-brand":[],"product_brand":[],"product_cat":[43,60],"product_tag":[],"class_list":{"0":"post-6822","1":"product","2":"type-product","3":"status-publish","4":"has-post-thumbnail","6":"product_cat-accesorios-de-ciclismo","7":"product_cat-hidratacion","9":"first","10":"instock","11":"featured","12":"taxable","13":"shipping-taxable","14":"purchasable","15":"product-type-simple"},"yoast_head":"<!-- This site is optimized with the Yoast SEO plugin v27.4 - https:\/\/yoast.com\/product\/yoast-seo-wordpress\/ -->\n<title>Mochila Hidratacion - Bolsa de Agua 2 Lts - Tienda de Bicicletas<\/title>\n<meta name=\"description\" content=\"Mochila de hidrataci\u00f3n Roswheel azul con dep\u00f3sito de 2L. Ideal para ciclismo, running o trekking. Ligera, resistente y muy c\u00f3moda.\" \/>\n<meta name=\"robots\" content=\"index, follow, max-snippet:-1, max-image-preview:large, max-video-preview:-1\" \/>\n<link rel=\"canonical\" href=\"https:\/\/biketur.cl\/shop\/producto\/mochila-hidratacion-bolsa-de-agua-2-lts\/\" \/>\n<meta property=\"og:locale\" content=\"es_ES\" \/>\n<meta property=\"og:type\" content=\"article\" \/>\n<meta property=\"og:title\" content=\"Mochila Hidratacion - Bolsa de Agua 2 Lts - Tienda de Bicicletas\" \/>\n<meta property=\"og:description\" content=\"Mochila de hidrataci\u00f3n Roswheel azul con dep\u00f3sito de 2L. Ideal para ciclismo, running o trekking. Ligera, resistente y muy c\u00f3moda.\" \/>\n<meta property=\"og:url\" content=\"https:\/\/biketur.cl\/shop\/producto\/mochila-hidratacion-bolsa-de-agua-2-lts\/\" \/>\n<meta property=\"og:site_name\" content=\"Tienda de Bicicletas\" \/>\n<meta property=\"article:modified_time\" content=\"2025-08-27T19:50:10+00:00\" \/>\n<meta property=\"og:image\" content=\"https:\/\/biketur.cl\/shop\/wp-content\/uploads\/2025\/08\/24381.jpg\" \/>\n\t<meta property=\"og:image:width\" content=\"450\" \/>\n\t<meta property=\"og:image:height\" content=\"450\" \/>\n\t<meta property=\"og:image:type\" content=\"image\/jpeg\" \/>\n<meta name=\"twitter:card\" content=\"summary_large_image\" \/>\n<meta name=\"twitter:label1\" content=\"Tiempo de lectura\" \/>\n\t<meta name=\"twitter:data1\" content=\"1 minuto\" \/>\n<script type=\"application\/ld+json\" class=\"yoast-schema-graph\">{\"@context\":\"https:\\\/\\\/schema.org\",\"@graph\":[{\"@type\":\"WebPage\",\"@id\":\"https:\\\/\\\/biketur.cl\\\/shop\\\/producto\\\/mochila-hidratacion-bolsa-de-agua-2-lts\\\/\",\"url\":\"https:\\\/\\\/biketur.cl\\\/shop\\\/producto\\\/mochila-hidratacion-bolsa-de-agua-2-lts\\\/\",\"name\":\"Mochila Hidratacion - Bolsa de Agua 2 Lts - Tienda de Bicicletas\",\"isPartOf\":{\"@id\":\"https:\\\/\\\/biketur.cl\\\/shop\\\/#website\"},\"primaryImageOfPage\":{\"@id\":\"https:\\\/\\\/biketur.cl\\\/shop\\\/producto\\\/mochila-hidratacion-bolsa-de-agua-2-lts\\\/#primaryimage\"},\"image\":{\"@id\":\"https:\\\/\\\/biketur.cl\\\/shop\\\/producto\\\/mochila-hidratacion-bolsa-de-agua-2-lts\\\/#primaryimage\"},\"thumbnailUrl\":\"https:\\\/\\\/biketur.cl\\\/shop\\\/wp-content\\\/uploads\\\/2025\\\/08\\\/24381.jpg\",\"datePublished\":\"2025-08-27T17:11:55+00:00\",\"dateModified\":\"2025-08-27T19:50:10+00:00\",\"description\":\"Mochila de hidrataci\u00f3n Roswheel azul con dep\u00f3sito de 2L. Ideal para ciclismo, running o trekking. Ligera, resistente y muy c\u00f3moda.\",\"breadcrumb\":{\"@id\":\"https:\\\/\\\/biketur.cl\\\/shop\\\/producto\\\/mochila-hidratacion-bolsa-de-agua-2-lts\\\/#breadcrumb\"},\"inLanguage\":\"es\",\"potentialAction\":[{\"@type\":\"ReadAction\",\"target\":[\"https:\\\/\\\/biketur.cl\\\/shop\\\/producto\\\/mochila-hidratacion-bolsa-de-agua-2-lts\\\/\"]}]},{\"@type\":\"ImageObject\",\"inLanguage\":\"es\",\"@id\":\"https:\\\/\\\/biketur.cl\\\/shop\\\/producto\\\/mochila-hidratacion-bolsa-de-agua-2-lts\\\/#primaryimage\",\"url\":\"https:\\\/\\\/biketur.cl\\\/shop\\\/wp-content\\\/uploads\\\/2025\\\/08\\\/24381.jpg\",\"contentUrl\":\"https:\\\/\\\/biketur.cl\\\/shop\\\/wp-content\\\/uploads\\\/2025\\\/08\\\/24381.jpg\",\"width\":450,\"height\":450},{\"@type\":\"BreadcrumbList\",\"@id\":\"https:\\\/\\\/biketur.cl\\\/shop\\\/producto\\\/mochila-hidratacion-bolsa-de-agua-2-lts\\\/#breadcrumb\",\"itemListElement\":[{\"@type\":\"ListItem\",\"position\":1,\"name\":\"Portada\",\"item\":\"https:\\\/\\\/biketur.cl\\\/shop\\\/\"},{\"@type\":\"ListItem\",\"position\":2,\"name\":\"Tienda\",\"item\":\"https:\\\/\\\/biketur.cl\\\/shop\\\/tienda\\\/\"},{\"@type\":\"ListItem\",\"position\":3,\"name\":\"Mochila Hidratacion &#8211; Bolsa de Agua 2 Lts\"}]},{\"@type\":\"WebSite\",\"@id\":\"https:\\\/\\\/biketur.cl\\\/shop\\\/#website\",\"url\":\"https:\\\/\\\/biketur.cl\\\/shop\\\/\",\"name\":\"Tienda de Bicicletas\",\"description\":\"| Monta\u00f1a - Ruta - Urbanas |\",\"publisher\":{\"@id\":\"https:\\\/\\\/biketur.cl\\\/shop\\\/#organization\"},\"potentialAction\":[{\"@type\":\"SearchAction\",\"target\":{\"@type\":\"EntryPoint\",\"urlTemplate\":\"https:\\\/\\\/biketur.cl\\\/shop\\\/?s={search_term_string}\"},\"query-input\":{\"@type\":\"PropertyValueSpecification\",\"valueRequired\":true,\"valueName\":\"search_term_string\"}}],\"inLanguage\":\"es\"},{\"@type\":\"Organization\",\"@id\":\"https:\\\/\\\/biketur.cl\\\/shop\\\/#organization\",\"name\":\"Tienda de Bicicletas\",\"url\":\"https:\\\/\\\/biketur.cl\\\/shop\\\/\",\"logo\":{\"@type\":\"ImageObject\",\"inLanguage\":\"es\",\"@id\":\"https:\\\/\\\/biketur.cl\\\/shop\\\/#\\\/schema\\\/logo\\\/image\\\/\",\"url\":\"https:\\\/\\\/biketur.cl\\\/shop\\\/wp-content\\\/uploads\\\/2021\\\/05\\\/cropped-logo-web-Biketur-shop.png\",\"contentUrl\":\"https:\\\/\\\/biketur.cl\\\/shop\\\/wp-content\\\/uploads\\\/2021\\\/05\\\/cropped-logo-web-Biketur-shop.png\",\"width\":500,\"height\":270,\"caption\":\"Tienda de Bicicletas\"},\"image\":{\"@id\":\"https:\\\/\\\/biketur.cl\\\/shop\\\/#\\\/schema\\\/logo\\\/image\\\/\"}}]}<\/script>\n<!-- \/ Yoast SEO plugin. -->","yoast_head_json":{"title":"Mochila Hidratacion - Bolsa de Agua 2 Lts - Tienda de Bicicletas","description":"Mochila de hidrataci\u00f3n Roswheel azul con dep\u00f3sito de 2L. Ideal para ciclismo, running o trekking. Ligera, resistente y muy c\u00f3moda.","robots":{"index":"index","follow":"follow","max-snippet":"max-snippet:-1","max-image-preview":"max-image-preview:large","max-video-preview":"max-video-preview:-1"},"canonical":"https:\/\/biketur.cl\/shop\/producto\/mochila-hidratacion-bolsa-de-agua-2-lts\/","og_locale":"es_ES","og_type":"article","og_title":"Mochila Hidratacion - Bolsa de Agua 2 Lts - Tienda de Bicicletas","og_description":"Mochila de hidrataci\u00f3n Roswheel azul con dep\u00f3sito de 2L. Ideal para ciclismo, running o trekking. Ligera, resistente y muy c\u00f3moda.","og_url":"https:\/\/biketur.cl\/shop\/producto\/mochila-hidratacion-bolsa-de-agua-2-lts\/","og_site_name":"Tienda de Bicicletas","article_modified_time":"2025-08-27T19:50:10+00:00","og_image":[{"width":450,"height":450,"url":"https:\/\/biketur.cl\/shop\/wp-content\/uploads\/2025\/08\/24381.jpg","type":"image\/jpeg"}],"twitter_card":"summary_large_image","twitter_misc":{"Tiempo de lectura":"1 minuto"},"schema":{"@context":"https:\/\/schema.org","@graph":[{"@type":"WebPage","@id":"https:\/\/biketur.cl\/shop\/producto\/mochila-hidratacion-bolsa-de-agua-2-lts\/","url":"https:\/\/biketur.cl\/shop\/producto\/mochila-hidratacion-bolsa-de-agua-2-lts\/","name":"Mochila Hidratacion - Bolsa de Agua 2 Lts - Tienda de Bicicletas","isPartOf":{"@id":"https:\/\/biketur.cl\/shop\/#website"},"primaryImageOfPage":{"@id":"https:\/\/biketur.cl\/shop\/producto\/mochila-hidratacion-bolsa-de-agua-2-lts\/#primaryimage"},"image":{"@id":"https:\/\/biketur.cl\/shop\/producto\/mochila-hidratacion-bolsa-de-agua-2-lts\/#primaryimage"},"thumbnailUrl":"https:\/\/biketur.cl\/shop\/wp-content\/uploads\/2025\/08\/24381.jpg","datePublished":"2025-08-27T17:11:55+00:00","dateModified":"2025-08-27T19:50:10+00:00","description":"Mochila de hidrataci\u00f3n Roswheel azul con dep\u00f3sito de 2L. Ideal para ciclismo, running o trekking. Ligera, resistente y muy c\u00f3moda.","breadcrumb":{"@id":"https:\/\/biketur.cl\/shop\/producto\/mochila-hidratacion-bolsa-de-agua-2-lts\/#breadcrumb"},"inLanguage":"es","potentialAction":[{"@type":"ReadAction","target":["https:\/\/biketur.cl\/shop\/producto\/mochila-hidratacion-bolsa-de-agua-2-lts\/"]}]},{"@type":"ImageObject","inLanguage":"es","@id":"https:\/\/biketur.cl\/shop\/producto\/mochila-hidratacion-bolsa-de-agua-2-lts\/#primaryimage","url":"https:\/\/biketur.cl\/shop\/wp-content\/uploads\/2025\/08\/24381.jpg","contentUrl":"https:\/\/biketur.cl\/shop\/wp-content\/uploads\/2025\/08\/24381.jpg","width":450,"height":450},{"@type":"BreadcrumbList","@id":"https:\/\/biketur.cl\/shop\/producto\/mochila-hidratacion-bolsa-de-agua-2-lts\/#breadcrumb","itemListElement":[{"@type":"ListItem","position":1,"name":"Portada","item":"https:\/\/biketur.cl\/shop\/"},{"@type":"ListItem","position":2,"name":"Tienda","item":"https:\/\/biketur.cl\/shop\/tienda\/"},{"@type":"ListItem","position":3,"name":"Mochila Hidratacion &#8211; Bolsa de Agua 2 Lts"}]},{"@type":"WebSite","@id":"https:\/\/biketur.cl\/shop\/#website","url":"https:\/\/biketur.cl\/shop\/","name":"Tienda de Bicicletas","description":"| Monta\u00f1a - Ruta - Urbanas |","publisher":{"@id":"https:\/\/biketur.cl\/shop\/#organization"},"potentialAction":[{"@type":"SearchAction","target":{"@type":"EntryPoint","urlTemplate":"https:\/\/biketur.cl\/shop\/?s={search_term_string}"},"query-input":{"@type":"PropertyValueSpecification","valueRequired":true,"valueName":"search_term_string"}}],"inLanguage":"es"},{"@type":"Organization","@id":"https:\/\/biketur.cl\/shop\/#organization","name":"Tienda de Bicicletas","url":"https:\/\/biketur.cl\/shop\/","logo":{"@type":"ImageObject","inLanguage":"es","@id":"https:\/\/biketur.cl\/shop\/#\/schema\/logo\/image\/","url":"https:\/\/biketur.cl\/shop\/wp-content\/uploads\/2021\/05\/cropped-logo-web-Biketur-shop.png","contentUrl":"https:\/\/biketur.cl\/shop\/wp-content\/uploads\/2021\/05\/cropped-logo-web-Biketur-shop.png","width":500,"height":270,"caption":"Tienda de Bicicletas"},"image":{"@id":"https:\/\/biketur.cl\/shop\/#\/schema\/logo\/image\/"}}]}},"brands":[],"_links":{"self":[{"href":"https:\/\/biketur.cl\/shop\/wp-json\/wp\/v2\/product\/6822","targetHints":{"allow":["GET"]}}],"collection":[{"href":"https:\/\/biketur.cl\/shop\/wp-json\/wp\/v2\/product"}],"about":[{"href":"https:\/\/biketur.cl\/shop\/wp-json\/wp\/v2\/types\/product"}],"replies":[{"embeddable":true,"href":"https:\/\/biketur.cl\/shop\/wp-json\/wp\/v2\/comments?post=6822"}],"wp:featuredmedia":[{"embeddable":true,"href":"https:\/\/biketur.cl\/shop\/wp-json\/wp\/v2\/media\/6823"}],"wp:attachment":[{"href":"https:\/\/biketur.cl\/shop\/wp-json\/wp\/v2\/media?parent=6822"}],"wp:term":[{"taxonomy":"pwb-brand","embeddable":true,"href":"https:\/\/biketur.cl\/shop\/wp-json\/wp\/v2\/pwb-brand?post=6822"},{"taxonomy":"product_brand","embeddable":true,"href":"https:\/\/biketur.cl\/shop\/wp-json\/wp\/v2\/product_brand?post=6822"},{"taxonomy":"product_cat","embeddable":true,"href":"https:\/\/biketur.cl\/shop\/wp-json\/wp\/v2\/product_cat?post=6822"},{"taxonomy":"product_tag","embeddable":true,"href":"https:\/\/biketur.cl\/shop\/wp-json\/wp\/v2\/product_tag?post=6822"}],"curies":[{"name":"wp","href":"https:\/\/api.w.org\/{rel}","templated":true}]}}