{"id":6996,"date":"2025-09-10T12:00:37","date_gmt":"2025-09-10T15:00:37","guid":{"rendered":"https:\/\/biketur.cl\/shop\/?post_type=product&#038;p=6996"},"modified":"2026-03-12T22:53:09","modified_gmt":"2026-03-13T01:53:09","slug":"bicicleta-mtb-trek-marlin-4-gen-3-2026","status":"publish","type":"product","link":"https:\/\/biketur.cl\/shop\/producto\/bicicleta-mtb-trek-marlin-4-gen-3-2026\/","title":{"rendered":"Bicicleta MTB Trek Marlin 4 Gen 3 2026 purpura"},"content":{"rendered":"<p><strong>Cuadro<\/strong><br \/>\nTalla: XXS, XS<br \/>\nAluminio Alpha Silver, tubo horizontal curvado, guiado interno del cambio y la tija telesc\u00f3pica, soporte para portabultos y pata de cabra, y eje pasante ThruSkew de 135&#215;5 mm<\/p>\n<p>Talla: S, M, ML, L, XL, XXL<br \/>\nAluminio Alpha Silver, guiado interno del cambio y la tija telesc\u00f3pica, soporte para portabultos y pata de cabra, y eje pasante ThruSkew de 135&#215;5 mm<br \/>\nSuspensi\u00f3n delantera<br \/>\nTalla: XXS<br \/>\nSR Suntour XCM 30, suspensi\u00f3n de bobina, bloqueo, precarga, 100mm QR, 100mm de recorrido, rueda de 26&#8243;<\/p>\n<p>Talla: XS<br \/>\nSR Suntour XCE 28, suspensi\u00f3n de bobina, precarga, 42mm de compensaci\u00f3n para rueda de 27.5&#8243;, 100mm QR, 80mm de recorrido<\/p>\n<p>Talla: S<br \/>\nSR Suntour XCE 28, suspensi\u00f3n de bobina, precarga, 42mm de compensaci\u00f3n para rueda de 27.5&#8243;, 100mm QR, 100mm de recorrido<\/p>\n<p>Talla: M, ML, L, XL, XXL<br \/>\nSR Suntour XCE 28, suspensi\u00f3n de bobina, precarga, 46mm de compensaci\u00f3n para rueda de 29&#8243;, 100mm QR, 100mm de recorrido<\/p>\n<p><strong>Ruedas<\/strong><br \/>\nMaza Delantera<br \/>\nFormula DC-20, aleaci\u00f3n, 6 pernos, 5x100mm QR<br \/>\nMaza Trasera<br \/>\nFormula DC-22, aleaci\u00f3n, 6 pernos, rueda libre Shimano 8\/9\/10, 135x5mm QR<br \/>\nCierre Trasero<br \/>\nCierre r\u00e1pido de 173&#215;5 mm<br \/>\nLlanta<br \/>\nBontrager Connection, doble pared, 32 agujeros, 20mm de ancho, v\u00e1lvula Schrader<br \/>\nNeum\u00e1tico<br \/>\nTalla: XXS<br \/>\nBontrager Montrose Comp, aro de alambre, 30 tpi, 26 x 2.35\u00bb<\/p>\n<p>Talla: XS, S<br \/>\nBontrager Montrose Comp, aro de alambre, 30 tpi, 27.5 x 2.40&#8243;<\/p>\n<p>Talla: M, M\/L, L, XL, XXLBontrager Montrose comp, aro de alambre, 30 tpi, 29 x 2.40&#8243;<\/p>\n<p><strong>Transmisi\u00f3n<\/strong><br \/>\nManilla de cambios<br \/>\nShimano M315, 8 velocidades<br \/>\nCambio Trasero<br \/>\nShimano ESSA U2000<br \/>\nVolante<br \/>\nTalla: XXS , XS<br \/>\nProWheel de aleaci\u00f3n, anillo de acero de 32 dientes de ancho estrecho, 160 mm de longitud<\/p>\n<p>Talla: S, M, ML<br \/>\nProWheel de aleaci\u00f3n, anillo de acero de 32 dientes de ancho estrecho, 170 mm de longitud<\/p>\n<p>Talla: L, XL, XXL<br \/>\nProWheel de aleaci\u00f3n, anillo de acero de 32 dientes de ancho estrecho, 175 mm de longitud<br \/>\nCassette<br \/>\nShimano HG300, 11-45, 8 velocidades<br \/>\nCadena<br \/>\nKMC Z8.3, 8 velocidades<br \/>\nPedal<br \/>\nPlataforma de nylon<\/p>\n<p><strong>Componentes <\/strong><br \/>\nAsiento<br \/>\nBontrager Verse Short, ra\u00edles de acero inoxidable<br \/>\nTubo de asiento<br \/>\nTalla: XXS<br \/>\nAleaci\u00f3n Bontrager, 31.6mm, 12mm de compensaci\u00f3n, 300mm de longitud<\/p>\n<p>Talla: XS, S, M<br \/>\nAleaci\u00f3n Bontrager, 31.6mm, 12mm de compensaci\u00f3n, 330mm de longitud<\/p>\n<p>Talla: M<br \/>\nBontrager de aleaci\u00f3n, 31,6 mm, retroceso de 12 mm, longitud de 360 mm<\/p>\n<p>Talla: M\/L, L, XL, XXL<br \/>\nAleaci\u00f3n Bontrager, 31.6mm, 12mm de compensaci\u00f3n, 400mm de longitud<br \/>\nManubrio<br \/>\nTalla: XXS, XS<br \/>\nAleaci\u00f3n Bontrager, 31.8 mm, 5 mm de altura, 690 mm de ancho<\/p>\n<p>Talla: S<br \/>\nAleaci\u00f3n Bontrager, 31.8 mm, 15 mm de altura, 720 mm de ancho<\/p>\n<p>Talla: M, M\/L, L, XL, XXL<br \/>\nAleaci\u00f3n Bontrager, 31.8 mm, 15 mm de altura, 750 mm de ancho<br \/>\nGrip<br \/>\nTrek Line Comp, nailon, bloqueo<br \/>\nTee<br \/>\nTalla: XXS, XS, S<br \/>\nBontrager Comp, 31.8mm, 7 grados, 35mm de longitud<\/p>\n<p>Talla: M, ML, L<br \/>\nBontrager Comp, 31.8mm, compatible con Blendr, 7 grados, 50mm de longitud<\/p>\n<p>Talla: XL<br \/>\nBontrager Comp, 31.8mm, compatible con Blendr, 7 grados, 60mm de longitud<\/p>\n<p>Talla: XXL<br \/>\nBontrager Comp, 31.8mm, compatible con Blendr, 7 grados, 70mm de longitud<br \/>\nJuego de direcci\u00f3n<br \/>\nSemi-integrado, 1-1\/8\u00bb<br \/>\nFreno<br \/>\nDisco hidr\u00e1ulico<br \/>\nRotor de freno<br \/>\nTalla: XXS, XS, S<br \/>\n6 pernos, 160 mm<\/p>\n<p>Talla: M, ML, L, XL, XXL<br \/>\n6 pernos, 180 mm<\/p>\n<p><strong>Peso<\/strong><br \/>\nPeso<br \/>\nM &#8211; 14.90 kg \/ 32.85 lbs<br \/>\nL\u00edmite de peso<br \/>\nEsta bici tiene un peso l\u00edmite total m\u00e1ximo (combinando el peso de la bici, el ciclista y la carga) de 300 libras (136 kg).<\/p>\n","protected":false},"excerpt":{"rendered":"<p>La Marlin 4 es una bicicleta ideal para el d\u00eda a d\u00eda, ideal para aventuras cotidianas, tanto dentro como fuera del sendero. Cuenta con un cuadro apto para senderos con horquilla de suspensi\u00f3n, cambio Shimano ESSA de 8 velocidades y soportes para portabultos y pata de cabra, lo que la convierte en la opci\u00f3n ideal para ciclistas de senderos o para quienes buscan una bicicleta urbana c\u00f3moda y estable con la robustez de una aut\u00e9ntica bicicleta de monta\u00f1a.<\/p>\n","protected":false},"featured_media":7000,"comment_status":"closed","ping_status":"closed","template":"","meta":[],"pwb-brand":[93],"product_brand":[],"product_cat":[195,31,139,81,192],"product_tag":[],"class_list":{"0":"post-6996","1":"product","2":"type-product","3":"status-publish","4":"has-post-thumbnail","6":"pwb-brand-trek","7":"product_cat-bicicletas-black-friday","8":"product_cat-bicicletas-en-chile","9":"product_cat-marlin","10":"product_cat-marlin-4","11":"product_cat-nueva-trek-marlin-2026","13":"first","14":"onbackorder","15":"sale","16":"taxable","17":"shipping-taxable","18":"purchasable","19":"product-type-variable"},"yoast_head":"<!-- This site is optimized with the Yoast SEO plugin v27.3 - https:\/\/yoast.com\/product\/yoast-seo-wordpress\/ -->\n<title>Bicicleta MTB Trek Marlin 4 Gen 3 2026 Negra | BikeTur<\/title>\n<meta name=\"description\" content=\"Descubre la Trek Marlin 4 Gen 3 2026 negra: bicicleta MTB confiable, c\u00f3moda y lista para tus rutas. Encu\u00e9ntrala en BikeTur con env\u00edo seguro a todo Chile.\" \/>\n<meta name=\"robots\" content=\"index, follow, max-snippet:-1, max-image-preview:large, max-video-preview:-1\" \/>\n<link rel=\"canonical\" href=\"https:\/\/biketur.cl\/shop\/producto\/bicicleta-mtb-trek-marlin-4-gen-3-2026\/\" \/>\n<meta property=\"og:locale\" content=\"es_ES\" \/>\n<meta property=\"og:type\" content=\"article\" \/>\n<meta property=\"og:title\" content=\"Bicicleta MTB Trek Marlin 4 Gen 3 2026 Negra | BikeTur\" \/>\n<meta property=\"og:description\" content=\"Descubre la Trek Marlin 4 Gen 3 2026 negra: bicicleta MTB confiable, c\u00f3moda y lista para tus rutas. Encu\u00e9ntrala en BikeTur con env\u00edo seguro a todo Chile.\" \/>\n<meta property=\"og:url\" content=\"https:\/\/biketur.cl\/shop\/producto\/bicicleta-mtb-trek-marlin-4-gen-3-2026\/\" \/>\n<meta property=\"og:site_name\" content=\"Tienda de Bicicletas\" \/>\n<meta property=\"article:modified_time\" content=\"2026-03-13T01:53:09+00:00\" \/>\n<meta property=\"og:image\" content=\"https:\/\/biketur.cl\/shop\/wp-content\/uploads\/2025\/09\/bicicleta-trek-2026-1.jpg\" \/>\n\t<meta property=\"og:image:width\" content=\"800\" \/>\n\t<meta property=\"og:image:height\" content=\"800\" \/>\n\t<meta property=\"og:image:type\" content=\"image\/jpeg\" \/>\n<meta name=\"twitter:card\" content=\"summary_large_image\" \/>\n<meta name=\"twitter:label1\" content=\"Tiempo de lectura\" \/>\n\t<meta name=\"twitter:data1\" content=\"3 minutos\" \/>\n<script type=\"application\/ld+json\" class=\"yoast-schema-graph\">{\"@context\":\"https:\\\/\\\/schema.org\",\"@graph\":[{\"@type\":\"WebPage\",\"@id\":\"https:\\\/\\\/biketur.cl\\\/shop\\\/producto\\\/bicicleta-mtb-trek-marlin-4-gen-3-2026\\\/\",\"url\":\"https:\\\/\\\/biketur.cl\\\/shop\\\/producto\\\/bicicleta-mtb-trek-marlin-4-gen-3-2026\\\/\",\"name\":\"Bicicleta MTB Trek Marlin 4 Gen 3 2026 Negra | BikeTur\",\"isPartOf\":{\"@id\":\"https:\\\/\\\/biketur.cl\\\/shop\\\/#website\"},\"primaryImageOfPage\":{\"@id\":\"https:\\\/\\\/biketur.cl\\\/shop\\\/producto\\\/bicicleta-mtb-trek-marlin-4-gen-3-2026\\\/#primaryimage\"},\"image\":{\"@id\":\"https:\\\/\\\/biketur.cl\\\/shop\\\/producto\\\/bicicleta-mtb-trek-marlin-4-gen-3-2026\\\/#primaryimage\"},\"thumbnailUrl\":\"https:\\\/\\\/biketur.cl\\\/shop\\\/wp-content\\\/uploads\\\/2025\\\/09\\\/bicicleta-trek-2026-1.jpg\",\"datePublished\":\"2025-09-10T15:00:37+00:00\",\"dateModified\":\"2026-03-13T01:53:09+00:00\",\"description\":\"Descubre la Trek Marlin 4 Gen 3 2026 negra: bicicleta MTB confiable, c\u00f3moda y lista para tus rutas. Encu\u00e9ntrala en BikeTur con env\u00edo seguro a todo Chile.\",\"breadcrumb\":{\"@id\":\"https:\\\/\\\/biketur.cl\\\/shop\\\/producto\\\/bicicleta-mtb-trek-marlin-4-gen-3-2026\\\/#breadcrumb\"},\"inLanguage\":\"es\",\"potentialAction\":[{\"@type\":\"ReadAction\",\"target\":[\"https:\\\/\\\/biketur.cl\\\/shop\\\/producto\\\/bicicleta-mtb-trek-marlin-4-gen-3-2026\\\/\"]}]},{\"@type\":\"ImageObject\",\"inLanguage\":\"es\",\"@id\":\"https:\\\/\\\/biketur.cl\\\/shop\\\/producto\\\/bicicleta-mtb-trek-marlin-4-gen-3-2026\\\/#primaryimage\",\"url\":\"https:\\\/\\\/biketur.cl\\\/shop\\\/wp-content\\\/uploads\\\/2025\\\/09\\\/bicicleta-trek-2026-1.jpg\",\"contentUrl\":\"https:\\\/\\\/biketur.cl\\\/shop\\\/wp-content\\\/uploads\\\/2025\\\/09\\\/bicicleta-trek-2026-1.jpg\",\"width\":800,\"height\":800},{\"@type\":\"BreadcrumbList\",\"@id\":\"https:\\\/\\\/biketur.cl\\\/shop\\\/producto\\\/bicicleta-mtb-trek-marlin-4-gen-3-2026\\\/#breadcrumb\",\"itemListElement\":[{\"@type\":\"ListItem\",\"position\":1,\"name\":\"Portada\",\"item\":\"https:\\\/\\\/biketur.cl\\\/shop\\\/\"},{\"@type\":\"ListItem\",\"position\":2,\"name\":\"Tienda\",\"item\":\"https:\\\/\\\/biketur.cl\\\/shop\\\/tienda\\\/\"},{\"@type\":\"ListItem\",\"position\":3,\"name\":\"Bicicleta MTB Trek Marlin 4 Gen 3 2026 purpura\"}]},{\"@type\":\"WebSite\",\"@id\":\"https:\\\/\\\/biketur.cl\\\/shop\\\/#website\",\"url\":\"https:\\\/\\\/biketur.cl\\\/shop\\\/\",\"name\":\"Tienda de Bicicletas\",\"description\":\"| Monta\u00f1a - Ruta - Urbanas |\",\"publisher\":{\"@id\":\"https:\\\/\\\/biketur.cl\\\/shop\\\/#organization\"},\"potentialAction\":[{\"@type\":\"SearchAction\",\"target\":{\"@type\":\"EntryPoint\",\"urlTemplate\":\"https:\\\/\\\/biketur.cl\\\/shop\\\/?s={search_term_string}\"},\"query-input\":{\"@type\":\"PropertyValueSpecification\",\"valueRequired\":true,\"valueName\":\"search_term_string\"}}],\"inLanguage\":\"es\"},{\"@type\":\"Organization\",\"@id\":\"https:\\\/\\\/biketur.cl\\\/shop\\\/#organization\",\"name\":\"Tienda de Bicicletas\",\"url\":\"https:\\\/\\\/biketur.cl\\\/shop\\\/\",\"logo\":{\"@type\":\"ImageObject\",\"inLanguage\":\"es\",\"@id\":\"https:\\\/\\\/biketur.cl\\\/shop\\\/#\\\/schema\\\/logo\\\/image\\\/\",\"url\":\"https:\\\/\\\/biketur.cl\\\/shop\\\/wp-content\\\/uploads\\\/2021\\\/05\\\/cropped-logo-web-Biketur-shop.png\",\"contentUrl\":\"https:\\\/\\\/biketur.cl\\\/shop\\\/wp-content\\\/uploads\\\/2021\\\/05\\\/cropped-logo-web-Biketur-shop.png\",\"width\":500,\"height\":270,\"caption\":\"Tienda de Bicicletas\"},\"image\":{\"@id\":\"https:\\\/\\\/biketur.cl\\\/shop\\\/#\\\/schema\\\/logo\\\/image\\\/\"}}]}<\/script>\n<!-- \/ Yoast SEO plugin. -->","yoast_head_json":{"title":"Bicicleta MTB Trek Marlin 4 Gen 3 2026 Negra | BikeTur","description":"Descubre la Trek Marlin 4 Gen 3 2026 negra: bicicleta MTB confiable, c\u00f3moda y lista para tus rutas. Encu\u00e9ntrala en BikeTur con env\u00edo seguro a todo Chile.","robots":{"index":"index","follow":"follow","max-snippet":"max-snippet:-1","max-image-preview":"max-image-preview:large","max-video-preview":"max-video-preview:-1"},"canonical":"https:\/\/biketur.cl\/shop\/producto\/bicicleta-mtb-trek-marlin-4-gen-3-2026\/","og_locale":"es_ES","og_type":"article","og_title":"Bicicleta MTB Trek Marlin 4 Gen 3 2026 Negra | BikeTur","og_description":"Descubre la Trek Marlin 4 Gen 3 2026 negra: bicicleta MTB confiable, c\u00f3moda y lista para tus rutas. Encu\u00e9ntrala en BikeTur con env\u00edo seguro a todo Chile.","og_url":"https:\/\/biketur.cl\/shop\/producto\/bicicleta-mtb-trek-marlin-4-gen-3-2026\/","og_site_name":"Tienda de Bicicletas","article_modified_time":"2026-03-13T01:53:09+00:00","og_image":[{"width":800,"height":800,"url":"https:\/\/biketur.cl\/shop\/wp-content\/uploads\/2025\/09\/bicicleta-trek-2026-1.jpg","type":"image\/jpeg"}],"twitter_card":"summary_large_image","twitter_misc":{"Tiempo de lectura":"3 minutos"},"schema":{"@context":"https:\/\/schema.org","@graph":[{"@type":"WebPage","@id":"https:\/\/biketur.cl\/shop\/producto\/bicicleta-mtb-trek-marlin-4-gen-3-2026\/","url":"https:\/\/biketur.cl\/shop\/producto\/bicicleta-mtb-trek-marlin-4-gen-3-2026\/","name":"Bicicleta MTB Trek Marlin 4 Gen 3 2026 Negra | BikeTur","isPartOf":{"@id":"https:\/\/biketur.cl\/shop\/#website"},"primaryImageOfPage":{"@id":"https:\/\/biketur.cl\/shop\/producto\/bicicleta-mtb-trek-marlin-4-gen-3-2026\/#primaryimage"},"image":{"@id":"https:\/\/biketur.cl\/shop\/producto\/bicicleta-mtb-trek-marlin-4-gen-3-2026\/#primaryimage"},"thumbnailUrl":"https:\/\/biketur.cl\/shop\/wp-content\/uploads\/2025\/09\/bicicleta-trek-2026-1.jpg","datePublished":"2025-09-10T15:00:37+00:00","dateModified":"2026-03-13T01:53:09+00:00","description":"Descubre la Trek Marlin 4 Gen 3 2026 negra: bicicleta MTB confiable, c\u00f3moda y lista para tus rutas. Encu\u00e9ntrala en BikeTur con env\u00edo seguro a todo Chile.","breadcrumb":{"@id":"https:\/\/biketur.cl\/shop\/producto\/bicicleta-mtb-trek-marlin-4-gen-3-2026\/#breadcrumb"},"inLanguage":"es","potentialAction":[{"@type":"ReadAction","target":["https:\/\/biketur.cl\/shop\/producto\/bicicleta-mtb-trek-marlin-4-gen-3-2026\/"]}]},{"@type":"ImageObject","inLanguage":"es","@id":"https:\/\/biketur.cl\/shop\/producto\/bicicleta-mtb-trek-marlin-4-gen-3-2026\/#primaryimage","url":"https:\/\/biketur.cl\/shop\/wp-content\/uploads\/2025\/09\/bicicleta-trek-2026-1.jpg","contentUrl":"https:\/\/biketur.cl\/shop\/wp-content\/uploads\/2025\/09\/bicicleta-trek-2026-1.jpg","width":800,"height":800},{"@type":"BreadcrumbList","@id":"https:\/\/biketur.cl\/shop\/producto\/bicicleta-mtb-trek-marlin-4-gen-3-2026\/#breadcrumb","itemListElement":[{"@type":"ListItem","position":1,"name":"Portada","item":"https:\/\/biketur.cl\/shop\/"},{"@type":"ListItem","position":2,"name":"Tienda","item":"https:\/\/biketur.cl\/shop\/tienda\/"},{"@type":"ListItem","position":3,"name":"Bicicleta MTB Trek Marlin 4 Gen 3 2026 purpura"}]},{"@type":"WebSite","@id":"https:\/\/biketur.cl\/shop\/#website","url":"https:\/\/biketur.cl\/shop\/","name":"Tienda de Bicicletas","description":"| Monta\u00f1a - Ruta - Urbanas |","publisher":{"@id":"https:\/\/biketur.cl\/shop\/#organization"},"potentialAction":[{"@type":"SearchAction","target":{"@type":"EntryPoint","urlTemplate":"https:\/\/biketur.cl\/shop\/?s={search_term_string}"},"query-input":{"@type":"PropertyValueSpecification","valueRequired":true,"valueName":"search_term_string"}}],"inLanguage":"es"},{"@type":"Organization","@id":"https:\/\/biketur.cl\/shop\/#organization","name":"Tienda de Bicicletas","url":"https:\/\/biketur.cl\/shop\/","logo":{"@type":"ImageObject","inLanguage":"es","@id":"https:\/\/biketur.cl\/shop\/#\/schema\/logo\/image\/","url":"https:\/\/biketur.cl\/shop\/wp-content\/uploads\/2021\/05\/cropped-logo-web-Biketur-shop.png","contentUrl":"https:\/\/biketur.cl\/shop\/wp-content\/uploads\/2021\/05\/cropped-logo-web-Biketur-shop.png","width":500,"height":270,"caption":"Tienda de Bicicletas"},"image":{"@id":"https:\/\/biketur.cl\/shop\/#\/schema\/logo\/image\/"}}]}},"brands":[{"id":93,"name":"Trek","slug":"trek"}],"_links":{"self":[{"href":"https:\/\/biketur.cl\/shop\/wp-json\/wp\/v2\/product\/6996","targetHints":{"allow":["GET"]}}],"collection":[{"href":"https:\/\/biketur.cl\/shop\/wp-json\/wp\/v2\/product"}],"about":[{"href":"https:\/\/biketur.cl\/shop\/wp-json\/wp\/v2\/types\/product"}],"replies":[{"embeddable":true,"href":"https:\/\/biketur.cl\/shop\/wp-json\/wp\/v2\/comments?post=6996"}],"wp:featuredmedia":[{"embeddable":true,"href":"https:\/\/biketur.cl\/shop\/wp-json\/wp\/v2\/media\/7000"}],"wp:attachment":[{"href":"https:\/\/biketur.cl\/shop\/wp-json\/wp\/v2\/media?parent=6996"}],"wp:term":[{"taxonomy":"pwb-brand","embeddable":true,"href":"https:\/\/biketur.cl\/shop\/wp-json\/wp\/v2\/pwb-brand?post=6996"},{"taxonomy":"product_brand","embeddable":true,"href":"https:\/\/biketur.cl\/shop\/wp-json\/wp\/v2\/product_brand?post=6996"},{"taxonomy":"product_cat","embeddable":true,"href":"https:\/\/biketur.cl\/shop\/wp-json\/wp\/v2\/product_cat?post=6996"},{"taxonomy":"product_tag","embeddable":true,"href":"https:\/\/biketur.cl\/shop\/wp-json\/wp\/v2\/product_tag?post=6996"}],"curies":[{"name":"wp","href":"https:\/\/api.w.org\/{rel}","templated":true}]}}