{"id":7046,"date":"2025-09-10T19:00:48","date_gmt":"2025-09-10T22:00:48","guid":{"rendered":"https:\/\/biketur.cl\/shop\/?post_type=product&#038;p=7046"},"modified":"2026-03-12T22:57:11","modified_gmt":"2026-03-13T01:57:11","slug":"trek-marlin-5-gen-3-azul-mtb-ligera-y-versatil","status":"publish","type":"product","link":"https:\/\/biketur.cl\/shop\/producto\/trek-marlin-5-gen-3-azul-mtb-ligera-y-versatil\/","title":{"rendered":"Bicicleta MTB Trek Marlin 5 Gen 3 2026 Azul"},"content":{"rendered":"","protected":false},"excerpt":{"rendered":"<p>La Bicicleta Trek Marlin 5 Gen 3 Azul 2026, combina ligereza, comodidad y rendimiento off-road.<\/p>\n<p>Su cuadro de aluminio con guiado interno brinda aspecto limpio y rigidez, mientras que la transmisi\u00f3n Shimano CUES de 9 velocidades, frenos de disco hidr\u00e1ulicos y horquilla Suntour XCT con bloqueo te permiten rodar sin l\u00edmites, ya sea por ciudad o senderos.<\/p>\n","protected":false},"featured_media":7053,"comment_status":"closed","ping_status":"closed","template":"","meta":[],"pwb-brand":[93],"product_brand":[],"product_cat":[31,69,139,82,192],"product_tag":[],"class_list":{"0":"post-7046","1":"product","2":"type-product","3":"status-publish","4":"has-post-thumbnail","6":"pwb-brand-trek","7":"product_cat-bicicletas-en-chile","8":"product_cat-bicicletas-trek","9":"product_cat-marlin","10":"product_cat-bicicletas-trek-marlin-5","11":"product_cat-nueva-trek-marlin-2026","13":"first","14":"instock","15":"sale","16":"taxable","17":"shipping-taxable","18":"purchasable","19":"product-type-variable"},"yoast_head":"<!-- This site is optimized with the Yoast SEO plugin v27.4 - https:\/\/yoast.com\/product\/yoast-seo-wordpress\/ -->\n<title>Trek Marlin 5 Gen 3 2026 \u2013 MTB Ligera y Vers\u00e1til<\/title>\n<meta name=\"description\" content=\"Descubre la Trek Marlin 5 Gen 3 Azul: MTB ligera, transmisi\u00f3n Shimano 9-v, frenos hidr\u00e1ulicos. Ideal para ciudad y trail. \u00a1Explora sin l\u00edmites!\" \/>\n<meta name=\"robots\" content=\"index, follow, max-snippet:-1, max-image-preview:large, max-video-preview:-1\" \/>\n<link rel=\"canonical\" href=\"https:\/\/biketur.cl\/shop\/producto\/trek-marlin-5-gen-3-azul-mtb-ligera-y-versatil\/\" \/>\n<meta property=\"og:locale\" content=\"es_ES\" \/>\n<meta property=\"og:type\" content=\"article\" \/>\n<meta property=\"og:title\" content=\"Trek Marlin 5 Gen 3 2026 \u2013 MTB Ligera y Vers\u00e1til\" \/>\n<meta property=\"og:description\" content=\"Descubre la Trek Marlin 5 Gen 3 Azul: MTB ligera, transmisi\u00f3n Shimano 9-v, frenos hidr\u00e1ulicos. Ideal para ciudad y trail. \u00a1Explora sin l\u00edmites!\" \/>\n<meta property=\"og:url\" content=\"https:\/\/biketur.cl\/shop\/producto\/trek-marlin-5-gen-3-azul-mtb-ligera-y-versatil\/\" \/>\n<meta property=\"og:site_name\" content=\"Tienda de Bicicletas\" \/>\n<meta property=\"article:modified_time\" content=\"2026-03-13T01:57:11+00:00\" \/>\n<meta property=\"og:image\" content=\"https:\/\/biketur.cl\/shop\/wp-content\/uploads\/2025\/09\/Bicicleta-MTB-Trek-Marlin-5-Gen-3-2026-Azul-1.jpg\" \/>\n\t<meta property=\"og:image:width\" content=\"800\" \/>\n\t<meta property=\"og:image:height\" content=\"800\" \/>\n\t<meta property=\"og:image:type\" content=\"image\/jpeg\" \/>\n<meta name=\"twitter:card\" content=\"summary_large_image\" \/>\n<meta name=\"twitter:label1\" content=\"Tiempo de lectura\" \/>\n\t<meta name=\"twitter:data1\" content=\"1 minuto\" \/>\n<script type=\"application\/ld+json\" class=\"yoast-schema-graph\">{\"@context\":\"https:\\\/\\\/schema.org\",\"@graph\":[{\"@type\":\"WebPage\",\"@id\":\"https:\\\/\\\/biketur.cl\\\/shop\\\/producto\\\/trek-marlin-5-gen-3-azul-mtb-ligera-y-versatil\\\/\",\"url\":\"https:\\\/\\\/biketur.cl\\\/shop\\\/producto\\\/trek-marlin-5-gen-3-azul-mtb-ligera-y-versatil\\\/\",\"name\":\"Trek Marlin 5 Gen 3 2026 \u2013 MTB Ligera y Vers\u00e1til\",\"isPartOf\":{\"@id\":\"https:\\\/\\\/biketur.cl\\\/shop\\\/#website\"},\"primaryImageOfPage\":{\"@id\":\"https:\\\/\\\/biketur.cl\\\/shop\\\/producto\\\/trek-marlin-5-gen-3-azul-mtb-ligera-y-versatil\\\/#primaryimage\"},\"image\":{\"@id\":\"https:\\\/\\\/biketur.cl\\\/shop\\\/producto\\\/trek-marlin-5-gen-3-azul-mtb-ligera-y-versatil\\\/#primaryimage\"},\"thumbnailUrl\":\"https:\\\/\\\/biketur.cl\\\/shop\\\/wp-content\\\/uploads\\\/2025\\\/09\\\/Bicicleta-MTB-Trek-Marlin-5-Gen-3-2026-Azul-1.jpg\",\"datePublished\":\"2025-09-10T22:00:48+00:00\",\"dateModified\":\"2026-03-13T01:57:11+00:00\",\"description\":\"Descubre la Trek Marlin 5 Gen 3 Azul: MTB ligera, transmisi\u00f3n Shimano 9-v, frenos hidr\u00e1ulicos. Ideal para ciudad y trail. \u00a1Explora sin l\u00edmites!\",\"breadcrumb\":{\"@id\":\"https:\\\/\\\/biketur.cl\\\/shop\\\/producto\\\/trek-marlin-5-gen-3-azul-mtb-ligera-y-versatil\\\/#breadcrumb\"},\"inLanguage\":\"es\",\"potentialAction\":[{\"@type\":\"ReadAction\",\"target\":[\"https:\\\/\\\/biketur.cl\\\/shop\\\/producto\\\/trek-marlin-5-gen-3-azul-mtb-ligera-y-versatil\\\/\"]}]},{\"@type\":\"ImageObject\",\"inLanguage\":\"es\",\"@id\":\"https:\\\/\\\/biketur.cl\\\/shop\\\/producto\\\/trek-marlin-5-gen-3-azul-mtb-ligera-y-versatil\\\/#primaryimage\",\"url\":\"https:\\\/\\\/biketur.cl\\\/shop\\\/wp-content\\\/uploads\\\/2025\\\/09\\\/Bicicleta-MTB-Trek-Marlin-5-Gen-3-2026-Azul-1.jpg\",\"contentUrl\":\"https:\\\/\\\/biketur.cl\\\/shop\\\/wp-content\\\/uploads\\\/2025\\\/09\\\/Bicicleta-MTB-Trek-Marlin-5-Gen-3-2026-Azul-1.jpg\",\"width\":800,\"height\":800},{\"@type\":\"BreadcrumbList\",\"@id\":\"https:\\\/\\\/biketur.cl\\\/shop\\\/producto\\\/trek-marlin-5-gen-3-azul-mtb-ligera-y-versatil\\\/#breadcrumb\",\"itemListElement\":[{\"@type\":\"ListItem\",\"position\":1,\"name\":\"Portada\",\"item\":\"https:\\\/\\\/biketur.cl\\\/shop\\\/\"},{\"@type\":\"ListItem\",\"position\":2,\"name\":\"Tienda\",\"item\":\"https:\\\/\\\/biketur.cl\\\/shop\\\/tienda\\\/\"},{\"@type\":\"ListItem\",\"position\":3,\"name\":\"Bicicleta MTB Trek Marlin 5 Gen 3 2026 Azul\"}]},{\"@type\":\"WebSite\",\"@id\":\"https:\\\/\\\/biketur.cl\\\/shop\\\/#website\",\"url\":\"https:\\\/\\\/biketur.cl\\\/shop\\\/\",\"name\":\"Tienda de Bicicletas\",\"description\":\"| Monta\u00f1a - Ruta - Urbanas |\",\"publisher\":{\"@id\":\"https:\\\/\\\/biketur.cl\\\/shop\\\/#organization\"},\"potentialAction\":[{\"@type\":\"SearchAction\",\"target\":{\"@type\":\"EntryPoint\",\"urlTemplate\":\"https:\\\/\\\/biketur.cl\\\/shop\\\/?s={search_term_string}\"},\"query-input\":{\"@type\":\"PropertyValueSpecification\",\"valueRequired\":true,\"valueName\":\"search_term_string\"}}],\"inLanguage\":\"es\"},{\"@type\":\"Organization\",\"@id\":\"https:\\\/\\\/biketur.cl\\\/shop\\\/#organization\",\"name\":\"Tienda de Bicicletas\",\"url\":\"https:\\\/\\\/biketur.cl\\\/shop\\\/\",\"logo\":{\"@type\":\"ImageObject\",\"inLanguage\":\"es\",\"@id\":\"https:\\\/\\\/biketur.cl\\\/shop\\\/#\\\/schema\\\/logo\\\/image\\\/\",\"url\":\"https:\\\/\\\/biketur.cl\\\/shop\\\/wp-content\\\/uploads\\\/2021\\\/05\\\/cropped-logo-web-Biketur-shop.png\",\"contentUrl\":\"https:\\\/\\\/biketur.cl\\\/shop\\\/wp-content\\\/uploads\\\/2021\\\/05\\\/cropped-logo-web-Biketur-shop.png\",\"width\":500,\"height\":270,\"caption\":\"Tienda de Bicicletas\"},\"image\":{\"@id\":\"https:\\\/\\\/biketur.cl\\\/shop\\\/#\\\/schema\\\/logo\\\/image\\\/\"}}]}<\/script>\n<!-- \/ Yoast SEO plugin. -->","yoast_head_json":{"title":"Trek Marlin 5 Gen 3 2026 \u2013 MTB Ligera y Vers\u00e1til","description":"Descubre la Trek Marlin 5 Gen 3 Azul: MTB ligera, transmisi\u00f3n Shimano 9-v, frenos hidr\u00e1ulicos. Ideal para ciudad y trail. \u00a1Explora sin l\u00edmites!","robots":{"index":"index","follow":"follow","max-snippet":"max-snippet:-1","max-image-preview":"max-image-preview:large","max-video-preview":"max-video-preview:-1"},"canonical":"https:\/\/biketur.cl\/shop\/producto\/trek-marlin-5-gen-3-azul-mtb-ligera-y-versatil\/","og_locale":"es_ES","og_type":"article","og_title":"Trek Marlin 5 Gen 3 2026 \u2013 MTB Ligera y Vers\u00e1til","og_description":"Descubre la Trek Marlin 5 Gen 3 Azul: MTB ligera, transmisi\u00f3n Shimano 9-v, frenos hidr\u00e1ulicos. Ideal para ciudad y trail. \u00a1Explora sin l\u00edmites!","og_url":"https:\/\/biketur.cl\/shop\/producto\/trek-marlin-5-gen-3-azul-mtb-ligera-y-versatil\/","og_site_name":"Tienda de Bicicletas","article_modified_time":"2026-03-13T01:57:11+00:00","og_image":[{"width":800,"height":800,"url":"https:\/\/biketur.cl\/shop\/wp-content\/uploads\/2025\/09\/Bicicleta-MTB-Trek-Marlin-5-Gen-3-2026-Azul-1.jpg","type":"image\/jpeg"}],"twitter_card":"summary_large_image","twitter_misc":{"Tiempo de lectura":"1 minuto"},"schema":{"@context":"https:\/\/schema.org","@graph":[{"@type":"WebPage","@id":"https:\/\/biketur.cl\/shop\/producto\/trek-marlin-5-gen-3-azul-mtb-ligera-y-versatil\/","url":"https:\/\/biketur.cl\/shop\/producto\/trek-marlin-5-gen-3-azul-mtb-ligera-y-versatil\/","name":"Trek Marlin 5 Gen 3 2026 \u2013 MTB Ligera y Vers\u00e1til","isPartOf":{"@id":"https:\/\/biketur.cl\/shop\/#website"},"primaryImageOfPage":{"@id":"https:\/\/biketur.cl\/shop\/producto\/trek-marlin-5-gen-3-azul-mtb-ligera-y-versatil\/#primaryimage"},"image":{"@id":"https:\/\/biketur.cl\/shop\/producto\/trek-marlin-5-gen-3-azul-mtb-ligera-y-versatil\/#primaryimage"},"thumbnailUrl":"https:\/\/biketur.cl\/shop\/wp-content\/uploads\/2025\/09\/Bicicleta-MTB-Trek-Marlin-5-Gen-3-2026-Azul-1.jpg","datePublished":"2025-09-10T22:00:48+00:00","dateModified":"2026-03-13T01:57:11+00:00","description":"Descubre la Trek Marlin 5 Gen 3 Azul: MTB ligera, transmisi\u00f3n Shimano 9-v, frenos hidr\u00e1ulicos. Ideal para ciudad y trail. \u00a1Explora sin l\u00edmites!","breadcrumb":{"@id":"https:\/\/biketur.cl\/shop\/producto\/trek-marlin-5-gen-3-azul-mtb-ligera-y-versatil\/#breadcrumb"},"inLanguage":"es","potentialAction":[{"@type":"ReadAction","target":["https:\/\/biketur.cl\/shop\/producto\/trek-marlin-5-gen-3-azul-mtb-ligera-y-versatil\/"]}]},{"@type":"ImageObject","inLanguage":"es","@id":"https:\/\/biketur.cl\/shop\/producto\/trek-marlin-5-gen-3-azul-mtb-ligera-y-versatil\/#primaryimage","url":"https:\/\/biketur.cl\/shop\/wp-content\/uploads\/2025\/09\/Bicicleta-MTB-Trek-Marlin-5-Gen-3-2026-Azul-1.jpg","contentUrl":"https:\/\/biketur.cl\/shop\/wp-content\/uploads\/2025\/09\/Bicicleta-MTB-Trek-Marlin-5-Gen-3-2026-Azul-1.jpg","width":800,"height":800},{"@type":"BreadcrumbList","@id":"https:\/\/biketur.cl\/shop\/producto\/trek-marlin-5-gen-3-azul-mtb-ligera-y-versatil\/#breadcrumb","itemListElement":[{"@type":"ListItem","position":1,"name":"Portada","item":"https:\/\/biketur.cl\/shop\/"},{"@type":"ListItem","position":2,"name":"Tienda","item":"https:\/\/biketur.cl\/shop\/tienda\/"},{"@type":"ListItem","position":3,"name":"Bicicleta MTB Trek Marlin 5 Gen 3 2026 Azul"}]},{"@type":"WebSite","@id":"https:\/\/biketur.cl\/shop\/#website","url":"https:\/\/biketur.cl\/shop\/","name":"Tienda de Bicicletas","description":"| Monta\u00f1a - Ruta - Urbanas |","publisher":{"@id":"https:\/\/biketur.cl\/shop\/#organization"},"potentialAction":[{"@type":"SearchAction","target":{"@type":"EntryPoint","urlTemplate":"https:\/\/biketur.cl\/shop\/?s={search_term_string}"},"query-input":{"@type":"PropertyValueSpecification","valueRequired":true,"valueName":"search_term_string"}}],"inLanguage":"es"},{"@type":"Organization","@id":"https:\/\/biketur.cl\/shop\/#organization","name":"Tienda de Bicicletas","url":"https:\/\/biketur.cl\/shop\/","logo":{"@type":"ImageObject","inLanguage":"es","@id":"https:\/\/biketur.cl\/shop\/#\/schema\/logo\/image\/","url":"https:\/\/biketur.cl\/shop\/wp-content\/uploads\/2021\/05\/cropped-logo-web-Biketur-shop.png","contentUrl":"https:\/\/biketur.cl\/shop\/wp-content\/uploads\/2021\/05\/cropped-logo-web-Biketur-shop.png","width":500,"height":270,"caption":"Tienda de Bicicletas"},"image":{"@id":"https:\/\/biketur.cl\/shop\/#\/schema\/logo\/image\/"}}]}},"brands":[{"id":93,"name":"Trek","slug":"trek"}],"_links":{"self":[{"href":"https:\/\/biketur.cl\/shop\/wp-json\/wp\/v2\/product\/7046","targetHints":{"allow":["GET"]}}],"collection":[{"href":"https:\/\/biketur.cl\/shop\/wp-json\/wp\/v2\/product"}],"about":[{"href":"https:\/\/biketur.cl\/shop\/wp-json\/wp\/v2\/types\/product"}],"replies":[{"embeddable":true,"href":"https:\/\/biketur.cl\/shop\/wp-json\/wp\/v2\/comments?post=7046"}],"wp:featuredmedia":[{"embeddable":true,"href":"https:\/\/biketur.cl\/shop\/wp-json\/wp\/v2\/media\/7053"}],"wp:attachment":[{"href":"https:\/\/biketur.cl\/shop\/wp-json\/wp\/v2\/media?parent=7046"}],"wp:term":[{"taxonomy":"pwb-brand","embeddable":true,"href":"https:\/\/biketur.cl\/shop\/wp-json\/wp\/v2\/pwb-brand?post=7046"},{"taxonomy":"product_brand","embeddable":true,"href":"https:\/\/biketur.cl\/shop\/wp-json\/wp\/v2\/product_brand?post=7046"},{"taxonomy":"product_cat","embeddable":true,"href":"https:\/\/biketur.cl\/shop\/wp-json\/wp\/v2\/product_cat?post=7046"},{"taxonomy":"product_tag","embeddable":true,"href":"https:\/\/biketur.cl\/shop\/wp-json\/wp\/v2\/product_tag?post=7046"}],"curies":[{"name":"wp","href":"https:\/\/api.w.org\/{rel}","templated":true}]}}