{"id":7075,"date":"2025-09-10T19:41:21","date_gmt":"2025-09-10T22:41:21","guid":{"rendered":"https:\/\/biketur.cl\/shop\/?post_type=product&#038;p=7075"},"modified":"2026-02-23T16:50:27","modified_gmt":"2026-02-23T19:50:27","slug":"bicicleta-mtb-trek-marlin-6-gen-3-2026-roja","status":"publish","type":"product","link":"https:\/\/biketur.cl\/shop\/producto\/bicicleta-mtb-trek-marlin-6-gen-3-2026-roja\/","title":{"rendered":"Bicicleta MTB Trek Marlin 6 Gen 3 2026 Roja"},"content":{"rendered":"","protected":false},"excerpt":{"rendered":"<p>Impulsa tu aventura con la Trek Marlin 6 Gen 3 en rojo: Geometr\u00eda moderna y ligera de aluminio, suspensi\u00f3n RockShox Judy de 100 mm, cambio Shimano CUES de 10 velocidades y frenos de disco hidr\u00e1ulicos.<br \/>\nEstable en trail, vers\u00e1til en ciudad.<\/p>\n","protected":false},"featured_media":7081,"comment_status":"closed","ping_status":"closed","template":"","meta":[],"pwb-brand":[93],"product_brand":[],"product_cat":[31,69,139,83,192],"product_tag":[],"class_list":{"0":"post-7075","1":"product","2":"type-product","3":"status-publish","4":"has-post-thumbnail","6":"pwb-brand-trek","7":"product_cat-bicicletas-en-chile","8":"product_cat-bicicletas-trek","9":"product_cat-marlin","10":"product_cat-marlin-6","11":"product_cat-nueva-trek-marlin-2026","13":"first","14":"instock","15":"sale","16":"taxable","17":"shipping-taxable","18":"purchasable","19":"product-type-variable"},"yoast_head":"<!-- This site is optimized with the Yoast SEO plugin v27.3 - https:\/\/yoast.com\/product\/yoast-seo-wordpress\/ -->\n<title>Bicicleta MTB Trek Marlin 6 Gen 3 2026 Roja - Tienda de Bicicletas<\/title>\n<meta name=\"robots\" content=\"index, follow, max-snippet:-1, max-image-preview:large, max-video-preview:-1\" \/>\n<link rel=\"canonical\" href=\"https:\/\/biketur.cl\/shop\/producto\/bicicleta-mtb-trek-marlin-6-gen-3-2026-roja\/\" \/>\n<meta property=\"og:locale\" content=\"es_ES\" \/>\n<meta property=\"og:type\" content=\"article\" \/>\n<meta property=\"og:title\" content=\"Bicicleta MTB Trek Marlin 6 Gen 3 2026 Roja - Tienda de Bicicletas\" \/>\n<meta property=\"og:description\" content=\"Impulsa tu aventura con la Trek Marlin 6 Gen 3 en rojo: Geometr\u00eda moderna y ligera de aluminio, suspensi\u00f3n RockShox Judy de 100 mm, cambio Shimano CUES de 10 velocidades y frenos de disco hidr\u00e1ulicos. Estable en trail, vers\u00e1til en ciudad.\" \/>\n<meta property=\"og:url\" content=\"https:\/\/biketur.cl\/shop\/producto\/bicicleta-mtb-trek-marlin-6-gen-3-2026-roja\/\" \/>\n<meta property=\"og:site_name\" content=\"Tienda de Bicicletas\" \/>\n<meta property=\"article:modified_time\" content=\"2026-02-23T19:50:27+00:00\" \/>\n<meta property=\"og:image\" content=\"https:\/\/biketur.cl\/shop\/wp-content\/uploads\/2025\/09\/Bicicleta-MTB-Trek-Marlin-6-Gen-3-2026-Roja-1.jpg\" \/>\n\t<meta property=\"og:image:width\" content=\"800\" \/>\n\t<meta property=\"og:image:height\" content=\"800\" \/>\n\t<meta property=\"og:image:type\" content=\"image\/jpeg\" \/>\n<meta name=\"twitter:card\" content=\"summary_large_image\" \/>\n<meta name=\"twitter:label1\" content=\"Tiempo de lectura\" \/>\n\t<meta name=\"twitter:data1\" content=\"1 minuto\" \/>\n<script type=\"application\/ld+json\" class=\"yoast-schema-graph\">{\"@context\":\"https:\\\/\\\/schema.org\",\"@graph\":[{\"@type\":\"WebPage\",\"@id\":\"https:\\\/\\\/biketur.cl\\\/shop\\\/producto\\\/bicicleta-mtb-trek-marlin-6-gen-3-2026-roja\\\/\",\"url\":\"https:\\\/\\\/biketur.cl\\\/shop\\\/producto\\\/bicicleta-mtb-trek-marlin-6-gen-3-2026-roja\\\/\",\"name\":\"Bicicleta MTB Trek Marlin 6 Gen 3 2026 Roja - Tienda de Bicicletas\",\"isPartOf\":{\"@id\":\"https:\\\/\\\/biketur.cl\\\/shop\\\/#website\"},\"primaryImageOfPage\":{\"@id\":\"https:\\\/\\\/biketur.cl\\\/shop\\\/producto\\\/bicicleta-mtb-trek-marlin-6-gen-3-2026-roja\\\/#primaryimage\"},\"image\":{\"@id\":\"https:\\\/\\\/biketur.cl\\\/shop\\\/producto\\\/bicicleta-mtb-trek-marlin-6-gen-3-2026-roja\\\/#primaryimage\"},\"thumbnailUrl\":\"https:\\\/\\\/biketur.cl\\\/shop\\\/wp-content\\\/uploads\\\/2025\\\/09\\\/Bicicleta-MTB-Trek-Marlin-6-Gen-3-2026-Roja-1.jpg\",\"datePublished\":\"2025-09-10T22:41:21+00:00\",\"dateModified\":\"2026-02-23T19:50:27+00:00\",\"breadcrumb\":{\"@id\":\"https:\\\/\\\/biketur.cl\\\/shop\\\/producto\\\/bicicleta-mtb-trek-marlin-6-gen-3-2026-roja\\\/#breadcrumb\"},\"inLanguage\":\"es\",\"potentialAction\":[{\"@type\":\"ReadAction\",\"target\":[\"https:\\\/\\\/biketur.cl\\\/shop\\\/producto\\\/bicicleta-mtb-trek-marlin-6-gen-3-2026-roja\\\/\"]}]},{\"@type\":\"ImageObject\",\"inLanguage\":\"es\",\"@id\":\"https:\\\/\\\/biketur.cl\\\/shop\\\/producto\\\/bicicleta-mtb-trek-marlin-6-gen-3-2026-roja\\\/#primaryimage\",\"url\":\"https:\\\/\\\/biketur.cl\\\/shop\\\/wp-content\\\/uploads\\\/2025\\\/09\\\/Bicicleta-MTB-Trek-Marlin-6-Gen-3-2026-Roja-1.jpg\",\"contentUrl\":\"https:\\\/\\\/biketur.cl\\\/shop\\\/wp-content\\\/uploads\\\/2025\\\/09\\\/Bicicleta-MTB-Trek-Marlin-6-Gen-3-2026-Roja-1.jpg\",\"width\":800,\"height\":800},{\"@type\":\"BreadcrumbList\",\"@id\":\"https:\\\/\\\/biketur.cl\\\/shop\\\/producto\\\/bicicleta-mtb-trek-marlin-6-gen-3-2026-roja\\\/#breadcrumb\",\"itemListElement\":[{\"@type\":\"ListItem\",\"position\":1,\"name\":\"Portada\",\"item\":\"https:\\\/\\\/biketur.cl\\\/shop\\\/\"},{\"@type\":\"ListItem\",\"position\":2,\"name\":\"Tienda\",\"item\":\"https:\\\/\\\/biketur.cl\\\/shop\\\/tienda\\\/\"},{\"@type\":\"ListItem\",\"position\":3,\"name\":\"Bicicleta MTB Trek Marlin 6 Gen 3 2026 Roja\"}]},{\"@type\":\"WebSite\",\"@id\":\"https:\\\/\\\/biketur.cl\\\/shop\\\/#website\",\"url\":\"https:\\\/\\\/biketur.cl\\\/shop\\\/\",\"name\":\"Tienda de Bicicletas\",\"description\":\"| Monta\u00f1a - Ruta - Urbanas |\",\"publisher\":{\"@id\":\"https:\\\/\\\/biketur.cl\\\/shop\\\/#organization\"},\"potentialAction\":[{\"@type\":\"SearchAction\",\"target\":{\"@type\":\"EntryPoint\",\"urlTemplate\":\"https:\\\/\\\/biketur.cl\\\/shop\\\/?s={search_term_string}\"},\"query-input\":{\"@type\":\"PropertyValueSpecification\",\"valueRequired\":true,\"valueName\":\"search_term_string\"}}],\"inLanguage\":\"es\"},{\"@type\":\"Organization\",\"@id\":\"https:\\\/\\\/biketur.cl\\\/shop\\\/#organization\",\"name\":\"Tienda de Bicicletas\",\"url\":\"https:\\\/\\\/biketur.cl\\\/shop\\\/\",\"logo\":{\"@type\":\"ImageObject\",\"inLanguage\":\"es\",\"@id\":\"https:\\\/\\\/biketur.cl\\\/shop\\\/#\\\/schema\\\/logo\\\/image\\\/\",\"url\":\"https:\\\/\\\/biketur.cl\\\/shop\\\/wp-content\\\/uploads\\\/2021\\\/05\\\/cropped-logo-web-Biketur-shop.png\",\"contentUrl\":\"https:\\\/\\\/biketur.cl\\\/shop\\\/wp-content\\\/uploads\\\/2021\\\/05\\\/cropped-logo-web-Biketur-shop.png\",\"width\":500,\"height\":270,\"caption\":\"Tienda de Bicicletas\"},\"image\":{\"@id\":\"https:\\\/\\\/biketur.cl\\\/shop\\\/#\\\/schema\\\/logo\\\/image\\\/\"}}]}<\/script>\n<!-- \/ Yoast SEO plugin. -->","yoast_head_json":{"title":"Bicicleta MTB Trek Marlin 6 Gen 3 2026 Roja - Tienda de Bicicletas","robots":{"index":"index","follow":"follow","max-snippet":"max-snippet:-1","max-image-preview":"max-image-preview:large","max-video-preview":"max-video-preview:-1"},"canonical":"https:\/\/biketur.cl\/shop\/producto\/bicicleta-mtb-trek-marlin-6-gen-3-2026-roja\/","og_locale":"es_ES","og_type":"article","og_title":"Bicicleta MTB Trek Marlin 6 Gen 3 2026 Roja - Tienda de Bicicletas","og_description":"Impulsa tu aventura con la Trek Marlin 6 Gen 3 en rojo: Geometr\u00eda moderna y ligera de aluminio, suspensi\u00f3n RockShox Judy de 100 mm, cambio Shimano CUES de 10 velocidades y frenos de disco hidr\u00e1ulicos. Estable en trail, vers\u00e1til en ciudad.","og_url":"https:\/\/biketur.cl\/shop\/producto\/bicicleta-mtb-trek-marlin-6-gen-3-2026-roja\/","og_site_name":"Tienda de Bicicletas","article_modified_time":"2026-02-23T19:50:27+00:00","og_image":[{"width":800,"height":800,"url":"https:\/\/biketur.cl\/shop\/wp-content\/uploads\/2025\/09\/Bicicleta-MTB-Trek-Marlin-6-Gen-3-2026-Roja-1.jpg","type":"image\/jpeg"}],"twitter_card":"summary_large_image","twitter_misc":{"Tiempo de lectura":"1 minuto"},"schema":{"@context":"https:\/\/schema.org","@graph":[{"@type":"WebPage","@id":"https:\/\/biketur.cl\/shop\/producto\/bicicleta-mtb-trek-marlin-6-gen-3-2026-roja\/","url":"https:\/\/biketur.cl\/shop\/producto\/bicicleta-mtb-trek-marlin-6-gen-3-2026-roja\/","name":"Bicicleta MTB Trek Marlin 6 Gen 3 2026 Roja - Tienda de Bicicletas","isPartOf":{"@id":"https:\/\/biketur.cl\/shop\/#website"},"primaryImageOfPage":{"@id":"https:\/\/biketur.cl\/shop\/producto\/bicicleta-mtb-trek-marlin-6-gen-3-2026-roja\/#primaryimage"},"image":{"@id":"https:\/\/biketur.cl\/shop\/producto\/bicicleta-mtb-trek-marlin-6-gen-3-2026-roja\/#primaryimage"},"thumbnailUrl":"https:\/\/biketur.cl\/shop\/wp-content\/uploads\/2025\/09\/Bicicleta-MTB-Trek-Marlin-6-Gen-3-2026-Roja-1.jpg","datePublished":"2025-09-10T22:41:21+00:00","dateModified":"2026-02-23T19:50:27+00:00","breadcrumb":{"@id":"https:\/\/biketur.cl\/shop\/producto\/bicicleta-mtb-trek-marlin-6-gen-3-2026-roja\/#breadcrumb"},"inLanguage":"es","potentialAction":[{"@type":"ReadAction","target":["https:\/\/biketur.cl\/shop\/producto\/bicicleta-mtb-trek-marlin-6-gen-3-2026-roja\/"]}]},{"@type":"ImageObject","inLanguage":"es","@id":"https:\/\/biketur.cl\/shop\/producto\/bicicleta-mtb-trek-marlin-6-gen-3-2026-roja\/#primaryimage","url":"https:\/\/biketur.cl\/shop\/wp-content\/uploads\/2025\/09\/Bicicleta-MTB-Trek-Marlin-6-Gen-3-2026-Roja-1.jpg","contentUrl":"https:\/\/biketur.cl\/shop\/wp-content\/uploads\/2025\/09\/Bicicleta-MTB-Trek-Marlin-6-Gen-3-2026-Roja-1.jpg","width":800,"height":800},{"@type":"BreadcrumbList","@id":"https:\/\/biketur.cl\/shop\/producto\/bicicleta-mtb-trek-marlin-6-gen-3-2026-roja\/#breadcrumb","itemListElement":[{"@type":"ListItem","position":1,"name":"Portada","item":"https:\/\/biketur.cl\/shop\/"},{"@type":"ListItem","position":2,"name":"Tienda","item":"https:\/\/biketur.cl\/shop\/tienda\/"},{"@type":"ListItem","position":3,"name":"Bicicleta MTB Trek Marlin 6 Gen 3 2026 Roja"}]},{"@type":"WebSite","@id":"https:\/\/biketur.cl\/shop\/#website","url":"https:\/\/biketur.cl\/shop\/","name":"Tienda de Bicicletas","description":"| Monta\u00f1a - Ruta - Urbanas |","publisher":{"@id":"https:\/\/biketur.cl\/shop\/#organization"},"potentialAction":[{"@type":"SearchAction","target":{"@type":"EntryPoint","urlTemplate":"https:\/\/biketur.cl\/shop\/?s={search_term_string}"},"query-input":{"@type":"PropertyValueSpecification","valueRequired":true,"valueName":"search_term_string"}}],"inLanguage":"es"},{"@type":"Organization","@id":"https:\/\/biketur.cl\/shop\/#organization","name":"Tienda de Bicicletas","url":"https:\/\/biketur.cl\/shop\/","logo":{"@type":"ImageObject","inLanguage":"es","@id":"https:\/\/biketur.cl\/shop\/#\/schema\/logo\/image\/","url":"https:\/\/biketur.cl\/shop\/wp-content\/uploads\/2021\/05\/cropped-logo-web-Biketur-shop.png","contentUrl":"https:\/\/biketur.cl\/shop\/wp-content\/uploads\/2021\/05\/cropped-logo-web-Biketur-shop.png","width":500,"height":270,"caption":"Tienda de Bicicletas"},"image":{"@id":"https:\/\/biketur.cl\/shop\/#\/schema\/logo\/image\/"}}]}},"brands":[{"id":93,"name":"Trek","slug":"trek"}],"_links":{"self":[{"href":"https:\/\/biketur.cl\/shop\/wp-json\/wp\/v2\/product\/7075","targetHints":{"allow":["GET"]}}],"collection":[{"href":"https:\/\/biketur.cl\/shop\/wp-json\/wp\/v2\/product"}],"about":[{"href":"https:\/\/biketur.cl\/shop\/wp-json\/wp\/v2\/types\/product"}],"replies":[{"embeddable":true,"href":"https:\/\/biketur.cl\/shop\/wp-json\/wp\/v2\/comments?post=7075"}],"wp:featuredmedia":[{"embeddable":true,"href":"https:\/\/biketur.cl\/shop\/wp-json\/wp\/v2\/media\/7081"}],"wp:attachment":[{"href":"https:\/\/biketur.cl\/shop\/wp-json\/wp\/v2\/media?parent=7075"}],"wp:term":[{"taxonomy":"pwb-brand","embeddable":true,"href":"https:\/\/biketur.cl\/shop\/wp-json\/wp\/v2\/pwb-brand?post=7075"},{"taxonomy":"product_brand","embeddable":true,"href":"https:\/\/biketur.cl\/shop\/wp-json\/wp\/v2\/product_brand?post=7075"},{"taxonomy":"product_cat","embeddable":true,"href":"https:\/\/biketur.cl\/shop\/wp-json\/wp\/v2\/product_cat?post=7075"},{"taxonomy":"product_tag","embeddable":true,"href":"https:\/\/biketur.cl\/shop\/wp-json\/wp\/v2\/product_tag?post=7075"}],"curies":[{"name":"wp","href":"https:\/\/api.w.org\/{rel}","templated":true}]}}