{"id":7263,"date":"2025-10-23T10:56:25","date_gmt":"2025-10-23T13:56:25","guid":{"rendered":"https:\/\/biketur.cl\/shop\/?post_type=product&#038;p=7263"},"modified":"2025-10-23T10:58:06","modified_gmt":"2025-10-23T13:58:06","slug":"luz-foco-para-bicicleta-foss-usb-300-lumenes-con-fotocelda-y-bocina","status":"publish","type":"product","link":"https:\/\/biketur.cl\/shop\/producto\/luz-foco-para-bicicleta-foss-usb-300-lumenes-con-fotocelda-y-bocina\/","title":{"rendered":"Luz Foco para Bicicleta FOSS USB 300 l\u00famenes con fotocelda y bocina"},"content":{"rendered":"","protected":false},"excerpt":{"rendered":"<p><span style=\"font-weight: 400;\">El <\/span><b>foco FOSS USB de 300 l\u00famenes<\/b><span style=\"font-weight: 400;\"> combina <\/span><b>potencia, tecnolog\u00eda y seguridad<\/b><span style=\"font-weight: 400;\"> en un solo accesorio.<\/span><span style=\"font-weight: 400;\"><br \/>\n<\/span><span style=\"font-weight: 400;\">Cuenta con <\/span><b>fotocelda autom\u00e1tica<\/b><span style=\"font-weight: 400;\">, <\/span><b>bocina integrada con sonidos variados<\/b><span style=\"font-weight: 400;\"> y <\/span><b>control desde el manubrio<\/b><span style=\"font-weight: 400;\">, para ofrecer una experiencia pr\u00e1ctica y segura en todo tipo de recorridos.<\/span><\/p>\n<h3><b>Caracter\u00edsticas t\u00e9cnicas<\/b><\/h3>\n<ul>\n<li style=\"font-weight: 400;\" aria-level=\"1\"><b>Marca:<\/b><span style=\"font-weight: 400;\"> FOSS<\/span><\/li>\n<li style=\"font-weight: 400;\" aria-level=\"1\"><b>Potencia:<\/b><span style=\"font-weight: 400;\"> 300 l\u00famenes<\/span><\/li>\n<li style=\"font-weight: 400;\" aria-level=\"1\"><b>Funciones de luz:<\/b><span style=\"font-weight: 400;\"> 3 modos (alta, media, intermitente)<\/span><\/li>\n<li style=\"font-weight: 400;\" aria-level=\"1\"><b>Fotocelda autom\u00e1tica:<\/b><span style=\"font-weight: 400;\"> ajusta la intensidad seg\u00fan la luz ambiental<\/span><\/li>\n<li style=\"font-weight: 400;\" aria-level=\"1\"><b>Bocina integrada:<\/b><span style=\"font-weight: 400;\"> varios sonidos seleccionables<\/span><\/li>\n<li style=\"font-weight: 400;\" aria-level=\"1\"><b>Mando remoto:<\/b><span style=\"font-weight: 400;\"> control de luz y bocina desde el manubrio<\/span><\/li>\n<li style=\"font-weight: 400;\" aria-level=\"1\"><b>Carga:<\/b><span style=\"font-weight: 400;\"> v\u00eda USB, r\u00e1pida y sin pilas<\/span><\/li>\n<li style=\"font-weight: 400;\" aria-level=\"1\"><b>Instalaci\u00f3n:<\/b><span style=\"font-weight: 400;\"> sencilla y firme, compatible con la mayor\u00eda de bicicletas<\/span><\/li>\n<li style=\"font-weight: 400;\" aria-level=\"1\"><b>Material:<\/b><span style=\"font-weight: 400;\"> carcasa resistente y ligera, ideal para uso urbano o deportivo<\/span><\/li>\n<\/ul>\n<h3><b>Beneficios<\/b><\/h3>\n<ul>\n<li style=\"font-weight: 400;\" aria-level=\"1\"><span style=\"font-weight: 400;\">Mayor <\/span><b>visibilidad nocturna y diurna<\/b><span style=\"font-weight: 400;\"> gracias a sus 300 l\u00famenes de potencia.<\/span><\/li>\n<li style=\"font-weight: 400;\" aria-level=\"1\"><b>Seguridad adicional<\/b><span style=\"font-weight: 400;\"> con bocina integrada y mando al manubrio.<\/span><\/li>\n<li style=\"font-weight: 400;\" aria-level=\"1\"><b>Eficiencia energ\u00e9tica<\/b><span style=\"font-weight: 400;\"> con fotocelda inteligente y bater\u00eda recargable.<\/span><\/li>\n<li style=\"font-weight: 400;\" aria-level=\"1\"><span style=\"font-weight: 400;\">Dise\u00f1o <\/span><b>moderno, resistente al agua y f\u00e1cil de instalar<\/b><span style=\"font-weight: 400;\">.<\/span><\/li>\n<\/ul>\n<p><span style=\"font-weight: 400;\">Perfecto para ciclistas que buscan <\/span><b>un foco vers\u00e1til, potente y funcional<\/b><span style=\"font-weight: 400;\">, con todo lo necesario para moverse con seguridad y comodidad en la ciudad o la ruta.<\/span><\/p>\n","protected":false},"featured_media":7265,"comment_status":"closed","ping_status":"closed","template":"","meta":[],"pwb-brand":[],"product_brand":[],"product_cat":[43,35],"product_tag":[],"class_list":{"0":"post-7263","1":"product","2":"type-product","3":"status-publish","4":"has-post-thumbnail","6":"product_cat-accesorios-de-ciclismo","7":"product_cat-luces","9":"first","10":"instock","11":"taxable","12":"shipping-taxable","13":"purchasable","14":"product-type-simple"},"yoast_head":"<!-- This site is optimized with the Yoast SEO plugin v27.3 - https:\/\/yoast.com\/product\/yoast-seo-wordpress\/ -->\n<title>Luz Foco para Bicicleta FOSS USB 300 l\u00famenes con fotocelda y bocina - Tienda de Bicicletas<\/title>\n<meta name=\"robots\" content=\"index, follow, max-snippet:-1, max-image-preview:large, max-video-preview:-1\" \/>\n<link rel=\"canonical\" href=\"https:\/\/biketur.cl\/shop\/producto\/luz-foco-para-bicicleta-foss-usb-300-lumenes-con-fotocelda-y-bocina\/\" \/>\n<meta property=\"og:locale\" content=\"es_ES\" \/>\n<meta property=\"og:type\" content=\"article\" \/>\n<meta property=\"og:title\" content=\"Luz Foco para Bicicleta FOSS USB 300 l\u00famenes con fotocelda y bocina - Tienda de Bicicletas\" \/>\n<meta property=\"og:description\" content=\"El foco FOSS USB de 300 l\u00famenes combina potencia, tecnolog\u00eda y seguridad en un solo accesorio. Cuenta con fotocelda autom\u00e1tica, bocina integrada con sonidos variados y control desde el manubrio, para ofrecer una experiencia pr\u00e1ctica y segura en todo tipo de recorridos. Caracter\u00edsticas t\u00e9cnicas   Marca: FOSS  Potencia: 300 l\u00famenes  Funciones de luz: 3 modos (alta, media, intermitente)  Fotocelda autom\u00e1tica: ajusta la intensidad seg\u00fan la luz ambiental  Bocina integrada: varios sonidos seleccionables  Mando remoto: control de luz y bocina desde el manubrio  Carga: v\u00eda USB, r\u00e1pida y sin pilas  Instalaci\u00f3n: sencilla y firme, compatible con la mayor\u00eda de bicicletas  Material: carcasa resistente y ligera, ideal para uso urbano o deportivo  Beneficios   Mayor visibilidad nocturna y diurna gracias a sus 300 l\u00famenes de potencia.  Seguridad adicional con bocina integrada y mando al manubrio.  Eficiencia energ\u00e9tica con fotocelda inteligente y bater\u00eda recargable.  Dise\u00f1o moderno, resistente al agua y f\u00e1cil de instalar.  Perfecto para ciclistas que buscan un foco vers\u00e1til, potente y funcional, con todo lo necesario para moverse con seguridad y comodidad en la ciudad o la ruta.\" \/>\n<meta property=\"og:url\" content=\"https:\/\/biketur.cl\/shop\/producto\/luz-foco-para-bicicleta-foss-usb-300-lumenes-con-fotocelda-y-bocina\/\" \/>\n<meta property=\"og:site_name\" content=\"Tienda de Bicicletas\" \/>\n<meta property=\"article:modified_time\" content=\"2025-10-23T13:58:06+00:00\" \/>\n<meta property=\"og:image\" content=\"https:\/\/biketur.cl\/shop\/wp-content\/uploads\/2025\/10\/foco-luz-bicicleta.jpg\" \/>\n\t<meta property=\"og:image:width\" content=\"600\" \/>\n\t<meta property=\"og:image:height\" content=\"450\" \/>\n\t<meta property=\"og:image:type\" content=\"image\/jpeg\" \/>\n<meta name=\"twitter:card\" content=\"summary_large_image\" \/>\n<meta name=\"twitter:label1\" content=\"Tiempo de lectura\" \/>\n\t<meta name=\"twitter:data1\" content=\"1 minuto\" \/>\n<script type=\"application\/ld+json\" class=\"yoast-schema-graph\">{\"@context\":\"https:\\\/\\\/schema.org\",\"@graph\":[{\"@type\":\"WebPage\",\"@id\":\"https:\\\/\\\/biketur.cl\\\/shop\\\/producto\\\/luz-foco-para-bicicleta-foss-usb-300-lumenes-con-fotocelda-y-bocina\\\/\",\"url\":\"https:\\\/\\\/biketur.cl\\\/shop\\\/producto\\\/luz-foco-para-bicicleta-foss-usb-300-lumenes-con-fotocelda-y-bocina\\\/\",\"name\":\"Luz Foco para Bicicleta FOSS USB 300 l\u00famenes con fotocelda y bocina - Tienda de Bicicletas\",\"isPartOf\":{\"@id\":\"https:\\\/\\\/biketur.cl\\\/shop\\\/#website\"},\"primaryImageOfPage\":{\"@id\":\"https:\\\/\\\/biketur.cl\\\/shop\\\/producto\\\/luz-foco-para-bicicleta-foss-usb-300-lumenes-con-fotocelda-y-bocina\\\/#primaryimage\"},\"image\":{\"@id\":\"https:\\\/\\\/biketur.cl\\\/shop\\\/producto\\\/luz-foco-para-bicicleta-foss-usb-300-lumenes-con-fotocelda-y-bocina\\\/#primaryimage\"},\"thumbnailUrl\":\"https:\\\/\\\/biketur.cl\\\/shop\\\/wp-content\\\/uploads\\\/2025\\\/10\\\/foco-luz-bicicleta.jpg\",\"datePublished\":\"2025-10-23T13:56:25+00:00\",\"dateModified\":\"2025-10-23T13:58:06+00:00\",\"breadcrumb\":{\"@id\":\"https:\\\/\\\/biketur.cl\\\/shop\\\/producto\\\/luz-foco-para-bicicleta-foss-usb-300-lumenes-con-fotocelda-y-bocina\\\/#breadcrumb\"},\"inLanguage\":\"es\",\"potentialAction\":[{\"@type\":\"ReadAction\",\"target\":[\"https:\\\/\\\/biketur.cl\\\/shop\\\/producto\\\/luz-foco-para-bicicleta-foss-usb-300-lumenes-con-fotocelda-y-bocina\\\/\"]}]},{\"@type\":\"ImageObject\",\"inLanguage\":\"es\",\"@id\":\"https:\\\/\\\/biketur.cl\\\/shop\\\/producto\\\/luz-foco-para-bicicleta-foss-usb-300-lumenes-con-fotocelda-y-bocina\\\/#primaryimage\",\"url\":\"https:\\\/\\\/biketur.cl\\\/shop\\\/wp-content\\\/uploads\\\/2025\\\/10\\\/foco-luz-bicicleta.jpg\",\"contentUrl\":\"https:\\\/\\\/biketur.cl\\\/shop\\\/wp-content\\\/uploads\\\/2025\\\/10\\\/foco-luz-bicicleta.jpg\",\"width\":600,\"height\":450},{\"@type\":\"BreadcrumbList\",\"@id\":\"https:\\\/\\\/biketur.cl\\\/shop\\\/producto\\\/luz-foco-para-bicicleta-foss-usb-300-lumenes-con-fotocelda-y-bocina\\\/#breadcrumb\",\"itemListElement\":[{\"@type\":\"ListItem\",\"position\":1,\"name\":\"Portada\",\"item\":\"https:\\\/\\\/biketur.cl\\\/shop\\\/\"},{\"@type\":\"ListItem\",\"position\":2,\"name\":\"Tienda\",\"item\":\"https:\\\/\\\/biketur.cl\\\/shop\\\/tienda\\\/\"},{\"@type\":\"ListItem\",\"position\":3,\"name\":\"Luz Foco para Bicicleta FOSS USB 300 l\u00famenes con fotocelda y bocina\"}]},{\"@type\":\"WebSite\",\"@id\":\"https:\\\/\\\/biketur.cl\\\/shop\\\/#website\",\"url\":\"https:\\\/\\\/biketur.cl\\\/shop\\\/\",\"name\":\"Tienda de Bicicletas\",\"description\":\"| Monta\u00f1a - Ruta - Urbanas |\",\"publisher\":{\"@id\":\"https:\\\/\\\/biketur.cl\\\/shop\\\/#organization\"},\"potentialAction\":[{\"@type\":\"SearchAction\",\"target\":{\"@type\":\"EntryPoint\",\"urlTemplate\":\"https:\\\/\\\/biketur.cl\\\/shop\\\/?s={search_term_string}\"},\"query-input\":{\"@type\":\"PropertyValueSpecification\",\"valueRequired\":true,\"valueName\":\"search_term_string\"}}],\"inLanguage\":\"es\"},{\"@type\":\"Organization\",\"@id\":\"https:\\\/\\\/biketur.cl\\\/shop\\\/#organization\",\"name\":\"Tienda de Bicicletas\",\"url\":\"https:\\\/\\\/biketur.cl\\\/shop\\\/\",\"logo\":{\"@type\":\"ImageObject\",\"inLanguage\":\"es\",\"@id\":\"https:\\\/\\\/biketur.cl\\\/shop\\\/#\\\/schema\\\/logo\\\/image\\\/\",\"url\":\"https:\\\/\\\/biketur.cl\\\/shop\\\/wp-content\\\/uploads\\\/2021\\\/05\\\/cropped-logo-web-Biketur-shop.png\",\"contentUrl\":\"https:\\\/\\\/biketur.cl\\\/shop\\\/wp-content\\\/uploads\\\/2021\\\/05\\\/cropped-logo-web-Biketur-shop.png\",\"width\":500,\"height\":270,\"caption\":\"Tienda de Bicicletas\"},\"image\":{\"@id\":\"https:\\\/\\\/biketur.cl\\\/shop\\\/#\\\/schema\\\/logo\\\/image\\\/\"}}]}<\/script>\n<!-- \/ Yoast SEO plugin. -->","yoast_head_json":{"title":"Luz Foco para Bicicleta FOSS USB 300 l\u00famenes con fotocelda y bocina - Tienda de Bicicletas","robots":{"index":"index","follow":"follow","max-snippet":"max-snippet:-1","max-image-preview":"max-image-preview:large","max-video-preview":"max-video-preview:-1"},"canonical":"https:\/\/biketur.cl\/shop\/producto\/luz-foco-para-bicicleta-foss-usb-300-lumenes-con-fotocelda-y-bocina\/","og_locale":"es_ES","og_type":"article","og_title":"Luz Foco para Bicicleta FOSS USB 300 l\u00famenes con fotocelda y bocina - Tienda de Bicicletas","og_description":"El foco FOSS USB de 300 l\u00famenes combina potencia, tecnolog\u00eda y seguridad en un solo accesorio. Cuenta con fotocelda autom\u00e1tica, bocina integrada con sonidos variados y control desde el manubrio, para ofrecer una experiencia pr\u00e1ctica y segura en todo tipo de recorridos. Caracter\u00edsticas t\u00e9cnicas   Marca: FOSS  Potencia: 300 l\u00famenes  Funciones de luz: 3 modos (alta, media, intermitente)  Fotocelda autom\u00e1tica: ajusta la intensidad seg\u00fan la luz ambiental  Bocina integrada: varios sonidos seleccionables  Mando remoto: control de luz y bocina desde el manubrio  Carga: v\u00eda USB, r\u00e1pida y sin pilas  Instalaci\u00f3n: sencilla y firme, compatible con la mayor\u00eda de bicicletas  Material: carcasa resistente y ligera, ideal para uso urbano o deportivo  Beneficios   Mayor visibilidad nocturna y diurna gracias a sus 300 l\u00famenes de potencia.  Seguridad adicional con bocina integrada y mando al manubrio.  Eficiencia energ\u00e9tica con fotocelda inteligente y bater\u00eda recargable.  Dise\u00f1o moderno, resistente al agua y f\u00e1cil de instalar.  Perfecto para ciclistas que buscan un foco vers\u00e1til, potente y funcional, con todo lo necesario para moverse con seguridad y comodidad en la ciudad o la ruta.","og_url":"https:\/\/biketur.cl\/shop\/producto\/luz-foco-para-bicicleta-foss-usb-300-lumenes-con-fotocelda-y-bocina\/","og_site_name":"Tienda de Bicicletas","article_modified_time":"2025-10-23T13:58:06+00:00","og_image":[{"width":600,"height":450,"url":"https:\/\/biketur.cl\/shop\/wp-content\/uploads\/2025\/10\/foco-luz-bicicleta.jpg","type":"image\/jpeg"}],"twitter_card":"summary_large_image","twitter_misc":{"Tiempo de lectura":"1 minuto"},"schema":{"@context":"https:\/\/schema.org","@graph":[{"@type":"WebPage","@id":"https:\/\/biketur.cl\/shop\/producto\/luz-foco-para-bicicleta-foss-usb-300-lumenes-con-fotocelda-y-bocina\/","url":"https:\/\/biketur.cl\/shop\/producto\/luz-foco-para-bicicleta-foss-usb-300-lumenes-con-fotocelda-y-bocina\/","name":"Luz Foco para Bicicleta FOSS USB 300 l\u00famenes con fotocelda y bocina - Tienda de Bicicletas","isPartOf":{"@id":"https:\/\/biketur.cl\/shop\/#website"},"primaryImageOfPage":{"@id":"https:\/\/biketur.cl\/shop\/producto\/luz-foco-para-bicicleta-foss-usb-300-lumenes-con-fotocelda-y-bocina\/#primaryimage"},"image":{"@id":"https:\/\/biketur.cl\/shop\/producto\/luz-foco-para-bicicleta-foss-usb-300-lumenes-con-fotocelda-y-bocina\/#primaryimage"},"thumbnailUrl":"https:\/\/biketur.cl\/shop\/wp-content\/uploads\/2025\/10\/foco-luz-bicicleta.jpg","datePublished":"2025-10-23T13:56:25+00:00","dateModified":"2025-10-23T13:58:06+00:00","breadcrumb":{"@id":"https:\/\/biketur.cl\/shop\/producto\/luz-foco-para-bicicleta-foss-usb-300-lumenes-con-fotocelda-y-bocina\/#breadcrumb"},"inLanguage":"es","potentialAction":[{"@type":"ReadAction","target":["https:\/\/biketur.cl\/shop\/producto\/luz-foco-para-bicicleta-foss-usb-300-lumenes-con-fotocelda-y-bocina\/"]}]},{"@type":"ImageObject","inLanguage":"es","@id":"https:\/\/biketur.cl\/shop\/producto\/luz-foco-para-bicicleta-foss-usb-300-lumenes-con-fotocelda-y-bocina\/#primaryimage","url":"https:\/\/biketur.cl\/shop\/wp-content\/uploads\/2025\/10\/foco-luz-bicicleta.jpg","contentUrl":"https:\/\/biketur.cl\/shop\/wp-content\/uploads\/2025\/10\/foco-luz-bicicleta.jpg","width":600,"height":450},{"@type":"BreadcrumbList","@id":"https:\/\/biketur.cl\/shop\/producto\/luz-foco-para-bicicleta-foss-usb-300-lumenes-con-fotocelda-y-bocina\/#breadcrumb","itemListElement":[{"@type":"ListItem","position":1,"name":"Portada","item":"https:\/\/biketur.cl\/shop\/"},{"@type":"ListItem","position":2,"name":"Tienda","item":"https:\/\/biketur.cl\/shop\/tienda\/"},{"@type":"ListItem","position":3,"name":"Luz Foco para Bicicleta FOSS USB 300 l\u00famenes con fotocelda y bocina"}]},{"@type":"WebSite","@id":"https:\/\/biketur.cl\/shop\/#website","url":"https:\/\/biketur.cl\/shop\/","name":"Tienda de Bicicletas","description":"| Monta\u00f1a - Ruta - Urbanas |","publisher":{"@id":"https:\/\/biketur.cl\/shop\/#organization"},"potentialAction":[{"@type":"SearchAction","target":{"@type":"EntryPoint","urlTemplate":"https:\/\/biketur.cl\/shop\/?s={search_term_string}"},"query-input":{"@type":"PropertyValueSpecification","valueRequired":true,"valueName":"search_term_string"}}],"inLanguage":"es"},{"@type":"Organization","@id":"https:\/\/biketur.cl\/shop\/#organization","name":"Tienda de Bicicletas","url":"https:\/\/biketur.cl\/shop\/","logo":{"@type":"ImageObject","inLanguage":"es","@id":"https:\/\/biketur.cl\/shop\/#\/schema\/logo\/image\/","url":"https:\/\/biketur.cl\/shop\/wp-content\/uploads\/2021\/05\/cropped-logo-web-Biketur-shop.png","contentUrl":"https:\/\/biketur.cl\/shop\/wp-content\/uploads\/2021\/05\/cropped-logo-web-Biketur-shop.png","width":500,"height":270,"caption":"Tienda de Bicicletas"},"image":{"@id":"https:\/\/biketur.cl\/shop\/#\/schema\/logo\/image\/"}}]}},"brands":[],"_links":{"self":[{"href":"https:\/\/biketur.cl\/shop\/wp-json\/wp\/v2\/product\/7263","targetHints":{"allow":["GET"]}}],"collection":[{"href":"https:\/\/biketur.cl\/shop\/wp-json\/wp\/v2\/product"}],"about":[{"href":"https:\/\/biketur.cl\/shop\/wp-json\/wp\/v2\/types\/product"}],"replies":[{"embeddable":true,"href":"https:\/\/biketur.cl\/shop\/wp-json\/wp\/v2\/comments?post=7263"}],"wp:featuredmedia":[{"embeddable":true,"href":"https:\/\/biketur.cl\/shop\/wp-json\/wp\/v2\/media\/7265"}],"wp:attachment":[{"href":"https:\/\/biketur.cl\/shop\/wp-json\/wp\/v2\/media?parent=7263"}],"wp:term":[{"taxonomy":"pwb-brand","embeddable":true,"href":"https:\/\/biketur.cl\/shop\/wp-json\/wp\/v2\/pwb-brand?post=7263"},{"taxonomy":"product_brand","embeddable":true,"href":"https:\/\/biketur.cl\/shop\/wp-json\/wp\/v2\/product_brand?post=7263"},{"taxonomy":"product_cat","embeddable":true,"href":"https:\/\/biketur.cl\/shop\/wp-json\/wp\/v2\/product_cat?post=7263"},{"taxonomy":"product_tag","embeddable":true,"href":"https:\/\/biketur.cl\/shop\/wp-json\/wp\/v2\/product_tag?post=7263"}],"curies":[{"name":"wp","href":"https:\/\/api.w.org\/{rel}","templated":true}]}}